




{"id":77906,"date":"2024-10-22T18:11:51","date_gmt":"2024-10-22T18:11:51","guid":{"rendered":"https:\/\/hotelrunner.com\/?page_id=77906"},"modified":"2026-04-10T10:38:33","modified_gmt":"2026-04-10T07:38:33","slug":"acerca-de","status":"publish","type":"page","link":"https:\/\/hotelrunner.com\/es\/acerca-de\/","title":{"rendered":"Acerca de"},"content":{"rendered":"\t\t<div data-elementor-type=\"wp-page\" data-elementor-id=\"77906\" class=\"elementor elementor-77906 elementor-77859\" data-elementor-post-type=\"page\">\n\t\t\t\t\t\t<section class=\"elementor-section elementor-top-section elementor-element elementor-element-744b9f3 elementor-section-content-middle elementor-section-boxed elementor-section-height-default elementor-section-height-default\" data-id=\"744b9f3\" data-element_type=\"section\" data-e-type=\"section\">\n\t\t\t\t\t\t<div class=\"elementor-container elementor-column-gap-default\">\n\t\t\t\t\t<div class=\"elementor-column elementor-col-50 elementor-top-column elementor-element elementor-element-3dcfd67\" data-id=\"3dcfd67\" data-element_type=\"column\" data-e-type=\"column\">\n\t\t\t<div class=\"elementor-widget-wrap elementor-element-populated\">\n\t\t\t\t\t\t<div class=\"elementor-element elementor-element-432f288 elementor-widget elementor-widget-heading\" data-id=\"432f288\" data-element_type=\"widget\" data-e-type=\"widget\" data-widget_type=\"heading.default\">\n\t\t\t\t<div class=\"elementor-widget-container\">\n\t\t\t\t\t<h1 class=\"elementor-heading-title elementor-size-default\">Nuestra historia<\/h1>\t\t\t\t<\/div>\n\t\t\t\t<\/div>\n\t\t\t\t<div class=\"elementor-element elementor-element-a2c7821 elementor-widget elementor-widget-text-editor\" data-id=\"a2c7821\" data-element_type=\"widget\" data-e-type=\"widget\" data-widget_type=\"text-editor.default\">\n\t\t\t\t<div class=\"elementor-widget-container\">\n\t\t\t\t\t\t\t\t\t<p>HotelRunner fue fundada en el a\u00f1o 2011 por dos colegas y antiguos directivos de IBM. Durante sus interminables viajes de negocios, y proyectos empresariales, se dieron cuenta de que exist\u00eda una clara necesidad y un vac\u00edo en el sector. La mayor\u00eda de los alojamientos del mundo eran tradicionales y el mercado de la tecnolog\u00eda de viajes estaba incre\u00edblemente fragmentado. De este modo se forj\u00f3 la visi\u00f3n de HotelRunner que ha perdurado hasta nuestros d\u00edas: unir al sector encargado de los viajes y crear una mayor econom\u00eda al respecto.<\/p><p>El viaje que comenz\u00f3 en un peque\u00f1o piso con un equipo b\u00e1sico se ha convertido ahora en una reconocida historia de \u00e9xito con m\u00e1s de 100 miembros en 5 ciudades y 3 pa\u00edses. Hemos sido reconocidos como Socio de Conectividad Premier de Booking.com, Socio Preferido de Conectividad de Expedia, Socio Preferido de Software de Airbnb, Socio Estrat\u00e9gico de Agoda, Socio Estrat\u00e9gico de Oracle, Hotelbeds, trivago y Google Hotel Ads. En la actualidad, trabajamos con m\u00e1s de 64.000 alojamientos asociados de todo tipo y m\u00e1s de 150 agencias de viajes y socios del sector de la hosteler\u00eda de 100+ pa\u00edses y revolucionamos las tecnolog\u00edas de viajes.<\/p>\t\t\t\t\t\t\t\t<\/div>\n\t\t\t\t<\/div>\n\t\t\t\t\t<\/div>\n\t\t<\/div>\n\t\t\t\t<div class=\"elementor-column elementor-col-50 elementor-top-column elementor-element elementor-element-6bd1215\" data-id=\"6bd1215\" data-element_type=\"column\" data-e-type=\"column\">\n\t\t\t<div class=\"elementor-widget-wrap elementor-element-populated\">\n\t\t\t\t\t\t<div class=\"elementor-element elementor-element-d585dbb elementor-widget elementor-widget-image\" data-id=\"d585dbb\" data-element_type=\"widget\" data-e-type=\"widget\" data-widget_type=\"image.default\">\n\t\t\t\t<div class=\"elementor-widget-container\">\n\t\t\t\t\t\t\t\t\t\t\t\t\t\t\t<img fetchpriority=\"high\" decoding=\"async\" width=\"1880\" height=\"1256\" src=\"https:\/\/hotelrunner.com\/wp-content\/uploads\/2024\/10\/1-3-1.webp\" class=\"attachment-full size-full wp-image-76882\" alt=\"\" srcset=\"https:\/\/hotelrunner.com\/wp-content\/uploads\/2024\/10\/1-3-1.webp 1880w, https:\/\/hotelrunner.com\/wp-content\/uploads\/2024\/10\/1-3-1-545x364.webp 545w\" sizes=\"(max-width: 1880px) 100vw, 1880px\">\t\t\t\t\t\t\t\t\t\t\t\t\t\t\t<\/div>\n\t\t\t\t<\/div>\n\t\t\t\t\t<\/div>\n\t\t<\/div>\n\t\t\t\t\t<\/div>\n\t\t<\/section>\n\t\t\t\t<section class=\"elementor-section elementor-top-section elementor-element elementor-element-365ef43 elementor-section-content-middle elementor-reverse-mobile elementor-section-boxed elementor-section-height-default elementor-section-height-default\" data-id=\"365ef43\" data-element_type=\"section\" data-e-type=\"section\">\n\t\t\t\t\t\t<div class=\"elementor-container elementor-column-gap-default\">\n\t\t\t\t\t<div class=\"elementor-column elementor-col-50 elementor-top-column elementor-element elementor-element-177c8fa\" data-id=\"177c8fa\" data-element_type=\"column\" data-e-type=\"column\">\n\t\t\t<div class=\"elementor-widget-wrap elementor-element-populated\">\n\t\t\t\t\t\t<div class=\"elementor-element elementor-element-1ab5074 elementor-widget elementor-widget-image\" data-id=\"1ab5074\" data-element_type=\"widget\" data-e-type=\"widget\" data-widget_type=\"image.default\">\n\t\t\t\t<div class=\"elementor-widget-container\">\n\t\t\t\t\t\t\t\t\t\t\t\t\t\t\t<img decoding=\"async\" width=\"2534\" height=\"1736\" src=\"https:\/\/hotelrunner.com\/wp-content\/uploads\/2024\/10\/about_us.webp\" class=\"attachment-full size-full wp-image-77998\" alt=\"\" srcset=\"https:\/\/hotelrunner.com\/wp-content\/uploads\/2024\/10\/about_us.webp 2534w, https:\/\/hotelrunner.com\/wp-content\/uploads\/2024\/10\/about_us-531x364.webp 531w\" sizes=\"(max-width: 2534px) 100vw, 2534px\">\t\t\t\t\t\t\t\t\t\t\t\t\t\t\t<\/div>\n\t\t\t\t<\/div>\n\t\t\t\t\t<\/div>\n\t\t<\/div>\n\t\t\t\t<div class=\"elementor-column elementor-col-50 elementor-top-column elementor-element elementor-element-b50071b\" data-id=\"b50071b\" data-element_type=\"column\" data-e-type=\"column\">\n\t\t\t<div class=\"elementor-widget-wrap elementor-element-populated\">\n\t\t\t\t\t\t<div class=\"elementor-element elementor-element-6b89950 elementor-widget elementor-widget-heading\" data-id=\"6b89950\" data-element_type=\"widget\" data-e-type=\"widget\" data-widget_type=\"heading.default\">\n\t\t\t\t<div class=\"elementor-widget-container\">\n\t\t\t\t\t<h2 class=\"elementor-heading-title elementor-size-default\">A qu\u00e9 nos dedicamos<\/h2>\t\t\t\t<\/div>\n\t\t\t\t<\/div>\n\t\t\t\t<div class=\"elementor-element elementor-element-a99f735 elementor-widget elementor-widget-text-editor\" data-id=\"a99f735\" data-element_type=\"widget\" data-e-type=\"widget\" data-widget_type=\"text-editor.default\">\n\t\t\t\t<div class=\"elementor-widget-container\">\n\t\t\t\t\t\t\t\t\tHotelRunner respalda el sector de la hosteler\u00eda a nivel mundial con su plataforma SaaS de gesti\u00f3n unificada de ventas, operaciones y distribuci\u00f3n, sus soluciones basadas en IA y su red de mercado mundial.\n\nOfrecemos un amplio espectro de productos y servicios dirigidos a todo tipo de propiedades, ya sean hoteles resort, propiedades independientes o alquileres vacacionales. Ayudamos a nuestros socios a realizar operaciones digitales a gran escala y a aumentar sus \u00edndices de ocupaci\u00f3n y rentabilidad, minimizando al mismo tiempo el trabajo manual y ahorr\u00e1ndoles el esfuerzo y el tiempo necesarios para ocuparse de su negocio y sus hu\u00e9spedes.\n<\/br><\/br>\nNuestra red B2B permite a nuestros socios encontrar, conectar y realizar transacciones en l\u00ednea a gran escala, procesando m\u00e1s de 35 millones de transacciones diarias entre propiedades, agencias de viajes, viajeros y pasarelas de pago. Nuestra tecnolog\u00eda ofrece a los actores del sector de la hosteler\u00eda un conjunto completo de herramientas para transformar digitalmente su negocio, haci\u00e9ndolo m\u00e1s eficiente, m\u00e1s visible y m\u00e1s rentable.\t\t\t\t\t\t\t\t<\/div>\n\t\t\t\t<\/div>\n\t\t\t\t\t<\/div>\n\t\t<\/div>\n\t\t\t\t\t<\/div>\n\t\t<\/section>\n\t\t\t\t<section class=\"elementor-section elementor-top-section elementor-element elementor-element-950b003 elementor-section-content-middle elementor-section-boxed elementor-section-height-default elementor-section-height-default\" data-id=\"950b003\" data-element_type=\"section\" data-e-type=\"section\">\n\t\t\t\t\t\t<div class=\"elementor-container elementor-column-gap-default\">\n\t\t\t\t\t<div class=\"elementor-column elementor-col-33 elementor-top-column elementor-element elementor-element-4e83ca9\" data-id=\"4e83ca9\" data-element_type=\"column\" data-e-type=\"column\">\n\t\t\t<div class=\"elementor-widget-wrap elementor-element-populated\">\n\t\t\t\t\t\t<div class=\"elementor-element elementor-element-7a1df54 elementor-widget elementor-widget-heading\" data-id=\"7a1df54\" data-element_type=\"widget\" data-e-type=\"widget\" data-widget_type=\"heading.default\">\n\t\t\t\t<div class=\"elementor-widget-container\">\n\t\t\t\t\t<h2 class=\"elementor-heading-title elementor-size-default\">Conozca a nuestros fundadores<\/h2>\t\t\t\t<\/div>\n\t\t\t\t<\/div>\n\t\t\t\t<div class=\"elementor-element elementor-element-2f753c3 elementor-widget elementor-widget-text-editor\" data-id=\"2f753c3\" data-element_type=\"widget\" data-e-type=\"widget\" data-widget_type=\"text-editor.default\">\n\t\t\t\t<div class=\"elementor-widget-container\">\n\t\t\t\t\t\t\t\t\tHotelRunner cuenta con un experimentado equipo de directivos, profesionales del sector y emprendedores\t\t\t\t\t\t\t\t<\/div>\n\t\t\t\t<\/div>\n\t\t\t\t\t<\/div>\n\t\t<\/div>\n\t\t\t\t<div class=\"elementor-column elementor-col-33 elementor-top-column elementor-element elementor-element-78ff237\" data-id=\"78ff237\" data-element_type=\"column\" data-e-type=\"column\" data-settings=\"{&quot;background_background&quot;:&quot;classic&quot;}\">\n\t\t\t<div class=\"elementor-widget-wrap elementor-element-populated\">\n\t\t\t\t\t<div class=\"elementor-background-overlay\"><\/div>\n\t\t\t\t\t\t<div class=\"elementor-element elementor-element-9921365 elementor-widget elementor-widget-heading\" data-id=\"9921365\" data-element_type=\"widget\" data-e-type=\"widget\" data-widget_type=\"heading.default\">\n\t\t\t\t<div class=\"elementor-widget-container\">\n\t\t\t\t\t<h4 class=\"elementor-heading-title elementor-size-default\"><a href=\"https:\/\/uk.linkedin.com\/in\/ardenagopyan\" rel=\"nofollow noopener\" target=\"_blank\">Arden Agopyan<\/a><\/h4>\t\t\t\t<\/div>\n\t\t\t\t<\/div>\n\t\t\t\t<div class=\"elementor-element elementor-element-fe0179d elementor-shape-square e-grid-align-left elementor-grid-0 elementor-widget elementor-widget-social-icons\" data-id=\"fe0179d\" data-element_type=\"widget\" data-e-type=\"widget\" data-widget_type=\"social-icons.default\">\n\t\t\t\t<div class=\"elementor-widget-container\">\n\t\t\t\t\t\t\t<div class=\"elementor-social-icons-wrapper elementor-grid\">\n\t\t\t\t\t\t\t<span class=\"elementor-grid-item\">\n\t\t\t\t\t<a class=\"elementor-icon elementor-social-icon elementor-social-icon-linkedin elementor-repeater-item-40b13e9\" href=\"https:\/\/uk.linkedin.com\/in\/ardenagopyan\" target=\"_blank\" rel=\"nofollow noopener\">\n\t\t\t\t\t\t<span class=\"elementor-screen-only\">Linkedin<\/span>\n\t\t\t\t\t\t<svg aria-hidden=\"true\" class=\"e-font-icon-svg e-fab-linkedin\" viewBox=\"0 0 448 512\" xmlns=\"http:\/\/www.w3.org\/2000\/svg\"><path d=\"M416 32H31.9C14.3 32 0 46.5 0 64.3v383.4C0 465.5 14.3 480 31.9 480H416c17.6 0 32-14.5 32-32.3V64.3c0-17.8-14.4-32.3-32-32.3zM135.4 416H69V202.2h66.5V416zm-33.2-243c-21.3 0-38.5-17.3-38.5-38.5S80.9 96 102.2 96c21.2 0 38.5 17.3 38.5 38.5 0 21.3-17.2 38.5-38.5 38.5zm282.1 243h-66.4V312c0-24.8-.5-56.7-34.5-56.7-34.6 0-39.9 27-39.9 54.9V416h-66.4V202.2h63.7v29.2h.9c8.9-16.8 30.6-34.5 62.9-34.5 67.2 0 79.7 44.3 79.7 101.9V416z\"><\/path><\/svg>\t\t\t\t\t<\/a>\n\t\t\t\t<\/span>\n\t\t\t\t\t<\/div>\n\t\t\t\t\t\t<\/div>\n\t\t\t\t<\/div>\n\t\t\t\t\t<\/div>\n\t\t<\/div>\n\t\t\t\t<div class=\"elementor-column elementor-col-33 elementor-top-column elementor-element elementor-element-14fd0b6\" data-id=\"14fd0b6\" data-element_type=\"column\" data-e-type=\"column\" data-settings=\"{&quot;background_background&quot;:&quot;classic&quot;}\">\n\t\t\t<div class=\"elementor-widget-wrap elementor-element-populated\">\n\t\t\t\t\t<div class=\"elementor-background-overlay\"><\/div>\n\t\t\t\t\t\t<div class=\"elementor-element elementor-element-71c6d94 elementor-widget elementor-widget-heading\" data-id=\"71c6d94\" data-element_type=\"widget\" data-e-type=\"widget\" data-widget_type=\"heading.default\">\n\t\t\t\t<div class=\"elementor-widget-container\">\n\t\t\t\t\t<h4 class=\"elementor-heading-title elementor-size-default\"><a href=\"https:\/\/www.linkedin.com\/in\/alibeklen\" rel=\"nofollow noopener\" target=\"_blank\">Ali Beklen<\/a><\/h4>\t\t\t\t<\/div>\n\t\t\t\t<\/div>\n\t\t\t\t<div class=\"elementor-element elementor-element-bc1639b elementor-shape-square e-grid-align-left elementor-grid-0 elementor-widget elementor-widget-social-icons\" data-id=\"bc1639b\" data-element_type=\"widget\" data-e-type=\"widget\" data-widget_type=\"social-icons.default\">\n\t\t\t\t<div class=\"elementor-widget-container\">\n\t\t\t\t\t\t\t<div class=\"elementor-social-icons-wrapper elementor-grid\">\n\t\t\t\t\t\t\t<span class=\"elementor-grid-item\">\n\t\t\t\t\t<a class=\"elementor-icon elementor-social-icon elementor-social-icon-linkedin elementor-repeater-item-40b13e9\" href=\"https:\/\/www.linkedin.com\/in\/alibeklen\" target=\"_blank\" rel=\"nofollow noopener\">\n\t\t\t\t\t\t<span class=\"elementor-screen-only\">Linkedin<\/span>\n\t\t\t\t\t\t<svg aria-hidden=\"true\" class=\"e-font-icon-svg e-fab-linkedin\" viewBox=\"0 0 448 512\" xmlns=\"http:\/\/www.w3.org\/2000\/svg\"><path d=\"M416 32H31.9C14.3 32 0 46.5 0 64.3v383.4C0 465.5 14.3 480 31.9 480H416c17.6 0 32-14.5 32-32.3V64.3c0-17.8-14.4-32.3-32-32.3zM135.4 416H69V202.2h66.5V416zm-33.2-243c-21.3 0-38.5-17.3-38.5-38.5S80.9 96 102.2 96c21.2 0 38.5 17.3 38.5 38.5 0 21.3-17.2 38.5-38.5 38.5zm282.1 243h-66.4V312c0-24.8-.5-56.7-34.5-56.7-34.6 0-39.9 27-39.9 54.9V416h-66.4V202.2h63.7v29.2h.9c8.9-16.8 30.6-34.5 62.9-34.5 67.2 0 79.7 44.3 79.7 101.9V416z\"><\/path><\/svg>\t\t\t\t\t<\/a>\n\t\t\t\t<\/span>\n\t\t\t\t\t<\/div>\n\t\t\t\t\t\t<\/div>\n\t\t\t\t<\/div>\n\t\t\t\t\t<\/div>\n\t\t<\/div>\n\t\t\t\t\t<\/div>\n\t\t<\/section>\n\t\t\t\t<section class=\"elementor-section elementor-top-section elementor-element elementor-element-52f7eb5 elementor-section-boxed elementor-section-height-default elementor-section-height-default\" data-id=\"52f7eb5\" data-element_type=\"section\" data-e-type=\"section\">\n\t\t\t\t\t\t<div class=\"elementor-container elementor-column-gap-default\">\n\t\t\t\t\t<div class=\"elementor-column elementor-col-100 elementor-top-column elementor-element elementor-element-662ed30\" data-id=\"662ed30\" data-element_type=\"column\" data-e-type=\"column\">\n\t\t\t<div class=\"elementor-widget-wrap elementor-element-populated\">\n\t\t\t\t\t\t<div class=\"elementor-element elementor-element-181d371 elementor-widget elementor-widget-heading\" data-id=\"181d371\" data-element_type=\"widget\" data-e-type=\"widget\" data-widget_type=\"heading.default\">\n\t\t\t\t<div class=\"elementor-widget-container\">\n\t\t\t\t\t<h3 class=\"elementor-heading-title elementor-size-default\">Encu\u00e9ntrenos en<\/h3>\t\t\t\t<\/div>\n\t\t\t\t<\/div>\n\t\t\t\t\t<\/div>\n\t\t<\/div>\n\t\t\t\t\t<\/div>\n\t\t<\/section>\n\t\t\t\t<section class=\"elementor-section elementor-top-section elementor-element elementor-element-12dd5a1 elementor-section-boxed elementor-section-height-default elementor-section-height-default\" data-id=\"12dd5a1\" data-element_type=\"section\" data-e-type=\"section\">\n\t\t\t\t\t\t<div class=\"elementor-container elementor-column-gap-default\">\n\t\t\t\t\t<div class=\"elementor-column elementor-col-33 elementor-top-column elementor-element elementor-element-ef47d50\" data-id=\"ef47d50\" data-element_type=\"column\" data-e-type=\"column\">\n\t\t\t<div class=\"elementor-widget-wrap elementor-element-populated\">\n\t\t\t\t\t\t<div class=\"elementor-element elementor-element-5cc54a4 elementor-widget elementor-widget-image\" data-id=\"5cc54a4\" data-element_type=\"widget\" data-e-type=\"widget\" data-widget_type=\"image.default\">\n\t\t\t\t<div class=\"elementor-widget-container\">\n\t\t\t\t\t\t\t\t\t\t\t\t\t\t\t\t<a href=\"https:\/\/www.linkedin.com\/company\/hotelrunner\/\" rel=\"nofollow noopener\" target=\"_blank\">\n\t\t\t\t\t\t\t<img decoding=\"async\" width=\"1000\" height=\"500\" src=\"https:\/\/hotelrunner.com\/wp-content\/uploads\/2024\/10\/LinkedIn-logo-about-us.webp\" class=\"attachment-full size-full wp-image-78103\" alt=\"\" srcset=\"https:\/\/hotelrunner.com\/wp-content\/uploads\/2024\/10\/LinkedIn-logo-about-us.webp 1000w, https:\/\/hotelrunner.com\/wp-content\/uploads\/2024\/10\/LinkedIn-logo-about-us-728x364.webp 728w\" sizes=\"(max-width: 1000px) 100vw, 1000px\">\t\t\t\t\t\t\t\t<\/a>\n\t\t\t\t\t\t\t\t\t\t\t\t\t\t\t<\/div>\n\t\t\t\t<\/div>\n\t\t\t\t\t<\/div>\n\t\t<\/div>\n\t\t\t\t<div class=\"elementor-column elementor-col-33 elementor-top-column elementor-element elementor-element-03e4a0f\" data-id=\"03e4a0f\" data-element_type=\"column\" data-e-type=\"column\">\n\t\t\t<div class=\"elementor-widget-wrap elementor-element-populated\">\n\t\t\t\t\t\t<div class=\"elementor-element elementor-element-3adc6f9 elementor-widget elementor-widget-image\" data-id=\"3adc6f9\" data-element_type=\"widget\" data-e-type=\"widget\" data-widget_type=\"image.default\">\n\t\t\t\t<div class=\"elementor-widget-container\">\n\t\t\t\t\t\t\t\t\t\t\t\t\t\t\t\t<a href=\"https:\/\/angel.co\/company\/hotelrunner\" rel=\"nofollow noopener\" target=\"_blank\">\n\t\t\t\t\t\t\t<img loading=\"lazy\" decoding=\"async\" width=\"1000\" height=\"500\" src=\"https:\/\/hotelrunner.com\/wp-content\/uploads\/2024\/10\/Wellfound-logo-about-us.webp\" class=\"attachment-full size-full wp-image-78099\" alt=\"\" srcset=\"https:\/\/hotelrunner.com\/wp-content\/uploads\/2024\/10\/Wellfound-logo-about-us.webp 1000w, https:\/\/hotelrunner.com\/wp-content\/uploads\/2024\/10\/Wellfound-logo-about-us-728x364.webp 728w\" sizes=\"(max-width: 1000px) 100vw, 1000px\">\t\t\t\t\t\t\t\t<\/a>\n\t\t\t\t\t\t\t\t\t\t\t\t\t\t\t<\/div>\n\t\t\t\t<\/div>\n\t\t\t\t\t<\/div>\n\t\t<\/div>\n\t\t\t\t<div class=\"elementor-column elementor-col-33 elementor-top-column elementor-element elementor-element-baf8f46\" data-id=\"baf8f46\" data-element_type=\"column\" data-e-type=\"column\">\n\t\t\t<div class=\"elementor-widget-wrap elementor-element-populated\">\n\t\t\t\t\t\t<div class=\"elementor-element elementor-element-0835b40 elementor-widget elementor-widget-image\" data-id=\"0835b40\" data-element_type=\"widget\" data-e-type=\"widget\" data-widget_type=\"image.default\">\n\t\t\t\t<div class=\"elementor-widget-container\">\n\t\t\t\t\t\t\t\t\t\t\t\t\t\t\t\t<a href=\"https:\/\/www.crunchbase.com\/organization\/hotelrunner\" rel=\"nofollow noopener\" target=\"_blank\">\n\t\t\t\t\t\t\t<img loading=\"lazy\" decoding=\"async\" width=\"1000\" height=\"500\" src=\"https:\/\/hotelrunner.com\/wp-content\/uploads\/2024\/10\/crunchbase-logo-about-us.webp\" class=\"attachment-full size-full wp-image-78107\" alt=\"\" srcset=\"https:\/\/hotelrunner.com\/wp-content\/uploads\/2024\/10\/crunchbase-logo-about-us.webp 1000w, https:\/\/hotelrunner.com\/wp-content\/uploads\/2024\/10\/crunchbase-logo-about-us-728x364.webp 728w\" sizes=\"(max-width: 1000px) 100vw, 1000px\">\t\t\t\t\t\t\t\t<\/a>\n\t\t\t\t\t\t\t\t\t\t\t\t\t\t\t<\/div>\n\t\t\t\t<\/div>\n\t\t\t\t\t<\/div>\n\t\t<\/div>\n\t\t\t\t\t<\/div>\n\t\t<\/section>\n\t\t\t\t<\/div>\n\t\t","protected":false},"excerpt":{"rendered":"<p>Nuestra historia HotelRunner fue fundada en el a\u00f1o 2011 por dos colegas y antiguos directivos de IBM. Durante sus interminables viajes de negocios, y proyectos empresariales, se dieron cuenta de que exist\u00eda una clara necesidad y un vac\u00edo en el sector. La mayor\u00eda de los alojamientos del mundo eran tradicionales y el mercado de la [&hellip;]<\/p>\n","protected":false},"author":7,"featured_media":0,"parent":0,"menu_order":0,"comment_status":"closed","ping_status":"closed","template":"","meta":{"_acf_changed":false,"footnotes":""},"page_category":[],"page_type":[],"class_list":["post-77906","page","type-page","status-publish","hentry"],"acf":[],"_links":{"self":[{"href":"https:\/\/hotelrunner.com\/es\/wp-json\/wp\/v2\/pages\/77906","targetHints":{"allow":["GET"]}}],"collection":[{"href":"https:\/\/hotelrunner.com\/es\/wp-json\/wp\/v2\/pages"}],"about":[{"href":"https:\/\/hotelrunner.com\/es\/wp-json\/wp\/v2\/types\/page"}],"author":[{"embeddable":true,"href":"https:\/\/hotelrunner.com\/es\/wp-json\/wp\/v2\/users\/7"}],"replies":[{"embeddable":true,"href":"https:\/\/hotelrunner.com\/es\/wp-json\/wp\/v2\/comments?post=77906"}],"version-history":[{"count":3,"href":"https:\/\/hotelrunner.com\/es\/wp-json\/wp\/v2\/pages\/77906\/revisions"}],"predecessor-version":[{"id":139929,"href":"https:\/\/hotelrunner.com\/es\/wp-json\/wp\/v2\/pages\/77906\/revisions\/139929"}],"wp:attachment":[{"href":"https:\/\/hotelrunner.com\/es\/wp-json\/wp\/v2\/media?parent=77906"}],"wp:term":[{"taxonomy":"page_category","embeddable":true,"href":"https:\/\/hotelrunner.com\/es\/wp-json\/wp\/v2\/page_category?post=77906"},{"taxonomy":"page_type","embeddable":true,"href":"https:\/\/hotelrunner.com\/es\/wp-json\/wp\/v2\/page_type?post=77906"}],"curies":[{"name":"wp","href":"https:\/\/api.w.org\/{rel}","templated":true}]}}