




{"id":77911,"date":"2024-10-22T18:11:51","date_gmt":"2024-10-22T18:11:51","guid":{"rendered":"https:\/\/hotelrunner.com\/?page_id=77911"},"modified":"2026-04-10T10:38:14","modified_gmt":"2026-04-10T07:38:14","slug":"a-propos","status":"publish","type":"page","link":"https:\/\/hotelrunner.com\/fr\/a-propos\/","title":{"rendered":"\u00c0 propos"},"content":{"rendered":"\t\t<div data-elementor-type=\"wp-page\" data-elementor-id=\"77911\" class=\"elementor elementor-77911 elementor-77859\" data-elementor-post-type=\"page\">\n\t\t\t\t\t\t<section class=\"elementor-section elementor-top-section elementor-element elementor-element-744b9f3 elementor-section-content-middle elementor-section-boxed elementor-section-height-default elementor-section-height-default\" data-id=\"744b9f3\" data-element_type=\"section\" data-e-type=\"section\">\n\t\t\t\t\t\t<div class=\"elementor-container elementor-column-gap-default\">\n\t\t\t\t\t<div class=\"elementor-column elementor-col-50 elementor-top-column elementor-element elementor-element-3dcfd67\" data-id=\"3dcfd67\" data-element_type=\"column\" data-e-type=\"column\">\n\t\t\t<div class=\"elementor-widget-wrap elementor-element-populated\">\n\t\t\t\t\t\t<div class=\"elementor-element elementor-element-432f288 elementor-widget elementor-widget-heading\" data-id=\"432f288\" data-element_type=\"widget\" data-e-type=\"widget\" data-widget_type=\"heading.default\">\n\t\t\t\t<div class=\"elementor-widget-container\">\n\t\t\t\t\t<h1 class=\"elementor-heading-title elementor-size-default\">Notre histoire<\/h1>\t\t\t\t<\/div>\n\t\t\t\t<\/div>\n\t\t\t\t<div class=\"elementor-element elementor-element-a2c7821 elementor-widget elementor-widget-text-editor\" data-id=\"a2c7821\" data-element_type=\"widget\" data-e-type=\"widget\" data-widget_type=\"text-editor.default\">\n\t\t\t\t<div class=\"elementor-widget-container\">\n\t\t\t\t\t\t\t\t\t<p>HotelRunner a \u00e9t\u00e9 fond\u00e9 en 2011 par deux coll\u00e8gues et anciens managers d\u2019IBM. Au cours de leurs interminables voyages d\u2019affaires, et projets d\u2019entreprise, ils ont r\u00e9alis\u00e9 un certain besoin et une lacune dans l\u2019industrie. La majorit\u00e9 des h\u00e9bergements dans le monde \u00e9taient hors ligne et le march\u00e9 des technologies du voyage \u00e9tait incroyablement fragment\u00e9. C\u2019est ainsi qu\u2019est n\u00e9e la vision d\u2019HotelRunner qui a fait \u00e9cho jusqu\u2019\u00e0 ce jour : rassembler l\u2019industrie du voyage et cr\u00e9er une \u00e9conomie du voyage plus importante.<\/p><p>Le voyage qui a commenc\u00e9 dans un petit appartement avec une \u00e9quipe de base s\u2019est transform\u00e9 en une histoire \u00e0 succ\u00e8s reconnue avec plus de 100 membres d\u2019\u00e9quipe dans 5 villes et 3 pays. Nous avons \u00e9t\u00e9 reconnus comme Partenaire de Connectivit\u00e9 Premier de Booking.com, Partenaire de Connectivit\u00e9 Pr\u00e9f\u00e9r\u00e9 d&rsquo;Expedia, Partenaire Logiciel Pr\u00e9f\u00e9r\u00e9 d&rsquo;Airbnb, Partenaire Strat\u00e9gique d&rsquo;Agoda, Partenaire Strat\u00e9gique d&rsquo;Oracle, Hotelbeds, trivago et Partenaire Strat\u00e9gique de Google Hotel Ads. Aujourd\u2019hui, nous travaillons avec plus de 64.000 partenaires d\u2019h\u00e9bergement de tous types et plus de 150 agences de voyage et partenaires de l\u2019industrie h\u00f4teli\u00e8re de 100+ pays et r\u00e9volutionnons les technologies du voyage.<\/p>\t\t\t\t\t\t\t\t<\/div>\n\t\t\t\t<\/div>\n\t\t\t\t\t<\/div>\n\t\t<\/div>\n\t\t\t\t<div class=\"elementor-column elementor-col-50 elementor-top-column elementor-element elementor-element-6bd1215\" data-id=\"6bd1215\" data-element_type=\"column\" data-e-type=\"column\">\n\t\t\t<div class=\"elementor-widget-wrap elementor-element-populated\">\n\t\t\t\t\t\t<div class=\"elementor-element elementor-element-d585dbb elementor-widget elementor-widget-image\" data-id=\"d585dbb\" data-element_type=\"widget\" data-e-type=\"widget\" data-widget_type=\"image.default\">\n\t\t\t\t<div class=\"elementor-widget-container\">\n\t\t\t\t\t\t\t\t\t\t\t\t\t\t\t<img fetchpriority=\"high\" decoding=\"async\" width=\"1880\" height=\"1256\" src=\"https:\/\/hotelrunner.com\/wp-content\/uploads\/2024\/10\/1-3-1.webp\" class=\"attachment-full size-full wp-image-76884\" alt=\"\" srcset=\"https:\/\/hotelrunner.com\/wp-content\/uploads\/2024\/10\/1-3-1.webp 1880w, https:\/\/hotelrunner.com\/wp-content\/uploads\/2024\/10\/1-3-1-545x364.webp 545w\" sizes=\"(max-width: 1880px) 100vw, 1880px\">\t\t\t\t\t\t\t\t\t\t\t\t\t\t\t<\/div>\n\t\t\t\t<\/div>\n\t\t\t\t\t<\/div>\n\t\t<\/div>\n\t\t\t\t\t<\/div>\n\t\t<\/section>\n\t\t\t\t<section class=\"elementor-section elementor-top-section elementor-element elementor-element-365ef43 elementor-section-content-middle elementor-reverse-mobile elementor-section-boxed elementor-section-height-default elementor-section-height-default\" data-id=\"365ef43\" data-element_type=\"section\" data-e-type=\"section\">\n\t\t\t\t\t\t<div class=\"elementor-container elementor-column-gap-default\">\n\t\t\t\t\t<div class=\"elementor-column elementor-col-50 elementor-top-column elementor-element elementor-element-177c8fa\" data-id=\"177c8fa\" data-element_type=\"column\" data-e-type=\"column\">\n\t\t\t<div class=\"elementor-widget-wrap elementor-element-populated\">\n\t\t\t\t\t\t<div class=\"elementor-element elementor-element-1ab5074 elementor-widget elementor-widget-image\" data-id=\"1ab5074\" data-element_type=\"widget\" data-e-type=\"widget\" data-widget_type=\"image.default\">\n\t\t\t\t<div class=\"elementor-widget-container\">\n\t\t\t\t\t\t\t\t\t\t\t\t\t\t\t<img decoding=\"async\" width=\"2534\" height=\"1736\" src=\"https:\/\/hotelrunner.com\/wp-content\/uploads\/2024\/10\/about_us.webp\" class=\"attachment-full size-full wp-image-77997\" alt=\"\" srcset=\"https:\/\/hotelrunner.com\/wp-content\/uploads\/2024\/10\/about_us.webp 2534w, https:\/\/hotelrunner.com\/wp-content\/uploads\/2024\/10\/about_us-531x364.webp 531w\" sizes=\"(max-width: 2534px) 100vw, 2534px\">\t\t\t\t\t\t\t\t\t\t\t\t\t\t\t<\/div>\n\t\t\t\t<\/div>\n\t\t\t\t\t<\/div>\n\t\t<\/div>\n\t\t\t\t<div class=\"elementor-column elementor-col-50 elementor-top-column elementor-element elementor-element-b50071b\" data-id=\"b50071b\" data-element_type=\"column\" data-e-type=\"column\">\n\t\t\t<div class=\"elementor-widget-wrap elementor-element-populated\">\n\t\t\t\t\t\t<div class=\"elementor-element elementor-element-6b89950 elementor-widget elementor-widget-heading\" data-id=\"6b89950\" data-element_type=\"widget\" data-e-type=\"widget\" data-widget_type=\"heading.default\">\n\t\t\t\t<div class=\"elementor-widget-container\">\n\t\t\t\t\t<h2 class=\"elementor-heading-title elementor-size-default\">Ce que nous faisons<\/h2>\t\t\t\t<\/div>\n\t\t\t\t<\/div>\n\t\t\t\t<div class=\"elementor-element elementor-element-a99f735 elementor-widget elementor-widget-text-editor\" data-id=\"a99f735\" data-element_type=\"widget\" data-e-type=\"widget\" data-widget_type=\"text-editor.default\">\n\t\t\t\t<div class=\"elementor-widget-container\">\n\t\t\t\t\t\t\t\t\t<p>HotelRunner soutient l\u2019industrie h\u00f4teli\u00e8re mondiale gr\u00e2ce \u00e0 sa plateforme de gestion unifi\u00e9e des ventes, des op\u00e9rations et de la distribution bas\u00e9e sur le mod\u00e8le SaaS, ses solutions bas\u00e9es sur l\u2019intelligence artificielle et son r\u00e9seau commercial mondial.<br \/><br \/>Nous proposons un large \u00e9ventail de produits et de services destin\u00e9s \u00e0 tous les types de propri\u00e9t\u00e9s, qu\u2019il s\u2019agisse d\u2019h\u00f4tels de vill\u00e9giature, de propri\u00e9t\u00e9s ind\u00e9pendantes ou de locations de vacances. Nous aidons nos partenaires \u00e0 g\u00e9rer des op\u00e9rations num\u00e9riques \u00e0 grande \u00e9chelle et \u00e0 augmenter leurs taux d\u2019occupation et leur rentabilit\u00e9 tout en minimisant le travail manuel, ce qui leur permet d\u2019\u00e9conomiser les efforts et le temps n\u00e9cessaires pour s\u2019occuper de leur entreprise et de leurs clients.<br \/><br \/>Notre r\u00e9seau B2B permet \u00e0 nos partenaires de se trouver, de se connecter et d\u2019effectuer des transactions en ligne \u00e0 grande \u00e9chelle, en traitant plus de 35 millions de transactions par jour entre les propri\u00e9t\u00e9s, les agences de voyage, les voyageurs et les passerelles de paiement. Notre technologie fournit aux acteurs du secteur de l\u2019h\u00f4tellerie un ensemble complet d\u2019outils pour transformer num\u00e9riquement leur activit\u00e9 en la rendant plus efficace, plus visible et plus rentable.<\/p>\t\t\t\t\t\t\t\t<\/div>\n\t\t\t\t<\/div>\n\t\t\t\t\t<\/div>\n\t\t<\/div>\n\t\t\t\t\t<\/div>\n\t\t<\/section>\n\t\t\t\t<section class=\"elementor-section elementor-top-section elementor-element elementor-element-950b003 elementor-section-content-middle elementor-section-boxed elementor-section-height-default elementor-section-height-default\" data-id=\"950b003\" data-element_type=\"section\" data-e-type=\"section\">\n\t\t\t\t\t\t<div class=\"elementor-container elementor-column-gap-default\">\n\t\t\t\t\t<div class=\"elementor-column elementor-col-33 elementor-top-column elementor-element elementor-element-4e83ca9\" data-id=\"4e83ca9\" data-element_type=\"column\" data-e-type=\"column\">\n\t\t\t<div class=\"elementor-widget-wrap elementor-element-populated\">\n\t\t\t\t\t\t<div class=\"elementor-element elementor-element-7a1df54 elementor-widget elementor-widget-heading\" data-id=\"7a1df54\" data-element_type=\"widget\" data-e-type=\"widget\" data-widget_type=\"heading.default\">\n\t\t\t\t<div class=\"elementor-widget-container\">\n\t\t\t\t\t<h2 class=\"elementor-heading-title elementor-size-default\">Rencontrez nos fondateurs<\/h2>\t\t\t\t<\/div>\n\t\t\t\t<\/div>\n\t\t\t\t<div class=\"elementor-element elementor-element-2f753c3 elementor-widget elementor-widget-text-editor\" data-id=\"2f753c3\" data-element_type=\"widget\" data-e-type=\"widget\" data-widget_type=\"text-editor.default\">\n\t\t\t\t<div class=\"elementor-widget-container\">\n\t\t\t\t\t\t\t\t\tHotelRunner est dirig\u00e9 par une \u00e9quipe exp\u00e9riment\u00e9e de gestionnaires, de professionnels du secteur et d\u2019entrepreneurs en d\u00e9marrage\t\t\t\t\t\t\t\t<\/div>\n\t\t\t\t<\/div>\n\t\t\t\t\t<\/div>\n\t\t<\/div>\n\t\t\t\t<div class=\"elementor-column elementor-col-33 elementor-top-column elementor-element elementor-element-78ff237\" data-id=\"78ff237\" data-element_type=\"column\" data-e-type=\"column\" data-settings=\"{&quot;background_background&quot;:&quot;classic&quot;}\">\n\t\t\t<div class=\"elementor-widget-wrap elementor-element-populated\">\n\t\t\t\t\t<div class=\"elementor-background-overlay\"><\/div>\n\t\t\t\t\t\t<div class=\"elementor-element elementor-element-9921365 elementor-widget elementor-widget-heading\" data-id=\"9921365\" data-element_type=\"widget\" data-e-type=\"widget\" data-widget_type=\"heading.default\">\n\t\t\t\t<div class=\"elementor-widget-container\">\n\t\t\t\t\t<h4 class=\"elementor-heading-title elementor-size-default\"><a href=\"https:\/\/uk.linkedin.com\/in\/ardenagopyan\" rel=\"nofollow noopener\" target=\"_blank\">Arden Agopyan<\/a><\/h4>\t\t\t\t<\/div>\n\t\t\t\t<\/div>\n\t\t\t\t<div class=\"elementor-element elementor-element-fe0179d elementor-shape-square e-grid-align-left elementor-grid-0 elementor-widget elementor-widget-social-icons\" data-id=\"fe0179d\" data-element_type=\"widget\" data-e-type=\"widget\" data-widget_type=\"social-icons.default\">\n\t\t\t\t<div class=\"elementor-widget-container\">\n\t\t\t\t\t\t\t<div class=\"elementor-social-icons-wrapper elementor-grid\">\n\t\t\t\t\t\t\t<span class=\"elementor-grid-item\">\n\t\t\t\t\t<a class=\"elementor-icon elementor-social-icon elementor-social-icon-linkedin elementor-repeater-item-40b13e9\" href=\"https:\/\/uk.linkedin.com\/in\/ardenagopyan\" target=\"_blank\" rel=\"nofollow noopener\">\n\t\t\t\t\t\t<span class=\"elementor-screen-only\">Linkedin<\/span>\n\t\t\t\t\t\t<svg aria-hidden=\"true\" class=\"e-font-icon-svg e-fab-linkedin\" viewBox=\"0 0 448 512\" xmlns=\"http:\/\/www.w3.org\/2000\/svg\"><path d=\"M416 32H31.9C14.3 32 0 46.5 0 64.3v383.4C0 465.5 14.3 480 31.9 480H416c17.6 0 32-14.5 32-32.3V64.3c0-17.8-14.4-32.3-32-32.3zM135.4 416H69V202.2h66.5V416zm-33.2-243c-21.3 0-38.5-17.3-38.5-38.5S80.9 96 102.2 96c21.2 0 38.5 17.3 38.5 38.5 0 21.3-17.2 38.5-38.5 38.5zm282.1 243h-66.4V312c0-24.8-.5-56.7-34.5-56.7-34.6 0-39.9 27-39.9 54.9V416h-66.4V202.2h63.7v29.2h.9c8.9-16.8 30.6-34.5 62.9-34.5 67.2 0 79.7 44.3 79.7 101.9V416z\"><\/path><\/svg>\t\t\t\t\t<\/a>\n\t\t\t\t<\/span>\n\t\t\t\t\t<\/div>\n\t\t\t\t\t\t<\/div>\n\t\t\t\t<\/div>\n\t\t\t\t\t<\/div>\n\t\t<\/div>\n\t\t\t\t<div class=\"elementor-column elementor-col-33 elementor-top-column elementor-element elementor-element-14fd0b6\" data-id=\"14fd0b6\" data-element_type=\"column\" data-e-type=\"column\" data-settings=\"{&quot;background_background&quot;:&quot;classic&quot;}\">\n\t\t\t<div class=\"elementor-widget-wrap elementor-element-populated\">\n\t\t\t\t\t<div class=\"elementor-background-overlay\"><\/div>\n\t\t\t\t\t\t<div class=\"elementor-element elementor-element-71c6d94 elementor-widget elementor-widget-heading\" data-id=\"71c6d94\" data-element_type=\"widget\" data-e-type=\"widget\" data-widget_type=\"heading.default\">\n\t\t\t\t<div class=\"elementor-widget-container\">\n\t\t\t\t\t<h4 class=\"elementor-heading-title elementor-size-default\"><a href=\"https:\/\/www.linkedin.com\/in\/alibeklen\" rel=\"nofollow noopener\" target=\"_blank\">Ali Beklen<\/a><\/h4>\t\t\t\t<\/div>\n\t\t\t\t<\/div>\n\t\t\t\t<div class=\"elementor-element elementor-element-bc1639b elementor-shape-square e-grid-align-left elementor-grid-0 elementor-widget elementor-widget-social-icons\" data-id=\"bc1639b\" data-element_type=\"widget\" data-e-type=\"widget\" data-widget_type=\"social-icons.default\">\n\t\t\t\t<div class=\"elementor-widget-container\">\n\t\t\t\t\t\t\t<div class=\"elementor-social-icons-wrapper elementor-grid\">\n\t\t\t\t\t\t\t<span class=\"elementor-grid-item\">\n\t\t\t\t\t<a class=\"elementor-icon elementor-social-icon elementor-social-icon-linkedin elementor-repeater-item-40b13e9\" href=\"https:\/\/www.linkedin.com\/in\/alibeklen\" target=\"_blank\" rel=\"nofollow noopener\">\n\t\t\t\t\t\t<span class=\"elementor-screen-only\">Linkedin<\/span>\n\t\t\t\t\t\t<svg aria-hidden=\"true\" class=\"e-font-icon-svg e-fab-linkedin\" viewBox=\"0 0 448 512\" xmlns=\"http:\/\/www.w3.org\/2000\/svg\"><path d=\"M416 32H31.9C14.3 32 0 46.5 0 64.3v383.4C0 465.5 14.3 480 31.9 480H416c17.6 0 32-14.5 32-32.3V64.3c0-17.8-14.4-32.3-32-32.3zM135.4 416H69V202.2h66.5V416zm-33.2-243c-21.3 0-38.5-17.3-38.5-38.5S80.9 96 102.2 96c21.2 0 38.5 17.3 38.5 38.5 0 21.3-17.2 38.5-38.5 38.5zm282.1 243h-66.4V312c0-24.8-.5-56.7-34.5-56.7-34.6 0-39.9 27-39.9 54.9V416h-66.4V202.2h63.7v29.2h.9c8.9-16.8 30.6-34.5 62.9-34.5 67.2 0 79.7 44.3 79.7 101.9V416z\"><\/path><\/svg>\t\t\t\t\t<\/a>\n\t\t\t\t<\/span>\n\t\t\t\t\t<\/div>\n\t\t\t\t\t\t<\/div>\n\t\t\t\t<\/div>\n\t\t\t\t\t<\/div>\n\t\t<\/div>\n\t\t\t\t\t<\/div>\n\t\t<\/section>\n\t\t\t\t<section class=\"elementor-section elementor-top-section elementor-element elementor-element-52f7eb5 elementor-section-boxed elementor-section-height-default elementor-section-height-default\" data-id=\"52f7eb5\" data-element_type=\"section\" data-e-type=\"section\">\n\t\t\t\t\t\t<div class=\"elementor-container elementor-column-gap-default\">\n\t\t\t\t\t<div class=\"elementor-column elementor-col-100 elementor-top-column elementor-element elementor-element-662ed30\" data-id=\"662ed30\" data-element_type=\"column\" data-e-type=\"column\">\n\t\t\t<div class=\"elementor-widget-wrap elementor-element-populated\">\n\t\t\t\t\t\t<div class=\"elementor-element elementor-element-181d371 elementor-widget elementor-widget-heading\" data-id=\"181d371\" data-element_type=\"widget\" data-e-type=\"widget\" data-widget_type=\"heading.default\">\n\t\t\t\t<div class=\"elementor-widget-container\">\n\t\t\t\t\t<h3 class=\"elementor-heading-title elementor-size-default\">Retrouvez-nous sur<\/h3>\t\t\t\t<\/div>\n\t\t\t\t<\/div>\n\t\t\t\t\t<\/div>\n\t\t<\/div>\n\t\t\t\t\t<\/div>\n\t\t<\/section>\n\t\t\t\t<section class=\"elementor-section elementor-top-section elementor-element elementor-element-12dd5a1 elementor-section-boxed elementor-section-height-default elementor-section-height-default\" data-id=\"12dd5a1\" data-element_type=\"section\" data-e-type=\"section\">\n\t\t\t\t\t\t<div class=\"elementor-container elementor-column-gap-default\">\n\t\t\t\t\t<div class=\"elementor-column elementor-col-33 elementor-top-column elementor-element elementor-element-ef47d50\" data-id=\"ef47d50\" data-element_type=\"column\" data-e-type=\"column\">\n\t\t\t<div class=\"elementor-widget-wrap elementor-element-populated\">\n\t\t\t\t\t\t<div class=\"elementor-element elementor-element-5cc54a4 elementor-widget elementor-widget-image\" data-id=\"5cc54a4\" data-element_type=\"widget\" data-e-type=\"widget\" data-widget_type=\"image.default\">\n\t\t\t\t<div class=\"elementor-widget-container\">\n\t\t\t\t\t\t\t\t\t\t\t\t\t\t\t\t<a href=\"https:\/\/www.linkedin.com\/company\/hotelrunner\/\" rel=\"nofollow noopener\" target=\"_blank\">\n\t\t\t\t\t\t\t<img decoding=\"async\" width=\"1000\" height=\"500\" src=\"https:\/\/hotelrunner.com\/wp-content\/uploads\/2024\/10\/LinkedIn-logo-about-us.webp\" class=\"attachment-full size-full wp-image-78102\" alt=\"\" srcset=\"https:\/\/hotelrunner.com\/wp-content\/uploads\/2024\/10\/LinkedIn-logo-about-us.webp 1000w, https:\/\/hotelrunner.com\/wp-content\/uploads\/2024\/10\/LinkedIn-logo-about-us-728x364.webp 728w\" sizes=\"(max-width: 1000px) 100vw, 1000px\">\t\t\t\t\t\t\t\t<\/a>\n\t\t\t\t\t\t\t\t\t\t\t\t\t\t\t<\/div>\n\t\t\t\t<\/div>\n\t\t\t\t\t<\/div>\n\t\t<\/div>\n\t\t\t\t<div class=\"elementor-column elementor-col-33 elementor-top-column elementor-element elementor-element-03e4a0f\" data-id=\"03e4a0f\" data-element_type=\"column\" data-e-type=\"column\">\n\t\t\t<div class=\"elementor-widget-wrap elementor-element-populated\">\n\t\t\t\t\t\t<div class=\"elementor-element elementor-element-3adc6f9 elementor-widget elementor-widget-image\" data-id=\"3adc6f9\" data-element_type=\"widget\" data-e-type=\"widget\" data-widget_type=\"image.default\">\n\t\t\t\t<div class=\"elementor-widget-container\">\n\t\t\t\t\t\t\t\t\t\t\t\t\t\t\t\t<a href=\"https:\/\/angel.co\/company\/hotelrunner\" rel=\"nofollow noopener\" target=\"_blank\">\n\t\t\t\t\t\t\t<img loading=\"lazy\" decoding=\"async\" width=\"1000\" height=\"500\" src=\"https:\/\/hotelrunner.com\/wp-content\/uploads\/2024\/10\/Wellfound-logo-about-us.webp\" class=\"attachment-full size-full wp-image-78098\" alt=\"\" srcset=\"https:\/\/hotelrunner.com\/wp-content\/uploads\/2024\/10\/Wellfound-logo-about-us.webp 1000w, https:\/\/hotelrunner.com\/wp-content\/uploads\/2024\/10\/Wellfound-logo-about-us-728x364.webp 728w\" sizes=\"(max-width: 1000px) 100vw, 1000px\">\t\t\t\t\t\t\t\t<\/a>\n\t\t\t\t\t\t\t\t\t\t\t\t\t\t\t<\/div>\n\t\t\t\t<\/div>\n\t\t\t\t\t<\/div>\n\t\t<\/div>\n\t\t\t\t<div class=\"elementor-column elementor-col-33 elementor-top-column elementor-element elementor-element-baf8f46\" data-id=\"baf8f46\" data-element_type=\"column\" data-e-type=\"column\">\n\t\t\t<div class=\"elementor-widget-wrap elementor-element-populated\">\n\t\t\t\t\t\t<div class=\"elementor-element elementor-element-0835b40 elementor-widget elementor-widget-image\" data-id=\"0835b40\" data-element_type=\"widget\" data-e-type=\"widget\" data-widget_type=\"image.default\">\n\t\t\t\t<div class=\"elementor-widget-container\">\n\t\t\t\t\t\t\t\t\t\t\t\t\t\t\t\t<a href=\"https:\/\/www.crunchbase.com\/organization\/hotelrunner\" rel=\"nofollow noopener\" target=\"_blank\">\n\t\t\t\t\t\t\t<img loading=\"lazy\" decoding=\"async\" width=\"1000\" height=\"500\" src=\"https:\/\/hotelrunner.com\/wp-content\/uploads\/2024\/10\/crunchbase-logo-about-us.webp\" class=\"attachment-full size-full wp-image-78106\" alt=\"\" srcset=\"https:\/\/hotelrunner.com\/wp-content\/uploads\/2024\/10\/crunchbase-logo-about-us.webp 1000w, https:\/\/hotelrunner.com\/wp-content\/uploads\/2024\/10\/crunchbase-logo-about-us-728x364.webp 728w\" sizes=\"(max-width: 1000px) 100vw, 1000px\">\t\t\t\t\t\t\t\t<\/a>\n\t\t\t\t\t\t\t\t\t\t\t\t\t\t\t<\/div>\n\t\t\t\t<\/div>\n\t\t\t\t\t<\/div>\n\t\t<\/div>\n\t\t\t\t\t<\/div>\n\t\t<\/section>\n\t\t\t\t<\/div>\n\t\t","protected":false},"excerpt":{"rendered":"<p>Notre histoire HotelRunner a \u00e9t\u00e9 fond\u00e9 en 2011 par deux coll\u00e8gues et anciens managers d\u2019IBM. Au cours de leurs interminables voyages d\u2019affaires, et projets d\u2019entreprise, ils ont r\u00e9alis\u00e9 un certain besoin et une lacune dans l\u2019industrie. La majorit\u00e9 des h\u00e9bergements dans le monde \u00e9taient hors ligne et le march\u00e9 des technologies du voyage \u00e9tait incroyablement [&hellip;]<\/p>\n","protected":false},"author":7,"featured_media":0,"parent":0,"menu_order":0,"comment_status":"closed","ping_status":"closed","template":"","meta":{"_acf_changed":false,"footnotes":""},"page_category":[],"page_type":[],"class_list":["post-77911","page","type-page","status-publish","hentry"],"acf":[],"_links":{"self":[{"href":"https:\/\/hotelrunner.com\/fr\/wp-json\/wp\/v2\/pages\/77911","targetHints":{"allow":["GET"]}}],"collection":[{"href":"https:\/\/hotelrunner.com\/fr\/wp-json\/wp\/v2\/pages"}],"about":[{"href":"https:\/\/hotelrunner.com\/fr\/wp-json\/wp\/v2\/types\/page"}],"author":[{"embeddable":true,"href":"https:\/\/hotelrunner.com\/fr\/wp-json\/wp\/v2\/users\/7"}],"replies":[{"embeddable":true,"href":"https:\/\/hotelrunner.com\/fr\/wp-json\/wp\/v2\/comments?post=77911"}],"version-history":[{"count":3,"href":"https:\/\/hotelrunner.com\/fr\/wp-json\/wp\/v2\/pages\/77911\/revisions"}],"predecessor-version":[{"id":139926,"href":"https:\/\/hotelrunner.com\/fr\/wp-json\/wp\/v2\/pages\/77911\/revisions\/139926"}],"wp:attachment":[{"href":"https:\/\/hotelrunner.com\/fr\/wp-json\/wp\/v2\/media?parent=77911"}],"wp:term":[{"taxonomy":"page_category","embeddable":true,"href":"https:\/\/hotelrunner.com\/fr\/wp-json\/wp\/v2\/page_category?post=77911"},{"taxonomy":"page_type","embeddable":true,"href":"https:\/\/hotelrunner.com\/fr\/wp-json\/wp\/v2\/page_type?post=77911"}],"curies":[{"name":"wp","href":"https:\/\/api.w.org\/{rel}","templated":true}]}}