




{"id":132798,"date":"2025-12-15T11:27:16","date_gmt":"2025-12-15T08:27:16","guid":{"rendered":"https:\/\/hotelrunner.com\/commercial-electronic-message-consent-text\/"},"modified":"2026-04-10T10:35:37","modified_gmt":"2026-04-10T07:35:37","slug":"ticari-elektronik-ileti-onay-metni","status":"publish","type":"page","link":"https:\/\/hotelrunner.com\/tr\/ticari-elektronik-ileti-onay-metni\/","title":{"rendered":"Ticari Elektronik \u0130leti Onay\u0131"},"content":{"rendered":"\n<h1 class=\"wp-block-heading\">Ticari Elektronik \u0130leti Onay\u0131<\/h1>\n\n\n\n<p>HotelRunner (\u201c\u015eirket\u201d) <a href=\"https:\/\/hotelrunner.com\/tr\/privacy\/\" data-type=\"link\" data-id=\"https:\/\/hotelrunner.com\/tr\/privacy\/\">Talep \/ \u015eikayet \/ \u00d6neri S\u00fcre\u00e7lerine \u0130li\u015fkin Ayd\u0131nlatma Metni<\/a>\u2019ni okudum ve bu kapsamda ticari elektronik ileti g\u00f6nderimine ili\u015fkin olarak i\u015fbu onay kutucu\u011funu t\u0131klamak suretiyle verece\u011fim a\u00e7\u0131k r\u0131zam\u0131n \u00fcr\u00fcn ve\/veya hizmet sunumunun tamamlanmas\u0131 i\u00e7in zorunlu olmad\u0131\u011f\u0131n\u0131, a\u00e7\u0131k r\u0131za vermemem halinde de her zaman \u00fcr\u00fcn ve\/veya hizmet temin edebilece\u011fimi ve izinlere y\u00f6nelik tercihlerimi her daim de\u011fi\u015ftirilebilece\u011fimi anlad\u0131m. Bu do\u011frultuda, formda beyan etti\u011fim ve ilerleyen d\u00f6nemlerde \u015eirketiniz ile payla\u015faca\u011f\u0131m ileti\u015fim bilgilerime, \u015eirket taraf\u0131ndan tan\u0131t\u0131m, reklam, kampanya, teklif, promosyon, duyuru, kutlama, anket, \u00e7ekili\u015f, yar\u0131\u015fma, e-b\u00fclten g\u00f6nderimi ve benzeri pazarlama faaliyetleri kapsam\u0131nda e-posta kanal\u0131 vas\u0131tas\u0131yla ticari elektronik ileti g\u00f6nderilmesine ve s\u00f6z konusu ama\u00e7lar \u00e7er\u00e7evesinde kimlik, ileti\u015fim, m\u00fc\u015fteri i\u015flem ve i\u015flem g\u00fcvenli\u011fi veri kategorileri ile s\u0131n\u0131rl\u0131 ki\u015fisel verilerimin i\u015flenmesine ve ayn\u0131 ama\u00e7larla yurt i\u00e7inde yerle\u015fik tedarik\u00e7ilerinize aktar\u0131lmas\u0131na a\u00e7\u0131k r\u0131zamla onay veriyorum<\/p>\n\n\n\n<p><\/p>\n","protected":false},"excerpt":{"rendered":"<p>Ticari Elektronik \u0130leti Onay\u0131 HotelRunner (\u201c\u015eirket\u201d) Talep \/ \u015eikayet \/ \u00d6neri S\u00fcre\u00e7lerine \u0130li\u015fkin Ayd\u0131nlatma Metni\u2019ni okudum ve bu kapsamda ticari elektronik ileti g\u00f6nderimine ili\u015fkin olarak i\u015fbu onay kutucu\u011funu t\u0131klamak suretiyle verece\u011fim a\u00e7\u0131k r\u0131zam\u0131n \u00fcr\u00fcn ve\/veya hizmet sunumunun tamamlanmas\u0131 i\u00e7in zorunlu olmad\u0131\u011f\u0131n\u0131, a\u00e7\u0131k r\u0131za vermemem halinde de her zaman \u00fcr\u00fcn ve\/veya hizmet temin edebilece\u011fimi ve izinlere [&hellip;]<\/p>\n","protected":false},"author":1,"featured_media":0,"parent":0,"menu_order":0,"comment_status":"closed","ping_status":"closed","template":"","meta":{"_acf_changed":false,"footnotes":""},"page_category":[],"page_type":[],"class_list":["post-132798","page","type-page","status-publish","hentry"],"acf":[],"_links":{"self":[{"href":"https:\/\/hotelrunner.com\/tr\/wp-json\/wp\/v2\/pages\/132798","targetHints":{"allow":["GET"]}}],"collection":[{"href":"https:\/\/hotelrunner.com\/tr\/wp-json\/wp\/v2\/pages"}],"about":[{"href":"https:\/\/hotelrunner.com\/tr\/wp-json\/wp\/v2\/types\/page"}],"author":[{"embeddable":true,"href":"https:\/\/hotelrunner.com\/tr\/wp-json\/wp\/v2\/users\/1"}],"replies":[{"embeddable":true,"href":"https:\/\/hotelrunner.com\/tr\/wp-json\/wp\/v2\/comments?post=132798"}],"version-history":[{"count":1,"href":"https:\/\/hotelrunner.com\/tr\/wp-json\/wp\/v2\/pages\/132798\/revisions"}],"predecessor-version":[{"id":139905,"href":"https:\/\/hotelrunner.com\/tr\/wp-json\/wp\/v2\/pages\/132798\/revisions\/139905"}],"wp:attachment":[{"href":"https:\/\/hotelrunner.com\/tr\/wp-json\/wp\/v2\/media?parent=132798"}],"wp:term":[{"taxonomy":"page_category","embeddable":true,"href":"https:\/\/hotelrunner.com\/tr\/wp-json\/wp\/v2\/page_category?post=132798"},{"taxonomy":"page_type","embeddable":true,"href":"https:\/\/hotelrunner.com\/tr\/wp-json\/wp\/v2\/page_type?post=132798"}],"curies":[{"name":"wp","href":"https:\/\/api.w.org\/{rel}","templated":true}]}}