




{"id":69429,"date":"2024-09-23T13:37:00","date_gmt":"2024-09-23T13:37:00","guid":{"rendered":"https:\/\/hotelrunner.com\/?page_id=69429"},"modified":"2025-11-28T11:31:01","modified_gmt":"2025-11-28T11:31:01","slug":"bilgi-guvenligi-politikasi","status":"publish","type":"page","link":"https:\/\/hotelrunner.com\/tr\/bilgi-guvenligi-politikasi\/","title":{"rendered":"Bilgi G\u00fcvenli\u011fi Politikas\u0131"},"content":{"rendered":"\n<p>HotelRunner payda\u015flar\u0131na y\u00f6nelik faaliyetlerinde Bilgi G\u00fcvenli\u011fi Y\u00f6netim Sistemi \u015fartlar\u0131n\u0131 kar\u015f\u0131layan \u00fcr\u00fcn\u00fc d\u00fczenli bir \u015fekilde sa\u011flama becerisi g\u00f6stermek i\u00e7in sistemini s\u00fcrekli iyile\u015ftirmeyi ama\u00e7lamaktad\u0131r. Bu kapsamda; d\u00fczenleyici \u015fartlara uyuldu\u011funun m\u00fc\u015fteriye kar\u015f\u0131 g\u00fcvencesinin verilmesi ve s\u00fcre\u00e7leri de kapsayacak \u015fekilde sistemin etkin ve g\u00fcvenli uygulanmas\u0131 yoluyla m\u00fc\u015fteri memnuniyetinin artt\u0131r\u0131lmas\u0131 i\u00e7in Bilgi G\u00fcvenli\u011fi Y\u00f6netim Sistemi\u2019ni geli\u015ftirir ve uygular. HotelRunner olarak hizmetlerimizi ulusal ve uluslararas\u0131 standartlara uygun olarak sunmak ad\u0131na; ISO 27001 Bilgi G\u00fcvenli\u011fi Y\u00f6netim Sistemi standard\u0131n\u0131 benimsemekte, i\u015fletmekte ve s\u00fcrd\u00fcrmekteyiz.<\/p>\n\n\n\n<p>Bilgi g\u00fcvenli\u011finin t\u00fcm \u00e7al\u0131\u015fanlar\u0131m\u0131z\u0131n sorumlulu\u011funda oldu\u011funun ve bilginin istemli ya da istemsiz olarak kayb\u0131 veya usuls\u00fcz kullan\u0131lmas\u0131 durumunda hem \u015firketimizin hem de payda\u015flar\u0131m\u0131z\u0131n \u00f6nemli zararlar g\u00f6rebilece\u011finin bilincindeyiz. Bu bilin\u00e7le \u015firketimize ve payda\u015flar\u0131m\u0131za ait bilgilerin gizlili\u011fini, b\u00fct\u00fcnl\u00fc\u011f\u00fcn\u00fc ve eri\u015filebilirli\u011fini, s\u00fcrd\u00fcr\u00fclebilir bir anlay\u0131\u015fla koruruz.<\/p>\n\n\n\n<p>Bu anlay\u0131\u015f do\u011frultusunda;<br>Bilgi G\u00fcvenli\u011fi Y\u00f6netim Sistemin kurulmas\u0131 ve y\u00fcr\u00fct\u00fclmesi i\u00e7in yetki, rol ve sorumluluklar\u0131 belirler; bu yetki, rol ve sorumluluklar\u0131 periyodik olarak g\u00f6zden ge\u00e7iririz.<\/p>\n\n\n\n<p>Bilgi varl\u0131klar\u0131m\u0131z\u0131 tan\u0131mlar, s\u0131n\u0131fland\u0131r\u0131r, bunlar\u0131 tehdit eden riskleri belirler, bu riskleri y\u00f6netmek i\u00e7in gerekli y\u00f6ntemleri geli\u015ftirir ve etkin \u015fekilde uygular\u0131z.<\/p>\n\n\n\n<p>\u0130lgili mevzuat, uygulanabilir t\u00fcm yasalar ve s\u00f6zle\u015fme ile m\u00fc\u015fteri gereklilikleriyle ilgili geli\u015fmeleri takip eder, uygulanmas\u0131n\u0131 sa\u011flamak ve muhtemel ihlalleri \u00f6nlemek \u00fczere gerekli tedbirleri al\u0131r\u0131z.<\/p>\n\n\n\n<p>Bilgi g\u00fcvenli\u011fini sa\u011flamada en \u00f6nemli unsurun insan oldu\u011fu ger\u00e7e\u011fi ile ba\u015fta \u00e7al\u0131\u015fanlar\u0131m\u0131z ve gerekti\u011finde di\u011fer payda\u015flar\u0131m\u0131z\u0131n da bilgi g\u00fcvenli\u011fi konusunda fark\u0131ndal\u0131\u011f\u0131n\u0131 art\u0131racak e\u011fitimler, seminerler ve \u00e7e\u015fitli fark\u0131ndal\u0131k \u00e7al\u0131\u015fmalar\u0131 d\u00fczenler ve sonu\u00e7lar\u0131n\u0131n takibini yapar\u0131z.<\/p>\n\n\n\n<p>Ya\u015fanacak herhangi bir olumsuzluk kar\u015f\u0131s\u0131nda i\u015flerimizin ve payda\u015flar\u0131m\u0131za olan sorumluluklar\u0131m\u0131z\u0131n kesintiye u\u011framamas\u0131 i\u00e7in i\u015f s\u00fcreklili\u011fi planlar\u0131n\u0131 haz\u0131rlar ve bu planlar\u0131 test ederiz.<\/p>\n\n\n\n<p>Bilgi G\u00fcvenli\u011fi Y\u00f6netim Sistemimizin standartlara uygun olarak i\u015flemesine yard\u0131mc\u0131 olmak \u00fczere, prosed\u00fcr ve talimatlar\u0131 haz\u0131rlar, kontrol noktalar\u0131n\u0131 belirler; s\u00fcrekli iyile\u015ftirme felsefesi do\u011frultusunda d\u00fczenli olarak etkinli\u011fini \u00f6l\u00e7er, denetler ve g\u00f6zden ge\u00e7iririz.<\/p>\n\n\n\n<p>B\u00f6ylelikle, HotelRunner \u00fcst y\u00f6netimi olarak; ilgili standart ve mevzuatlar do\u011frultusunda Bilgi G\u00fcvenli\u011fi Y\u00f6netim Sistemi i\u00e7in gerekli t\u00fcm kaynaklar\u0131 ay\u0131rarak etkin bir \u015fekilde s\u00fcrekli iyile\u015ftirilmesini sa\u011flamay\u0131 taahh\u00fct ederiz.<\/p>\n","protected":false},"excerpt":{"rendered":"<p>HotelRunner payda\u015flar\u0131na y\u00f6nelik faaliyetlerinde Bilgi G\u00fcvenli\u011fi Y\u00f6netim Sistemi \u015fartlar\u0131n\u0131 kar\u015f\u0131layan \u00fcr\u00fcn\u00fc d\u00fczenli bir \u015fekilde sa\u011flama becerisi g\u00f6stermek i\u00e7in sistemini s\u00fcrekli iyile\u015ftirmeyi ama\u00e7lamaktad\u0131r. Bu kapsamda; d\u00fczenleyici \u015fartlara uyuldu\u011funun m\u00fc\u015fteriye kar\u015f\u0131 g\u00fcvencesinin verilmesi ve s\u00fcre\u00e7leri de kapsayacak \u015fekilde sistemin etkin ve g\u00fcvenli uygulanmas\u0131 yoluyla m\u00fc\u015fteri memnuniyetinin artt\u0131r\u0131lmas\u0131 i\u00e7in Bilgi G\u00fcvenli\u011fi Y\u00f6netim Sistemi\u2019ni geli\u015ftirir ve uygular. HotelRunner olarak [&hellip;]<\/p>\n","protected":false},"author":7,"featured_media":0,"parent":0,"menu_order":0,"comment_status":"closed","ping_status":"closed","template":"","meta":{"_acf_changed":false,"footnotes":""},"page_category":[479],"page_type":[],"class_list":["post-69429","page","type-page","status-publish","hentry","page_category-veri-koruma-ve-gizlilik"],"acf":[],"_links":{"self":[{"href":"https:\/\/hotelrunner.com\/tr\/wp-json\/wp\/v2\/pages\/69429","targetHints":{"allow":["GET"]}}],"collection":[{"href":"https:\/\/hotelrunner.com\/tr\/wp-json\/wp\/v2\/pages"}],"about":[{"href":"https:\/\/hotelrunner.com\/tr\/wp-json\/wp\/v2\/types\/page"}],"author":[{"embeddable":true,"href":"https:\/\/hotelrunner.com\/tr\/wp-json\/wp\/v2\/users\/7"}],"replies":[{"embeddable":true,"href":"https:\/\/hotelrunner.com\/tr\/wp-json\/wp\/v2\/comments?post=69429"}],"version-history":[{"count":0,"href":"https:\/\/hotelrunner.com\/tr\/wp-json\/wp\/v2\/pages\/69429\/revisions"}],"wp:attachment":[{"href":"https:\/\/hotelrunner.com\/tr\/wp-json\/wp\/v2\/media?parent=69429"}],"wp:term":[{"taxonomy":"page_category","embeddable":true,"href":"https:\/\/hotelrunner.com\/tr\/wp-json\/wp\/v2\/page_category?post=69429"},{"taxonomy":"page_type","embeddable":true,"href":"https:\/\/hotelrunner.com\/tr\/wp-json\/wp\/v2\/page_type?post=69429"}],"curies":[{"name":"wp","href":"https:\/\/api.w.org\/{rel}","templated":true}]}}