




{"id":69438,"date":"2024-09-25T16:54:47","date_gmt":"2024-09-25T16:54:47","guid":{"rendered":"https:\/\/hotelrunner.com\/?page_id=69438"},"modified":"2025-02-11T12:14:40","modified_gmt":"2025-02-11T12:14:40","slug":"ziyaret-aydinlatma-metni","status":"publish","type":"page","link":"https:\/\/hotelrunner.com\/tr\/ziyaret-aydinlatma-metni\/","title":{"rendered":"Fiziki Ziyaret S\u00fcre\u00e7lerine \u0130li\u015fkin Ayd\u0131nlatma Metni"},"content":{"rendered":"\n<p><strong>1. Veri Sorumlusu<\/strong><\/p>\n\n\n\n<p>Ki\u015fisel verileriniz, veri sorumlusu s\u0131fat\u0131yla \u015eirketimiz taraf\u0131ndan 6698 say\u0131l\u0131 Ki\u015fisel Verilerin Korunmas\u0131 Kanunu (<strong>\u201cKVKK\u201d<\/strong>) h\u00fck\u00fcmleri kapsam\u0131nda ve i\u015fbu Fiziki Ziyaret S\u00fcre\u00e7lerine \u0130li\u015fkin Ayd\u0131nlatma Metni (<strong>\u201cAyd\u0131nlatma Metni\u201d<\/strong>) \u00e7er\u00e7evesinde i\u015flenmektedir.<\/p>\n\n\n\n<p>\u015eirketimiz, gizlili\u011finize ve ki\u015fisel verilerinizin korunmas\u0131na ili\u015fkin haklar\u0131n\u0131za sayg\u0131 duymakta ve sizinle g\u00fcvene dayal\u0131 bir ili\u015fki kurmak ve s\u00fcrd\u00fcrmek i\u00e7in \u00e7al\u0131\u015fmaktad\u0131r. Bu kapsamda \u015eirketimiz, ki\u015fisel verilerinizi KVKK ba\u015fta olmak \u00fczere ki\u015fisel verilerin korunmas\u0131na ili\u015fkin t\u00fcm mevzuat h\u00fck\u00fcmlerine uygun \u015fekilde i\u015flemekte, verilerinizin g\u00fcvenli \u015fekilde bar\u0131nd\u0131r\u0131lmas\u0131n\u0131 sa\u011flamakta ve olas\u0131 hukuka ayk\u0131r\u0131 eri\u015fimlere kar\u015f\u0131 gerekli t\u00fcm g\u00fcvenlik tedbirlerini almaktad\u0131r. \u0130\u015fbu Ayd\u0131nlatma Metni ile \u015eirketimiz yerle\u015fkelerini ziyaretiniz \u00e7er\u00e7evesinde toplanan ki\u015fisel verilerinizin hangi kapsamda i\u015flendi\u011fi a\u00e7\u0131klanmaktad\u0131r. <\/p>\n\n\n\n<p><strong>2. Ki\u015fisel Verilerinizin Toplanma Y\u00f6ntemleri<\/strong><\/p>\n\n\n\n<p>Ki\u015fisel verileriniz, \u015eirketimiz taraf\u0131ndan tamamen veya k\u0131smen otomatik olan ya da herhangi bir veri kay\u0131t sisteminin par\u00e7as\u0131 olmak kayd\u0131yla otomatik olmayan yollarla, fiziki ve\/veya elektronik ortamlardan \u015eirketimizin genel m\u00fcd\u00fcrl\u00fck ve \u015fubeleri ile di\u011fer yerle\u015fkelerinde kapal\u0131 devre g\u00fcvenlik kameralar\u0131 (CCTV) ile bunlara ileride eklenebilecek sair y\u00f6ntemler (kanallar) vas\u0131tas\u0131yla toplanmaktad\u0131r.<\/p>\n\n\n\n<p><strong>3.\u0130\u015flenen Ki\u015fisel Veri Kategorileriniz ile Ki\u015fisel Verilerinizin \u0130\u015flenmesinin Ama\u00e7lar\u0131 ve Hukuki Sebepleri<\/strong><\/p>\n\n\n\n<p>\u015eirket bina ve yerle\u015fkeleri, \u00e7al\u0131\u015fanlar\u0131 ve demirba\u015flar\u0131 ile \u015eirket ziyaret\u00e7ilerinin g\u00fcvenli\u011finin sa\u011flanmas\u0131 ve korunmas\u0131 \u00e7er\u00e7evesinde i\u015flenen ki\u015fisel veri kategorileriniz ile s\u00f6z konusu ki\u015fisel verilerinizin i\u015flenmesinin ama\u00e7lar\u0131 ve hukuki sebepleri a\u015fa\u011f\u0131da detayl\u0131 \u015fekilde a\u00e7\u0131klanmaktad\u0131r.<\/p>\n\n\n\n<figure class=\"wp-block-table\"><table class=\"has-fixed-layout\"><tbody><tr><th>Ki\u015fisel Veri Kategorisi<\/th><th>Ki\u015fisel Verilerin \u0130\u015flenme Ama\u00e7lar\u0131 ve \u0130\u015flemenin Hukuki Sebepleri<\/th><\/tr><tr><td>Kimlik Verisi<\/td><td>Bu kategorideki verileriniz, KVKK\u2019n\u0131n 5\u2019inci maddesinin 2\u2019nci f\u0131kras\u0131n\u0131n (\u00e7) bendi uyar\u0131nca veri sorumlusunun hukuki y\u00fck\u00fcml\u00fcl\u00fc\u011f\u00fcn\u00fc yerine getirebilmesi i\u00e7in zorunlu olmas\u0131, (e) bendi uyar\u0131nca bir hakk\u0131n tesisi, kullan\u0131lmas\u0131 veya korunmas\u0131 i\u00e7in veri i\u015flemenin zorunlu olmas\u0131 ve (f) bendi uyar\u0131nca ilgili ki\u015finin temel hak ve \u00f6zg\u00fcrl\u00fcklerine zarar vermemek kayd\u0131yla, veri sorumlusunun me\u015fru menfaatleri i\u00e7in veri i\u015flenmesinin zorunlu olmas\u0131 ki\u015fisel veri i\u015fleme \u015fartlar\u0131 (hukuki sebepleri) kapsam\u0131nda ve a\u015fa\u011f\u0131daki ama\u00e7larla i\u015flenmektedir:<br>&#8211; Denetim \/ Etik Faaliyetlerin Y\u00fcr\u00fct\u00fclmesi<br>&#8211; Faaliyetlerin Mevzuata Uygun Y\u00fcr\u00fct\u00fclmesi<br>&#8211; Fiziksel Mekan G\u00fcvenli\u011finin Temini<br>&#8211; Hukuk \u0130\u015flerinin Takibi Ve Y\u00fcr\u00fct\u00fclmesi<br>&#8211; \u0130\u00e7 Denetim \/ Soru\u015fturma \/ \u0130stihbarat Faaliyetlerinin Y\u00fcr\u00fct\u00fclmesi<br>&#8211; \u0130\u015f Faaliyetlerinin Y\u00fcr\u00fct\u00fclmesi \/ Denetimi<br>&#8211; Saklama Ve Ar\u015fiv Faaliyetlerinin Y\u00fcr\u00fct\u00fclmesi<br>&#8211; Ta\u015f\u0131n\u0131r Mal Ve Kaynaklar\u0131n G\u00fcvenli\u011finin Temini<br>&#8211; Yetkili Ki\u015fi, Kurum Ve Kurulu\u015flara Bilgi Verilmesi<br>&#8211; Ziyaret\u00e7i Kay\u0131tlar\u0131n\u0131n Olu\u015fturulmas\u0131 ve Takibi<\/td><\/tr><tr><td>Fiziksel Mekan G\u00fcvenli\u011fi Verisi<\/td><td>Bu kategorideki verileriniz, KVKK\u2019n\u0131n 5\u2019inci maddesinin 2\u2019nci f\u0131kras\u0131n\u0131n (\u00e7) bendi uyar\u0131nca veri sorumlusunun hukuki y\u00fck\u00fcml\u00fcl\u00fc\u011f\u00fcn\u00fc yerine getirebilmesi i\u00e7in zorunlu olmas\u0131, (e) bendi uyar\u0131nca bir hakk\u0131n tesisi, kullan\u0131lmas\u0131 veya korunmas\u0131 i\u00e7in veri i\u015flemenin zorunlu olmas\u0131 ve (f) bendi uyar\u0131nca ilgili ki\u015finin temel hak ve \u00f6zg\u00fcrl\u00fcklerine zarar vermemek kayd\u0131yla, veri sorumlusunun me\u015fru menfaatleri i\u00e7in veri i\u015flenmesinin zorunlu olmas\u0131 ki\u015fisel veri i\u015fleme \u015fartlar\u0131 (hukuki sebepleri) kapsam\u0131nda ve a\u015fa\u011f\u0131daki ama\u00e7larla i\u015flenmektedir:<br>&#8211; Denetim \/ Etik Faaliyetlerin Y\u00fcr\u00fct\u00fclmesi<br>&#8211; Faaliyetlerin Mevzuata Uygun Y\u00fcr\u00fct\u00fclmesi<br>&#8211; Fiziksel Mekan G\u00fcvenli\u011finin Temini<br>&#8211; Hukuk \u0130\u015flerinin Takibi Ve Y\u00fcr\u00fct\u00fclmesi<br>&#8211; \u0130\u00e7 Denetim \/ Soru\u015fturma \/ \u0130stihbarat Faaliyetlerinin Y\u00fcr\u00fct\u00fclmesi<br>&#8211; \u0130\u015f Faaliyetlerinin Y\u00fcr\u00fct\u00fclmesi \/ Denetimi<br>&#8211; Saklama Ve Ar\u015fiv Faaliyetlerinin Y\u00fcr\u00fct\u00fclmesi<br>&#8211; Ta\u015f\u0131n\u0131r Mal Ve Kaynaklar\u0131n G\u00fcvenli\u011finin Temini<br>&#8211; Yetkili Ki\u015fi, Kurum Ve Kurulu\u015flara Bilgi Verilmesi<br>&#8211; Ziyaret\u00e7i Kay\u0131tlar\u0131n\u0131n Olu\u015fturulmas\u0131 ve Takibi<\/td><\/tr><\/tbody><\/table><\/figure>\n\n\n\n<p><strong>4. Ki\u015fisel Verilerinizin Yurt \u0130\u00e7inde ve\/veya Yurt D\u0131\u015f\u0131nda Yerle\u015fik \u00dc\u00e7\u00fcnc\u00fc Ki\u015filere Aktar\u0131lmas\u0131<\/strong><\/p>\n\n\n\n<p>\u015eirketimiz b\u00fcnyesinde ki\u015fisel verilerinize, yaln\u0131zca yukar\u0131da detaylar\u0131na yer verilen ama\u00e7lar bak\u0131m\u0131ndan s\u0131n\u0131rl\u0131 yetki eri\u015fimine sahip \u00e7al\u0131\u015fanlar\u0131m\u0131z taraf\u0131ndan kendi g\u00f6revlerini yerine getirmek amac\u0131yla gerekli \u00f6l\u00e7\u00fcde eri\u015filebilmekte ve KVKK\u2019n\u0131n 8\u2019inci ve 9\u2019uncu maddelerinde d\u00fczenlenen aktar\u0131ma y\u00f6nelik \u015fartlar\u0131n bulunmad\u0131\u011f\u0131 hallerde yurt i\u00e7inde ve\/veya yurt d\u0131\u015f\u0131nda yerle\u015fik \u00fc\u00e7\u00fcnc\u00fc ki\u015filere aktar\u0131lmamaktad\u0131r. Bununla birlikte, yukar\u0131da belirtilen her bir ki\u015fisel veri kategorisi kapsam\u0131nda i\u015flenen ki\u015fisel verileriniz, KVKK\u2019n\u0131n 8\u2019inci ve 9\u2019uncu maddelerine uygun \u015fekilde ve ilgili veri kategorisi i\u00e7in yukar\u0131da belirtilen ki\u015fisel veri i\u015fleme \u015fartlar\u0131n\u0131n (hukuki sebeplerinin) aktar\u0131m ama\u00e7lar\u0131 bak\u0131m\u0131ndan da ayr\u0131ca mevcut olmas\u0131 halinde a\u015fa\u011f\u0131daki al\u0131c\u0131 gruplar\u0131na aktar\u0131labilecektir:<\/p>\n\n\n\n<ul class=\"wp-block-list\">\n<li>\u015eirket faaliyetlerinin y\u00fcr\u00fct\u00fclmesi bak\u0131m\u0131ndan \u00fcr\u00fcn ve\/veya hizmet temin edilmesi amac\u0131 ba\u015fta olmak \u00fczere kimlik ve fiziksel mekan g\u00fcvenli\u011fi ki\u015fisel veri kategorileri ile s\u0131n\u0131rl\u0131 ki\u015fisel verilerinizin yukar\u0131da her bir veri kategorisi i\u00e7in ilgili kategoride belirlenen ama\u00e7larla yurt i\u00e7inde ve\/veya yurt d\u0131\u015f\u0131nda yerle\u015fik tedarik\u00e7ilerimize (\u00f6rn. bili\u015fim teknolojileri ve veri bar\u0131nd\u0131rma hizmet sa\u011flay\u0131c\u0131lar\u0131, hukuk dan\u0131\u015fmanlar\u0131)<\/li>\n\n\n\n<li>Uyum, ileti\u015fim, denetim ve raporlama faaliyetlerinin planlanmas\u0131 ve\/veya ger\u00e7ekle\u015ftirilmesi amac\u0131 ba\u015fta olmak \u00fczere kimlik ve fiziksel mekan g\u00fcvenli\u011fi ki\u015fisel veri kategorileri ile s\u0131n\u0131rl\u0131 ki\u015fisel verilerinizin yukar\u0131da her bir veri kategorisi i\u00e7in ilgili kategoride belirlenen ama\u00e7larla yurt i\u00e7inde ve\/veya yurt d\u0131\u015f\u0131nda yerle\u015fik \u015eirketimizin hissedarlar\u0131na ve topluluk \u015firketlerine ve<\/li>\n\n\n\n<li>\u015eirketimizin hukuki y\u00fck\u00fcml\u00fcklerinin yerine getirilmesi ile hukuk i\u015flerinin takibi ama\u00e7lar\u0131 ba\u015fta olmak \u00fczere kimlik ve fiziksel mekan g\u00fcvenli\u011fi ki\u015fisel veri kategorileri ile s\u0131n\u0131rl\u0131 ki\u015fisel verilerinizin yukar\u0131da belirlenen ama\u00e7larla yurt i\u00e7inde yerle\u015fik yetkili kamu kurum ve kurulu\u015flar\u0131na.<\/li>\n<\/ul>\n\n\n\n<p><strong>5. Ki\u015fisel Verilerinizin \u0130\u015flenme S\u00fcresi<\/strong><\/p>\n\n\n\n<p>\u015eirket faaliyetlerimiz s\u0131ras\u0131nda elde edilen ki\u015fisel verileriniz, ba\u015fta Anayasa olmak \u00fczere KVKK, Ki\u015fisel Verilerin Silinmesi, Yok Edilmesi veya Anonim Hale Getirilmesi Hakk\u0131nda Y\u00f6netmelik ve di\u011fer ilgili mevzuat h\u00fck\u00fcmlerine uygun \u015fekilde haz\u0131rlanan \u015eirketimizin saklama ve imhaya ili\u015fkin politika ve prosed\u00fcrlerinde belirtilen genel prensipler ve d\u00fczenlemelere uygun \u015fekilde saklanmakta ve imha edilmektedir.<\/p>\n\n\n\n<p>Bu kapsamda ki\u015fisel verileriniz, yukarda yer alan ki\u015fisel veri i\u015fleme \u015fartlar\u0131n\u0131n tamam\u0131n\u0131n ortadan kalkmas\u0131 halinde imha edilecektir. Ki\u015fisel verileriniz bu do\u011frultuda, s\u00fcre\u00e7 \u00f6zelinde ilgili yasal zaman a\u015f\u0131m s\u00fcreleri boyunca i\u015flenmeye devam edecektir. Ki\u015fisel verilerinizin imha edilmesine ili\u015fkin talepleriniz bak\u0131m\u0131ndan, i\u015fbu Ayd\u0131nlatma Metni\u2019nin 6\u2019nc\u0131 b\u00f6l\u00fcm\u00fcn\u00fc incelemenizi rica ederiz.<\/p>\n\n\n\n<p><strong>6. KVKK Kapsam\u0131nda Haklar\u0131n\u0131z<\/strong><\/p>\n\n\n\n<p>Ki\u015fisel veri sahibi olarak KVKK\u2019n\u0131n 11\u2019inci maddesi uyar\u0131nca a\u015fa\u011f\u0131daki haklara sahip oldu\u011funuzu bildiririz:<\/p>\n\n\n\n<ul class=\"wp-block-list\">\n<li>Ki\u015fisel verilerinizin i\u015flenip i\u015flenmedi\u011fini \u00f6\u011frenme,<\/li>\n\n\n\n<li>Ki\u015fisel verileriniz i\u015flenmi\u015fse buna ili\u015fkin bilgi talep etme,<\/li>\n\n\n\n<li>Ki\u015fisel verilerinizin i\u015flenme amac\u0131n\u0131 ve bunlar\u0131n amac\u0131na uygun kullan\u0131l\u0131p kullan\u0131lmad\u0131\u011f\u0131n\u0131 \u00f6\u011frenme,<\/li>\n\n\n\n<li>Yurt i\u00e7inde veya yurt d\u0131\u015f\u0131nda ki\u015fisel verilerinizin aktar\u0131ld\u0131\u011f\u0131 \u00fc\u00e7\u00fcnc\u00fc ki\u015fileri bilme,<\/li>\n\n\n\n<li>Ki\u015fisel verilerinizin eksik veya yanl\u0131\u015f i\u015flenmi\u015f olmas\u0131 halinde bunlar\u0131n d\u00fczeltilmesini isteme ve bu kapsamda yap\u0131lan i\u015flemin ki\u015fisel verilerinizin aktar\u0131ld\u0131\u011f\u0131 \u00fc\u00e7\u00fcnc\u00fc ki\u015filere bildirilmesini isteme,<\/li>\n\n\n\n<li>KVKK ve ilgili di\u011fer kanun h\u00fck\u00fcmlerine uygun olarak i\u015flenmi\u015f olmas\u0131na ra\u011fmen, i\u015flenmesini gerektiren sebeplerin ortadan kalkmas\u0131 halinde ki\u015fisel verilerinizin silinmesini veya yok edilmesini isteme ve bu kapsamda ve ki\u015fisel verilerinizin eksik veya yanl\u0131\u015f i\u015flenmi\u015f olmas\u0131 halinde yap\u0131lan i\u015flemlerin ki\u015fisel verilerinizin aktar\u0131ld\u0131\u011f\u0131 \u00fc\u00e7\u00fcnc\u00fc ki\u015filere bildirilmesini isteme,<\/li>\n\n\n\n<li>\u0130\u015flenen verilerinizin m\u00fcnhas\u0131ran otomatik sistemler vas\u0131tas\u0131yla analiz edilmesi suretiyle ki\u015finin kendisi aleyhine bir sonucun ortaya \u00e7\u0131kmas\u0131na itiraz etme,<\/li>\n\n\n\n<li>Ki\u015fisel verilerinizin kanuna ayk\u0131r\u0131 olarak i\u015flenmesi sebebiyle zarara u\u011framas\u0131 halinde zarar\u0131n giderilmesini talep etme.<\/li>\n<\/ul>\n\n\n\n<p>Yukar\u0131da belirtilen haklar\u0131n\u0131za y\u00f6nelik ba\u015fvurular\u0131n\u0131z\u0131, Veri Sorumlusuna Ba\u015fvuru Usul ve Esaslar\u0131 Hakk\u0131nda Tebli\u011f h\u00fck\u00fcmlerine uygun \u015fekilde (yaz\u0131l\u0131 olarak veya kay\u0131tl\u0131 elektronik posta (KEP) adresi, g\u00fcvenli elektronik imza, mobil imza veya \u015eirketimize daha \u00f6nce bildirmi\u015f oldu\u011funuz ve sistemlerimizde kay\u0131tl\u0131 olan e-posta adresiniz \u00fczerinden elektronik olarak \u015eirketimizin ger\u00e7ek hak sahibi oldu\u011funuzun tespitini ger\u00e7ekle\u015ftirebilmesi amac\u0131yla kimli\u011finizi do\u011frulayan bilgilerle \/ belgelerle* (\u00f6rn. T.C. kimlik numaras\u0131 veya di\u011fer \u00fclke vatanda\u015flar\u0131 i\u00e7in pasaport numaras\u0131, tebligata esas yerle\u015fim yeri adresi \/ i\u015f yeri adresi, cep telefonu \/ telefon \/ faks numaras\u0131, e-posta adresi) birlikte) ilgili mevzuatta d\u00fczenlenen usul ve esasa uygun \u015fekilde \u015eirketimize iletebilirsiniz. Talebinizin niteli\u011fine g\u00f6re en k\u0131sa s\u00fcrede ve en ge\u00e7 30 (otuz) g\u00fcn i\u00e7inde ba\u015fvurular\u0131n\u0131z \u00fccretsiz olarak sonu\u00e7land\u0131r\u0131lacakt\u0131r; ancak i\u015flemin ayr\u0131ca bir maliyet gerektirmesi halinde Ki\u015fisel Verileri Koruma Kurulu taraf\u0131ndan belirlenecek tarifeye g\u00f6re taraf\u0131n\u0131zdan \u00fccret talep edilebilecektir.<\/p>\n\n\n\n<ul class=\"wp-block-list\">\n<li>S\u00f6z konusu belgeler kapsam\u0131nda <span style=\"text-decoration: underline;\">herhangi bir \u00f6zel nitelikli ki\u015fisel veriye (\u00f6rn. din bilgisi veya kan grubu bilgisi) yer verilmemesi<\/span> gerekti\u011fini hat\u0131rlatmak isteriz.<\/li>\n<\/ul>\n","protected":false},"excerpt":{"rendered":"<p>1. Veri Sorumlusu Ki\u015fisel verileriniz, veri sorumlusu s\u0131fat\u0131yla \u015eirketimiz taraf\u0131ndan 6698 say\u0131l\u0131 Ki\u015fisel Verilerin Korunmas\u0131 Kanunu (\u201cKVKK\u201d) h\u00fck\u00fcmleri kapsam\u0131nda ve i\u015fbu Fiziki Ziyaret S\u00fcre\u00e7lerine \u0130li\u015fkin Ayd\u0131nlatma Metni (\u201cAyd\u0131nlatma Metni\u201d) \u00e7er\u00e7evesinde i\u015flenmektedir. \u015eirketimiz, gizlili\u011finize ve ki\u015fisel verilerinizin korunmas\u0131na ili\u015fkin haklar\u0131n\u0131za sayg\u0131 duymakta ve sizinle g\u00fcvene dayal\u0131 bir ili\u015fki kurmak ve s\u00fcrd\u00fcrmek i\u00e7in \u00e7al\u0131\u015fmaktad\u0131r. Bu kapsamda \u015eirketimiz, [&hellip;]<\/p>\n","protected":false},"author":7,"featured_media":0,"parent":0,"menu_order":0,"comment_status":"closed","ping_status":"closed","template":"","meta":{"_acf_changed":false,"footnotes":""},"page_category":[479],"page_type":[],"class_list":["post-69438","page","type-page","status-publish","hentry","page_category-veri-koruma-ve-gizlilik"],"acf":[],"_links":{"self":[{"href":"https:\/\/hotelrunner.com\/tr\/wp-json\/wp\/v2\/pages\/69438","targetHints":{"allow":["GET"]}}],"collection":[{"href":"https:\/\/hotelrunner.com\/tr\/wp-json\/wp\/v2\/pages"}],"about":[{"href":"https:\/\/hotelrunner.com\/tr\/wp-json\/wp\/v2\/types\/page"}],"author":[{"embeddable":true,"href":"https:\/\/hotelrunner.com\/tr\/wp-json\/wp\/v2\/users\/7"}],"replies":[{"embeddable":true,"href":"https:\/\/hotelrunner.com\/tr\/wp-json\/wp\/v2\/comments?post=69438"}],"version-history":[{"count":0,"href":"https:\/\/hotelrunner.com\/tr\/wp-json\/wp\/v2\/pages\/69438\/revisions"}],"wp:attachment":[{"href":"https:\/\/hotelrunner.com\/tr\/wp-json\/wp\/v2\/media?parent=69438"}],"wp:term":[{"taxonomy":"page_category","embeddable":true,"href":"https:\/\/hotelrunner.com\/tr\/wp-json\/wp\/v2\/page_category?post=69438"},{"taxonomy":"page_type","embeddable":true,"href":"https:\/\/hotelrunner.com\/tr\/wp-json\/wp\/v2\/page_type?post=69438"}],"curies":[{"name":"wp","href":"https:\/\/api.w.org\/{rel}","templated":true}]}}