




{"id":69440,"date":"2024-09-25T17:04:41","date_gmt":"2024-09-25T17:04:41","guid":{"rendered":"https:\/\/hotelrunner.com\/?page_id=69440"},"modified":"2025-02-11T12:14:57","modified_gmt":"2025-02-11T12:14:57","slug":"websitesi-ziyaret-aydinlatma-metni","status":"publish","type":"page","link":"https:\/\/hotelrunner.com\/tr\/websitesi-ziyaret-aydinlatma-metni\/","title":{"rendered":"Websitesi Ziyaret S\u00fcre\u00e7lerine \u0130li\u015fkin Ayd\u0131nlatma Metni"},"content":{"rendered":"\n<p>HotelRunner olarak internet sitemizi ziyaret eden ve bizimle ileti\u015fim kuran herkesin ki\u015fisel verilerine sayg\u0131 g\u00f6steriyoruz. Bu bilin\u00e7le, \u00fcr\u00fcn ve hizmetlerimizden faydalanan ki\u015filer dahil, \u015eirketimiz ile ili\u015fkili t\u00fcm ger\u00e7ek ki\u015filere ait her t\u00fcrl\u00fc ki\u015fisel verilerin 6698 say\u0131l\u0131 Ki\u015fisel Verilerin Korunmas\u0131 Kanunu\u2019na (<strong>\u201cKanun\u201d<\/strong>) uygun olarak i\u015flenmesini ve muhafazas\u0131n\u0131 sa\u011flamak i\u00e7in gerekli tedbirleri al\u0131yoruz. Bu sorumlulu\u011fumuzun fark\u0131nda olarak, i\u015fbu Websitesi Ziyaret S\u00fcre\u00e7lerine \u0130li\u015fkin Ayd\u0131nlatma Metni\u2019nde (<strong>\u201cAyd\u0131nlatma Metni\u201d<\/strong>) belirtildi\u011fi \u015fekilde Kanun\u2019da tan\u0131ml\u0131 \u015fekli ile \u201cVeri Sorumlusu\u201d s\u0131fat\u0131yla, ki\u015fisel verilerinizi a\u015fa\u011f\u0131da a\u00e7\u0131kland\u0131\u011f\u0131 \u015fekliyle ve mevzuat taraf\u0131ndan belirlenen s\u0131n\u0131rlar \u00e7er\u00e7evesinde i\u015flemekteyiz.<\/p>\n\n\n\n<p><strong>1. \u0130\u015flenen Ki\u015fisel Verilerin T\u00fcrleri<\/strong><br>\u0130\u015fbu Ayd\u0131nlatma Metni\u2019nde\u201cKi\u015fisel verileriniz\u201d kimli\u011finizi veya \u00fc\u00e7\u00fcnc\u00fc bir ki\u015finin kimli\u011fini belirli ya da belirlenebilir k\u0131lan her t\u00fcrl\u00fc veriyi ifade eder. Bunlar s\u0131n\u0131rl\u0131 olmamak kayd\u0131yla tipik olarak ad\u0131n\u0131z\u0131, T.C. kimlik numaran\u0131z\u0131, adresinizi, kart bilgilerinizi, e-posta adresinizi, telefon numaran\u0131z\u0131, IP adresinizi ve \u015eirketimiz internet sitesi \u00fczerinde ger\u00e7ekle\u015ftirdi\u011finiz \u00f6nceki i\u015flemleri i\u00e7erir.<\/p>\n\n\n\n<p><strong>2. Ki\u015fisel Verilerin Toplanmas\u0131, \u0130\u015flenmesi ve \u0130\u015fleme Ama\u00e7lar\u0131<\/strong><\/p>\n\n\n\n<p>Ki\u015fisel verileriniz, otomatik ya da otomatik olmayan y\u00f6ntemlerle, internet sitesi, sosyal medya, mobil uygulamalar ve benzeri vas\u0131talarla s\u00f6zl\u00fc, yaz\u0131l\u0131 ya da elektronik olarak toplanabilecektir. \u015eirketimizin sundu\u011fu \u00fcr\u00fcn ve hizmetlerden yararland\u0131\u011f\u0131n\u0131z s\u00fcrece ki\u015fisel verileriniz i\u015flenebilecektir.<\/p>\n\n\n\n<p>\u015eirketimiz hizmetlerini kullanmak amac\u0131yla \u00e7a\u011fr\u0131 merkezlerimizi veya internet sayfam\u0131z\u0131 kulland\u0131\u011f\u0131n\u0131zda, \u015eirket ofislerimizi veya internet sitemizi ziyaret etti\u011finizde, \u015eirketimizin d\u00fczenledi\u011fi kampanya, e\u011fitim, seminer veya organizasyonlara kat\u0131ld\u0131\u011f\u0131n\u0131zda ki\u015fisel verileriniz i\u015flenebilecektir. Bunun yan\u0131nda taraf\u0131n\u0131za sunulan hizmetin tamamlanabilmesi i\u00e7in kart ve cep telefon gibi zorunlu bilgileri de toplamaktay\u0131z.<\/p>\n\n\n\n<p>Toplanan ki\u015fisel verileriniz a\u015fa\u011f\u0131da belirtilen gerek\u00e7elerle, Kanun\u2019un 5. ve 6. maddeleri uyar\u0131nca (i) s\u00f6zle\u015fmenin kurulmas\u0131 ve ifas\u0131, (ii) \u015eirketimizin tabi oldu\u011fu bir hukuki y\u00fck\u00fcml\u00fcl\u00fc\u011f\u00fcn yerine getirilebilmesi, (iii) Hakk\u0131n tesisi, kullan\u0131lmas\u0131 veya korunmas\u0131 ve (iv) temel hak ve \u00f6zg\u00fcrl\u00fcklerinize zarar vermemek kayd\u0131yla, \u015eirketimizin me\u015fru menfaati, ve (v) kanundan kaynaklanmas\u0131 ama\u00e7lar\u0131 s\u0131n\u0131rlar\u0131nda i\u015flenmektedir:<\/p>\n\n\n\n<ul class=\"wp-block-list\">\n<li>\u015eirketimiz taraf\u0131ndan sunulan \u00fcr\u00fcn ve hizmetlerden faydalanman\u0131z i\u00e7in gerekli \u00e7al\u0131\u015fmalar\u0131n i\u015f birimlerimiz taraf\u0131ndan yap\u0131lmas\u0131,<\/li>\n\n\n\n<li>\u0130zin vermeniz halinde \u015eirketimiz taraf\u0131ndan be\u011feni, kullan\u0131m al\u0131\u015fkanl\u0131klar\u0131 ve ihtiya\u00e7lar\u0131na g\u00f6re \u00f6zelle\u015ftirilerek sizlere \u00f6nerilmesi,<\/li>\n\n\n\n<li>\u015eirketimiz ile i\u015f ili\u015fkisi i\u00e7erisinde olan ki\u015filerin hukuki ve ticari g\u00fcvenli\u011finin temini,<\/li>\n\n\n\n<li>\u015eirketimiz taraf\u0131ndan y\u00fcr\u00fct\u00fclen ileti\u015fime y\u00f6nelik idari operasyonlar,<\/li>\n\n\n\n<li>\u015eirketimize ait lokasyonlar\u0131n fiziksel g\u00fcvenli\u011finin ve denetiminin sa\u011flanmas\u0131,<\/li>\n\n\n\n<li>\u015eirketimizin m\u00fc\u015fteri de\u011ferlendirme\/\u015fikayet y\u00f6netimi s\u00fcre\u00e7leri, itibar ara\u015ft\u0131rma s\u00fcre\u00e7leri, hukuki uyum s\u00fcreci ve denetim gibi s\u00fcre\u00e7lerinin y\u00fcr\u00fct\u00fclmesi,<\/li>\n\n\n\n<li>\u015eirketimizin ticari ve i\u015f stratejilerinin belirlenmesi ve uygulanmas\u0131.<\/li>\n<\/ul>\n\n\n\n<p>S\u00f6z konusu verilerin kullan\u0131m ama\u00e7lar\u0131na ili\u015fkin ba\u015fl\u0131ca \u00f6rnekler daha somut olarak a\u015fa\u011f\u0131daki \u015fekilde s\u0131ralanabilecektir:<\/p>\n\n\n\n<ul class=\"wp-block-list\">\n<li>Taraf\u0131n\u0131zdan talep edilmesi durumunda e-b\u00fclten veya pazarlamaya y\u00f6nelik bilgilendirmeler gibi b\u00fcltenler g\u00f6nderebiliriz.<\/li>\n\n\n\n<li>Pazar ara\u015ft\u0131rmas\u0131, planlama ve istatistiki analizler yap\u0131lmas\u0131 amac\u0131yla ki\u015fisel verilerinizi anonim olarak kullanabiliriz.<\/li>\n\n\n\n<li>Kullan\u0131c\u0131lar\u0131n ve internet sitemizin g\u00fcvenli\u011fini sa\u011flamak ad\u0131na ki\u015fisel verilerinizi i\u015fleyebiliriz.<\/li>\n<\/ul>\n\n\n\n<p><strong>3. \u0130\u015flenen Ki\u015fisel Verilerin Kimlere ve Hangi Ama\u00e7la Aktar\u0131labilece\u011fi<\/strong><\/p>\n\n\n\n<p>Ki\u015fisel verileriniz mevzuatta \u00f6ng\u00f6r\u00fclmesi hali d\u0131\u015f\u0131nda bu Ayd\u0131nlatma Metni\u2019nde belirtilenler haricinde \u00fc\u00e7\u00fcnc\u00fc ki\u015filerle payla\u015f\u0131lmayacakt\u0131r.<\/p>\n\n\n\n<p>Ki\u015fisel verilerinizi,<\/p>\n\n\n\n<ul class=\"wp-block-list\">\n<li>\u015eirketimiz i\u00e7in destek hizmetleri sa\u011flayan bilgi i\u015flem hizmeti veren sa\u011flay\u0131c\u0131lar, sitelerimizi bar\u0131nd\u0131ran (hosting) veya i\u015fleten, verileri analiz eden hizmet sa\u011flay\u0131c\u0131lar\u0131, \u00fcr\u00fcn ve hizmetlerin sizlere ula\u015ft\u0131r\u0131lmas\u0131na yard\u0131mc\u0131 olan hizmet sa\u011flay\u0131c\u0131lar\u0131, m\u00fc\u015fteri hizmetleri sunan, \u00f6demeleri y\u00f6neten hizmet sa\u011flay\u0131c\u0131lar\u0131 gibi \u00fc\u00e7\u00fcnc\u00fc ki\u015filer ile<\/li>\n\n\n\n<li>\u015eirket yetkilileri hissedarlar\u0131m\u0131z ve kanunen yetkili kamu kurumlar\u0131 ile Kanun\u2019un 8. ve 9. maddelerinde belirtilen ki\u015fisel veri i\u015fleme \u015fartlar\u0131 ve ama\u00e7lar\u0131 \u00e7er\u00e7evesinde payla\u015fabiliriz.<\/li>\n<\/ul>\n\n\n\n<p>\u0130lgili \u00fc\u00e7\u00fcnc\u00fc ki\u015filer, s\u00f6z konusu hizmeti yerine getirebilmek i\u00e7in gerekli olan ilgili ki\u015fisel veriye eri\u015fim sa\u011flamaktad\u0131r. Bu durumda, s\u00f6z konusu \u00fc\u00e7\u00fcnc\u00fc ki\u015filer, bilgilerinizi yaln\u0131zca \u015eirketimiz ad\u0131na hizmet vermek i\u00e7in kullanacak, s\u00f6zle\u015fmesel y\u00fck\u00fcml\u00fcl\u00fckleri \u00e7er\u00e7evesinde bu bilgileri gizli tutmak ve ba\u015fka hi\u00e7bir ama\u00e7la kullanmama y\u00fck\u00fcml\u00fcl\u00fc\u011f\u00fc alt\u0131nda olacaklard\u0131r.<\/p>\n\n\n\n<p><strong>4. Ki\u015fisel Veri Toplaman\u0131n Y\u00f6ntemi ve Hukuki Sebebi<\/strong><\/p>\n\n\n\n<p>Ki\u015fisel verileriniz, her t\u00fcrl\u00fc s\u00f6zl\u00fc, yaz\u0131l\u0131 ya da elektronik ortamda, otomatik veya otomatik olmayan yollar ile yukar\u0131da yer verilen gerek\u00e7eler do\u011frultusunda \u015eirketimiz taraf\u0131ndan sunulan \u00fcr\u00fcn ve hizmetlerin belirlenen yasal \u00e7er\u00e7evede sunulabilmesi ve bu kapsamda \u015eirketimizin s\u00f6zle\u015fme ve mevzuattan do\u011fan y\u00fck\u00fcml\u00fcl\u00fcklerini eksiksiz ve do\u011fru bir \u015fekilde ifa edilebilmesi i\u00e7in elde ile edilir.<\/p>\n\n\n\n<p>Yukar\u0131da belirtilen hukuki sebeple toplanan ki\u015fisel verileriniz Kanun\u2019un 5. ve 6. maddelerinde belirtilen ki\u015fisel veri i\u015fleme \u015fartlar\u0131 ve ama\u00e7lar\u0131 kapsam\u0131nda bu metnin (2) ve (3) numaral\u0131 maddelerinde belirtilen gerek\u00e7elerle de i\u015flenebilmekte ve aktar\u0131labilmektedir.<\/p>\n\n\n\n<p><strong>5. Ki\u015fisel Veri Sahibinin Kanun\u2019un 11. Maddesinde Say\u0131lan Haklar\u0131<\/strong><\/p>\n\n\n\n<p>Kanun\u2019un 11. maddesi gere\u011fince a\u015fa\u011f\u0131daki haklara sahip oldu\u011funuzu hat\u0131rlatmak isteriz:<\/p>\n\n\n\n<p>Ki\u015fisel verilerinizin;<\/p>\n\n\n\n<ul class=\"wp-block-list\">\n<li>\u0130\u015flenip i\u015flenmedi\u011fini \u00f6\u011frenme,<\/li>\n\n\n\n<li>\u0130\u015flenmi\u015fse buna ili\u015fkin bilgi talep etme,<\/li>\n\n\n\n<li>\u0130\u015flenme amac\u0131n\u0131 ve bu amaca uygun kullan\u0131l\u0131p kullan\u0131lmad\u0131\u011f\u0131n\u0131 \u00f6\u011frenme,<\/li>\n\n\n\n<li>Yurt i\u00e7inde veya yurt d\u0131\u015f\u0131nda aktar\u0131ld\u0131\u011f\u0131 \u00fc\u00e7\u00fcnc\u00fc ki\u015fileri bilme,<\/li>\n\n\n\n<li>Eksik veya yanl\u0131\u015f i\u015flenmi\u015f olmas\u0131 halinde bunlar\u0131n d\u00fczeltilmesini isteme ve bu kapsamda yap\u0131lan i\u015flemin aktar\u0131ld\u0131\u011f\u0131 \u00fc\u00e7\u00fcnc\u00fc ki\u015filere bildirilmesini isteme,<\/li>\n\n\n\n<li>Kanun ve ilgili di\u011fer kanun h\u00fck\u00fcmlerine uygun olarak i\u015flenmi\u015f olmas\u0131na ra\u011fmen, i\u015flenmesini gerektiren sebeplerin ortadan kalkmas\u0131 halinde ki\u015fisel verilerin silinmesini veya yok edilmesini isteme ve bu kapsamda yap\u0131lan i\u015flemin aktar\u0131ld\u0131\u011f\u0131 \u00fc\u00e7\u00fcnc\u00fc ki\u015filere bildirilmesini isteme,<\/li>\n\n\n\n<li>M\u00fcnhas\u0131ran otomatik sistemler vas\u0131tas\u0131yla analiz edilmesi suretiyle ki\u015finin kendisi aleyhine bir sonucun ortaya \u00e7\u0131kmas\u0131na itiraz etme,<\/li>\n\n\n\n<li>Kanun\u2019a ayk\u0131r\u0131 olarak i\u015flenmesi sebebiyle zarara u\u011framas\u0131 halinde zarar\u0131n giderilmesini talep etme.<\/li>\n<\/ul>\n\n\n\n<p>\u00d6te yandan, ki\u015fisel verilerinizi her zaman size \u00f6zel tan\u0131mlanm\u0131\u015f olan \u00fcyelik hesab\u0131n\u0131zdan bizzat g\u00fcncelleyebilirsiniz.<\/p>\n\n\n\n<p><strong>6. Ki\u015fisel Veri Sahibinin Ba\u015fvuru Hakk\u0131<\/strong><br>Haklar\u0131n\u0131z\u0131 kullanmay\u0131 talep etmeniz halinde yaz\u0131l\u0131 olarak e-posta\u2019n\u0131n konu k\u0131sm\u0131na \u201cKi\u015fisel Verilerin Korunmas\u0131 Kanunu Bilgi Talebi\u201d ba\u015fl\u0131k bilgisiyle <a href=\"mailto:dataprivacy@hotelrunner.com\">dataprivacy@hotelrunner.com<\/a> adresine ba\u015fvurabilir veya Ki\u015fisel Verileri Koruma Kurulu\u2019nun belirledi\u011fi di\u011fer y\u00f6ntemler ile iletebilirsiniz.<\/p>\n\n\n\n<p>Ba\u015fvurunuzda ad\u0131n\u0131z ve soyad\u0131n\u0131z, ba\u015fvurunuz yaz\u0131l\u0131 ise imzan\u0131z, T\u00fcrkiye Cumhuriyeti vatanda\u015f\u0131 iseniz T.C. kimlik numaran\u0131z, yabanc\u0131lar i\u00e7in uyru\u011funuz ve pasaport numaran\u0131z, tebligata esas yerle\u015fim yeriniz ve varsa bildirim i\u00e7in e-posta adresiniz veya telefon numaran\u0131z ile talep konunuz yer almal\u0131d\u0131r.<\/p>\n\n\n\n<p>Niteli\u011fine g\u00f6re talebiniz m\u00fcmk\u00fcn olan en k\u0131sa s\u00fcrede ve en ge\u00e7 30 (otuz) g\u00fcn i\u00e7inde sonu\u00e7land\u0131r\u0131lacakt\u0131r. Makul olmayacak d\u00fczeyde yinelenen, orant\u0131s\u0131z d\u00fczeyde teknik \u00e7aba gerektiren, ba\u015fkalar\u0131n\u0131n gizlili\u011fini tehlikeye atan veya ba\u015fka \u015fekilde a\u015f\u0131r\u0131 derecede zor olan istekleri reddetme hakk\u0131m\u0131z\u0131n ve bilgi alma hakk\u0131n\u0131z ile ilgili sizden \u00fccret isteme hakk\u0131m\u0131z\u0131n sakl\u0131 oldu\u011funu belirtmek isteriz.<\/p>\n","protected":false},"excerpt":{"rendered":"<p>HotelRunner olarak internet sitemizi ziyaret eden ve bizimle ileti\u015fim kuran herkesin ki\u015fisel verilerine sayg\u0131 g\u00f6steriyoruz. Bu bilin\u00e7le, \u00fcr\u00fcn ve hizmetlerimizden faydalanan ki\u015filer dahil, \u015eirketimiz ile ili\u015fkili t\u00fcm ger\u00e7ek ki\u015filere ait her t\u00fcrl\u00fc ki\u015fisel verilerin 6698 say\u0131l\u0131 Ki\u015fisel Verilerin Korunmas\u0131 Kanunu\u2019na (\u201cKanun\u201d) uygun olarak i\u015flenmesini ve muhafazas\u0131n\u0131 sa\u011flamak i\u00e7in gerekli tedbirleri al\u0131yoruz. Bu sorumlulu\u011fumuzun fark\u0131nda olarak, [&hellip;]<\/p>\n","protected":false},"author":7,"featured_media":0,"parent":0,"menu_order":0,"comment_status":"closed","ping_status":"closed","template":"","meta":{"_acf_changed":false,"footnotes":""},"page_category":[479],"page_type":[],"class_list":["post-69440","page","type-page","status-publish","hentry","page_category-veri-koruma-ve-gizlilik"],"acf":[],"_links":{"self":[{"href":"https:\/\/hotelrunner.com\/tr\/wp-json\/wp\/v2\/pages\/69440","targetHints":{"allow":["GET"]}}],"collection":[{"href":"https:\/\/hotelrunner.com\/tr\/wp-json\/wp\/v2\/pages"}],"about":[{"href":"https:\/\/hotelrunner.com\/tr\/wp-json\/wp\/v2\/types\/page"}],"author":[{"embeddable":true,"href":"https:\/\/hotelrunner.com\/tr\/wp-json\/wp\/v2\/users\/7"}],"replies":[{"embeddable":true,"href":"https:\/\/hotelrunner.com\/tr\/wp-json\/wp\/v2\/comments?post=69440"}],"version-history":[{"count":0,"href":"https:\/\/hotelrunner.com\/tr\/wp-json\/wp\/v2\/pages\/69440\/revisions"}],"wp:attachment":[{"href":"https:\/\/hotelrunner.com\/tr\/wp-json\/wp\/v2\/media?parent=69440"}],"wp:term":[{"taxonomy":"page_category","embeddable":true,"href":"https:\/\/hotelrunner.com\/tr\/wp-json\/wp\/v2\/page_category?post=69440"},{"taxonomy":"page_type","embeddable":true,"href":"https:\/\/hotelrunner.com\/tr\/wp-json\/wp\/v2\/page_type?post=69440"}],"curies":[{"name":"wp","href":"https:\/\/api.w.org\/{rel}","templated":true}]}}