




{"id":69821,"date":"2024-09-26T19:02:37","date_gmt":"2024-09-26T19:02:37","guid":{"rendered":"https:\/\/hotelrunner.com\/?page_id=69821"},"modified":"2025-12-18T11:24:16","modified_gmt":"2025-12-18T08:24:16","slug":"yardim-ve-destek","status":"publish","type":"page","link":"https:\/\/hotelrunner.com\/tr\/yardim-ve-destek\/","title":{"rendered":"Yard\u0131m &#038; Destek"},"content":{"rendered":"\t\t<div data-elementor-type=\"wp-page\" data-elementor-id=\"69821\" class=\"elementor elementor-69821 elementor-69812\" data-elementor-post-type=\"page\">\n\t\t\t\t\t\t<section class=\"elementor-section elementor-top-section elementor-element elementor-element-fc0a30b elementor-section-boxed elementor-section-height-default elementor-section-height-default\" data-id=\"fc0a30b\" data-element_type=\"section\" data-e-type=\"section\">\n\t\t\t\t\t\t<div class=\"elementor-container elementor-column-gap-default\">\n\t\t\t\t\t<div class=\"elementor-column elementor-col-100 elementor-top-column elementor-element elementor-element-52d3995\" data-id=\"52d3995\" data-element_type=\"column\" data-e-type=\"column\">\n\t\t\t<div class=\"elementor-widget-wrap elementor-element-populated\">\n\t\t\t\t\t\t<section class=\"elementor-section elementor-inner-section elementor-element elementor-element-b2cd923 elementor-reverse-mobile elementor-section-content-middle elementor-section-boxed elementor-section-height-default elementor-section-height-default\" data-id=\"b2cd923\" data-element_type=\"section\" data-e-type=\"section\" data-settings=\"{&quot;animation&quot;:&quot;none&quot;}\">\n\t\t\t\t\t\t<div class=\"elementor-container elementor-column-gap-default\">\n\t\t\t\t\t<div class=\"elementor-column elementor-col-100 elementor-inner-column elementor-element elementor-element-0ed6efd\" data-id=\"0ed6efd\" data-element_type=\"column\" data-e-type=\"column\">\n\t\t\t<div class=\"elementor-widget-wrap elementor-element-populated\">\n\t\t\t\t\t\t<div class=\"elementor-element elementor-element-d9617cc elementor-widget elementor-widget-hr_label\" data-id=\"d9617cc\" data-element_type=\"widget\" data-e-type=\"widget\" data-widget_type=\"hr_label.default\">\n\t\t\t\t<div class=\"elementor-widget-container\">\n\t\t\t\t\t            <span class=\"hr-label\">Destek Hat\u0131<\/span>\n            \t\t\t\t<\/div>\n\t\t\t\t<\/div>\n\t\t\t\t<div class=\"elementor-element elementor-element-e5e7226 elementor-widget elementor-widget-heading\" data-id=\"e5e7226\" data-element_type=\"widget\" data-e-type=\"widget\" data-widget_type=\"heading.default\">\n\t\t\t\t<div class=\"elementor-widget-container\">\n\t\t\t\t\t<h1 class=\"elementor-heading-title elementor-size-default\">Talebinizi iletin\n<\/h1>\t\t\t\t<\/div>\n\t\t\t\t<\/div>\n\t\t\t\t<div class=\"elementor-element elementor-element-2edb942 elementor-widget elementor-widget-text-editor\" data-id=\"2edb942\" data-element_type=\"widget\" data-e-type=\"widget\" data-widget_type=\"text-editor.default\">\n\t\t\t\t<div class=\"elementor-widget-container\">\n\t\t\t\t\t\t\t\t\tDestek Ekibimizin size en iyi \u015fekilde yard\u0131mc\u0131 olabilmesi i\u00e7in olabildi\u011fince detayl\u0131 bilgi verdi\u011finizden emin olun.\n\t\t\t\t\t\t\t\t<\/div>\n\t\t\t\t<\/div>\n\t\t\t\t\t<\/div>\n\t\t<\/div>\n\t\t\t\t\t<\/div>\n\t\t<\/section>\n\t\t\t\t<section class=\"elementor-section elementor-inner-section elementor-element elementor-element-ec5c1a4 elementor-section-content-middle elementor-section-boxed elementor-section-height-default elementor-section-height-default\" data-id=\"ec5c1a4\" data-element_type=\"section\" data-e-type=\"section\" data-settings=\"{&quot;animation&quot;:&quot;none&quot;}\">\n\t\t\t\t\t\t<div class=\"elementor-container elementor-column-gap-default\">\n\t\t\t\t\t<div class=\"elementor-column elementor-col-50 elementor-inner-column elementor-element elementor-element-09a9f59\" data-id=\"09a9f59\" data-element_type=\"column\" data-e-type=\"column\">\n\t\t\t<div class=\"elementor-widget-wrap elementor-element-populated\">\n\t\t\t\t\t\t<div class=\"elementor-element elementor-element-d148b68 elementor-widget elementor-widget-html\" data-id=\"d148b68\" data-element_type=\"widget\" data-e-type=\"widget\" data-widget_type=\"html.default\">\n\t\t\t\t<div class=\"elementor-widget-container\">\n\t\t\t\t\t<div class=\"support-form-container\">\n    <form id=\"support-form\" action=\"https:\/\/webto.salesforce.com\/servlet\/servlet.WebToCase?encoding=UTF-8&amp;orgId=00D1t000000w1Fm\" method=\"POST\" data-cb-wrapper=\"true\" target=\"hidden_iframe\">\n       <input type=\"hidden\" name=\"orgid\" value=\"00D1t000000w1Fm\">\n       <input type=\"hidden\" id=\"origin\" name=\"origin\" value=\"hotelrunner.com\" \/>\n       <input type=\"hidden\" name=\"retURL\" value=\"javascript:void(0)\">\n       <div class=\"field-container\">\n          <label for=\"email\">E-Posta<\/label><input id=\"email\" maxlength=\"80\" name=\"email\" size=\"20\" type=\"email\" required=\"\"><br>\n       <\/div>\n       <div class=\"field-container\">\n          <label for=\"company\">Firma Ad\u0131<\/label><input id=\"company\" maxlength=\"80\" name=\"company\" size=\"20\" type=\"text\" required=\"\"><br>\n       <\/div>\n       <div class=\"field-container\">\n          <label for=\"subject\">Yard\u0131m Konusu\n<\/label><input id=\"subject\" maxlength=\"80\" name=\"subject\" size=\"20\" type=\"text\" required=\"\"><br>\n       <\/div>\n       <div class=\"field-container description\">\n          <label for=\"description\">Sorununuzu a\u00e7\u0131klay\u0131n<\/label><textarea required=\"\" name=\"description\"><\/textarea><br>\n       <\/div>\n       <div class=\"field-container checkbox-container\">\n          <input required type=\"checkbox\" id=\"terms-privacy\" name=\"terms-privacy\">\n          <label for=\"terms-privacy\"><span class=\"hr-checkbox-text\">Bu formu doldurarak HotelRunner e-postalar\u0131 ve g\u00fcncellemelerini almay\u0131 ve Kullan\u0131m \u015eartlar\u0131'n\u0131 kabul eder <a href=\"https:\/\/hotelrunner.com\/tr\/privacy\/\">Gizlilik Kurallar\u0131<\/a>'n\u0131 okudu\u011funuzu onaylars\u0131n\u0131z.<\/span><\/label><br>\n       <\/div>\n       <div class=\"field-container checkbox-container\">\n          <input required type=\"checkbox\" id=\"privacy-statement\" name=\"privacy-statement\">\n          <label for=\"privacy-statement\"><a target=\"_blank\" href=\"https:\/\/hotelrunner.com\/tr\/talep-sikayet-oneri-aydinlatma-metni\/\">Talep \/ \u015eikayet \/ \u00d6neri S\u00fcre\u00e7lerine \u0130li\u015fkin Ayd\u0131nlatma Metni<\/a>'ni okudum ve anlad\u0131m.<\/label><br>\n       <\/div>\n       <div class=\"field-container checkbox-container\">\n          <input  type=\"checkbox\" id=\"commercial-consent\" name=\"commercial-consent\">\n          <label for=\"commercial-consent\"><a href=\"https:\/\/hotelrunner.com\/tr\/ticari-elektronik-ileti-onay-metni\/\" target=\"_blank\">Ticari Elektronik \u0130leti Onay Metni<\/a>'ni okudum ve kabul ediyorum<\/label><br>\n       <\/div>\n       <div class=\"field-container\">\n          <input type=\"submit\" name=\"submit\" value=\"G\u00f6nder\">\n       <\/div>\n    <\/form>\n    <iframe name=\"hidden_iframe\" id=\"hidden_iframe\" style=\"display:none;\"><\/iframe>\n    <div id=\"thank-you-message\" style=\"display: none;\">\n        <h3>HotelRunner\u2019a g\u00f6sterdi\u011finiz ilgi i\u00e7in te\u015fekk\u00fcr ederiz!<\/h3>\n        <p>Formunuz ba\u015far\u0131yla iletildi. K\u0131sa s\u00fcre i\u00e7inde sizinle ileti\u015fime ge\u00e7ece\u011fiz.<\/p>\n    <\/div>\n<\/div>\n \n<script>\nlet formSubmitted = false;\n\ndocument.getElementById('hidden_iframe').addEventListener('load', function() {\n    if (formSubmitted) {\n        document.getElementById('support-form').style.display = 'none';\n        document.getElementById('thank-you-message').style.display = 'block';\n    }\n});\n\ndocument.getElementById('support-form').addEventListener('submit', function(e) {\n    formSubmitted = true;\n    \/\/ Prevent multiple submissions\n    const submitButton = this.querySelector('input[type=\"submit\"]');\n    submitButton.disabled = true;\n    submitButton.value = 'Submitting...';\n});\n<\/script> \t\t\t\t<\/div>\n\t\t\t\t<\/div>\n\t\t\t\t\t<\/div>\n\t\t<\/div>\n\t\t\t\t<div class=\"elementor-column elementor-col-50 elementor-inner-column elementor-element elementor-element-0712015\" data-id=\"0712015\" data-element_type=\"column\" data-e-type=\"column\">\n\t\t\t<div class=\"elementor-widget-wrap elementor-element-populated\">\n\t\t\t\t\t\t<div class=\"elementor-element elementor-element-9384886 elementor-widget elementor-widget-image\" data-id=\"9384886\" data-element_type=\"widget\" data-e-type=\"widget\" data-widget_type=\"image.default\">\n\t\t\t\t<div class=\"elementor-widget-container\">\n\t\t\t\t\t\t\t\t\t\t\t\t\t\t\t<img decoding=\"async\" src=\"https:\/\/hotelrunner.com\/wp-content\/uploads\/2024\/09\/support.svg\" class=\"attachment-full size-full wp-image-69698\" alt=\"\">\t\t\t\t\t\t\t\t\t\t\t\t\t\t\t<\/div>\n\t\t\t\t<\/div>\n\t\t\t\t<div class=\"elementor-element elementor-element-8544be2 elementor-widget elementor-widget-heading\" data-id=\"8544be2\" data-element_type=\"widget\" data-e-type=\"widget\" data-widget_type=\"heading.default\">\n\t\t\t\t<div class=\"elementor-widget-container\">\n\t\t\t\t\t<h5 class=\"elementor-heading-title elementor-size-default\">Yard\u0131ma ihtiyac\u0131n\u0131z ya da sormak istedikleriniz mi var?<\/h5>\t\t\t\t<\/div>\n\t\t\t\t<\/div>\n\t\t\t\t<div class=\"elementor-element elementor-element-ae54777 elementor-widget elementor-widget-text-editor\" data-id=\"ae54777\" data-element_type=\"widget\" data-e-type=\"widget\" data-widget_type=\"text-editor.default\">\n\t\t\t\t<div class=\"elementor-widget-container\">\n\t\t\t\t\t\t\t\t\tYard\u0131m masam\u0131za ba\u015fvurun.\t\t\t\t\t\t\t\t<\/div>\n\t\t\t\t<\/div>\n\t\t\t\t<div class=\"elementor-element elementor-element-8f54594 elementor-widget elementor-widget-hr_button\" data-id=\"8f54594\" data-element_type=\"widget\" data-e-type=\"widget\" data-widget_type=\"hr_button.default\">\n\t\t\t\t<div class=\"elementor-widget-container\">\n\t\t\t\t\t        <div class=\"btn-wrapper\" >\n            <a href=\"https:\/\/support.hotelrunner.com\/\" target=\"_blank\" \n               class=\"btn normal has-no-icon\"\n               >\n                                <span class=\"btn-text\">Yard\u0131m masas\u0131<\/span>\n                            <\/a>\n        <\/div>\n        \t\t\t\t<\/div>\n\t\t\t\t<\/div>\n\t\t\t\t\t<\/div>\n\t\t<\/div>\n\t\t\t\t\t<\/div>\n\t\t<\/section>\n\t\t\t\t\t<\/div>\n\t\t<\/div>\n\t\t\t\t\t<\/div>\n\t\t<\/section>\n\t\t\t\t<\/div>\n\t\t","protected":false},"excerpt":{"rendered":"<p>Destek Hat\u0131 Talebinizi iletin Destek Ekibimizin size en iyi \u015fekilde yard\u0131mc\u0131 olabilmesi i\u00e7in olabildi\u011fince detayl\u0131 bilgi verdi\u011finizden emin olun. E-Posta Firma Ad\u0131 Yard\u0131m Konusu Sorununuzu a\u00e7\u0131klay\u0131n Bu formu doldurarak HotelRunner e-postalar\u0131 ve g\u00fcncellemelerini almay\u0131 ve Kullan\u0131m \u015eartlar\u0131&#8217;n\u0131 kabul eder Gizlilik Kurallar\u0131&#8216;n\u0131 okudu\u011funuzu onaylars\u0131n\u0131z. Talep \/ \u015eikayet \/ \u00d6neri S\u00fcre\u00e7lerine \u0130li\u015fkin Ayd\u0131nlatma Metni&#8216;ni okudum ve anlad\u0131m. [&hellip;]<\/p>\n","protected":false},"author":1,"featured_media":0,"parent":0,"menu_order":0,"comment_status":"closed","ping_status":"closed","template":"","meta":{"_acf_changed":false,"footnotes":""},"page_category":[],"page_type":[],"class_list":["post-69821","page","type-page","status-publish","hentry"],"acf":[],"_links":{"self":[{"href":"https:\/\/hotelrunner.com\/tr\/wp-json\/wp\/v2\/pages\/69821","targetHints":{"allow":["GET"]}}],"collection":[{"href":"https:\/\/hotelrunner.com\/tr\/wp-json\/wp\/v2\/pages"}],"about":[{"href":"https:\/\/hotelrunner.com\/tr\/wp-json\/wp\/v2\/types\/page"}],"author":[{"embeddable":true,"href":"https:\/\/hotelrunner.com\/tr\/wp-json\/wp\/v2\/users\/1"}],"replies":[{"embeddable":true,"href":"https:\/\/hotelrunner.com\/tr\/wp-json\/wp\/v2\/comments?post=69821"}],"version-history":[{"count":0,"href":"https:\/\/hotelrunner.com\/tr\/wp-json\/wp\/v2\/pages\/69821\/revisions"}],"wp:attachment":[{"href":"https:\/\/hotelrunner.com\/tr\/wp-json\/wp\/v2\/media?parent=69821"}],"wp:term":[{"taxonomy":"page_category","embeddable":true,"href":"https:\/\/hotelrunner.com\/tr\/wp-json\/wp\/v2\/page_category?post=69821"},{"taxonomy":"page_type","embeddable":true,"href":"https:\/\/hotelrunner.com\/tr\/wp-json\/wp\/v2\/page_type?post=69821"}],"curies":[{"name":"wp","href":"https:\/\/api.w.org\/{rel}","templated":true}]}}