




{"id":70854,"date":"2024-09-30T17:29:49","date_gmt":"2024-09-30T17:29:49","guid":{"rendered":"https:\/\/hotelrunner.com\/?page_id=70854"},"modified":"2026-04-10T10:36:01","modified_gmt":"2026-04-10T07:36:01","slug":"is-ortakligi-programlari","status":"publish","type":"page","link":"https:\/\/hotelrunner.com\/tr\/is-ortakligi-programlari\/","title":{"rendered":"I\u0307\u015f Orta\u011f\u0131 Programlar\u0131"},"content":{"rendered":"\t\t<div data-elementor-type=\"wp-page\" data-elementor-id=\"70854\" class=\"elementor elementor-70854 elementor-70701\" data-elementor-post-type=\"page\">\n\t\t\t\t\t\t<section class=\"elementor-section elementor-top-section elementor-element elementor-element-acc1178 elementor-section-boxed elementor-section-height-default elementor-section-height-default\" data-id=\"acc1178\" data-element_type=\"section\" data-e-type=\"section\">\n\t\t\t\t\t\t<div class=\"elementor-container elementor-column-gap-default\">\n\t\t\t\t\t<div class=\"elementor-column elementor-col-100 elementor-top-column elementor-element elementor-element-24e8a1b\" data-id=\"24e8a1b\" data-element_type=\"column\" data-e-type=\"column\">\n\t\t\t<div class=\"elementor-widget-wrap elementor-element-populated\">\n\t\t\t\t\t\t<div class=\"elementor-element elementor-element-19c324b elementor-widget__width-auto elementor-widget elementor-widget-hr_label\" data-id=\"19c324b\" data-element_type=\"widget\" data-e-type=\"widget\" data-widget_type=\"hr_label.default\">\n\t\t\t\t<div class=\"elementor-widget-container\">\n\t\t\t\t\t            <a class=\"hr-label\"  href=\"https:\/\/hotelrunner.com\/tr\/haberler\/kurumsal\/hotelrunner-dunyanin-en-buyuk-turizm-fuarlarindan-emittte\/\">I\u0307\u015f ortakl\u0131\u011f\u0131 programlar\u0131<\/a>\n            \t\t\t\t<\/div>\n\t\t\t\t<\/div>\n\t\t\t\t<div class=\"elementor-element elementor-element-73910c9 elementor-widget elementor-widget-heading\" data-id=\"73910c9\" data-element_type=\"widget\" data-e-type=\"widget\" data-widget_type=\"heading.default\">\n\t\t\t\t<div class=\"elementor-widget-container\">\n\t\t\t\t\t<h1 class=\"elementor-heading-title elementor-size-default\">Bize kat\u0131l\u0131n<\/h1>\t\t\t\t<\/div>\n\t\t\t\t<\/div>\n\t\t\t\t<div class=\"elementor-element elementor-element-c5cc561 elementor-widget__width-initial elementor-widget elementor-widget-text-editor\" data-id=\"c5cc561\" data-element_type=\"widget\" data-e-type=\"widget\" data-widget_type=\"text-editor.default\">\n\t\t\t\t<div class=\"elementor-widget-container\">\n\t\t\t\t\t\t\t\t\t<p>Sekt\u00f6r\u00fcn en \u00e7ok kazand\u0131ran ortakl\u0131k program\u0131 kapsam\u0131nda gelir payla\u015f\u0131m\u0131 modellerimizden faydalan\u0131n.<\/p>\t\t\t\t\t\t\t\t<\/div>\n\t\t\t\t<\/div>\n\t\t\t\t\t<\/div>\n\t\t<\/div>\n\t\t\t\t\t<\/div>\n\t\t<\/section>\n\t\t\t\t<section class=\"elementor-section elementor-top-section elementor-element elementor-element-137dd68 elementor-section-boxed elementor-section-height-default elementor-section-height-default\" data-id=\"137dd68\" data-element_type=\"section\" data-e-type=\"section\">\n\t\t\t\t\t\t<div class=\"elementor-container elementor-column-gap-default\">\n\t\t\t\t\t<div class=\"elementor-column elementor-col-50 elementor-top-column elementor-element elementor-element-5d7660d\" data-id=\"5d7660d\" data-element_type=\"column\" data-e-type=\"column\">\n\t\t\t<div class=\"elementor-widget-wrap elementor-element-populated\">\n\t\t\t\t\t\t<div class=\"elementor-element elementor-element-7377b22 elementor-widget elementor-widget-hr_sidebar\" data-id=\"7377b22\" data-element_type=\"widget\" data-e-type=\"widget\" data-widget_type=\"hr_sidebar.default\">\n\t\t\t\t<div class=\"elementor-widget-container\">\n\t\t\t\t\t        <div class=\"sidebar\">\n            <span>\u0130\u015f Ortakl\u0131\u011f\u0131 Programlar\u0131<\/span>            \n                            <ul>\n                                            <li><a href=\"https:\/\/hotelrunner.com\/partner-programs\/affiliates\/\">\u0130\u015f ortaklar\u0131<\/a><\/li>\n                                                <li><a href=\"https:\/\/hotelrunner.com\/partner-programs\/channel-partners\/\">Kanal ortaklar\u0131<\/a><\/li>\n                                                <li><a href=\"https:\/\/hotelrunner.com\/partner-programs\/freelancers-agency-partners\/\">Serbest \u00e7al\u0131\u015fanlar ve ajans ortaklar\u0131<\/a><\/li>\n                                                <li><a href=\"https:\/\/hotelrunner.com\/partner-programs\/hotel-consultancy-partners\/\">Otel dan\u0131\u015fmanl\u0131k ortaklar\u0131<\/a><\/li>\n                                        <\/ul>\n                        <\/div>\n        \t\t\t\t<\/div>\n\t\t\t\t<\/div>\n\t\t\t\t\t<\/div>\n\t\t<\/div>\n\t\t\t\t<div class=\"elementor-column elementor-col-50 elementor-top-column elementor-element elementor-element-8f55211\" data-id=\"8f55211\" data-element_type=\"column\" data-e-type=\"column\">\n\t\t\t<div class=\"elementor-widget-wrap elementor-element-populated\">\n\t\t\t\t\t\t<div class=\"elementor-element elementor-element-01deb49 elementor-widget elementor-widget-heading\" data-id=\"01deb49\" data-element_type=\"widget\" data-e-type=\"widget\" data-widget_type=\"heading.default\">\n\t\t\t\t<div class=\"elementor-widget-container\">\n\t\t\t\t\t<h5 class=\"elementor-heading-title elementor-size-default\">\u0130\u015f ortaklar\u0131<\/h5>\t\t\t\t<\/div>\n\t\t\t\t<\/div>\n\t\t\t\t<div class=\"elementor-element elementor-element-13172e0 elementor-widget elementor-widget-text-editor\" data-id=\"13172e0\" data-element_type=\"widget\" data-e-type=\"widget\" data-widget_type=\"text-editor.default\">\n\t\t\t\t<div class=\"elementor-widget-container\">\n\t\t\t\t\t\t\t\t\tSeyahat sekt\u00f6r\u00fcndeki ba\u011flant\u0131lar\u0131n\u0131z\u0131 ya da online varl\u0131\u011f\u0131n\u0131z\u0131 gelire d\u00f6n\u00fc\u015ft\u00fcrmek ister misiniz? \u0130\u015f orta\u011f\u0131m\u0131z olmak i\u00e7in ba\u015fvurun ve nas\u0131l kazanabilece\u011finizi \u00f6\u011frenin.\t\t\t\t\t\t\t\t<\/div>\n\t\t\t\t<\/div>\n\t\t\t\t<div class=\"elementor-element elementor-element-e051af2 elementor-widget elementor-widget-hr_button\" data-id=\"e051af2\" data-element_type=\"widget\" data-e-type=\"widget\" data-widget_type=\"hr_button.default\">\n\t\t\t\t<div class=\"elementor-widget-container\">\n\t\t\t\t\t        <div class=\"btn-wrapper\" >\n            <a href=\"https:\/\/hotelrunner.com\/tr\/is-ortakligi-programlari\/is-ortaklari\/\" target=\"_self\" \n               class=\"btn text has-no-icon\"\n               >\n                                <span class=\"btn-text\">Daha fazlas\u0131<\/span>\n                            <\/a>\n        <\/div>\n        \t\t\t\t<\/div>\n\t\t\t\t<\/div>\n\t\t\t\t<div class=\"elementor-element elementor-element-1e2c66a elementor-widget elementor-widget-heading\" data-id=\"1e2c66a\" data-element_type=\"widget\" data-e-type=\"widget\" data-widget_type=\"heading.default\">\n\t\t\t\t<div class=\"elementor-widget-container\">\n\t\t\t\t\t<h5 class=\"elementor-heading-title elementor-size-default\">Kanal ortaklar\u0131<\/h5>\t\t\t\t<\/div>\n\t\t\t\t<\/div>\n\t\t\t\t<div class=\"elementor-element elementor-element-500115d elementor-widget elementor-widget-text-editor\" data-id=\"500115d\" data-element_type=\"widget\" data-e-type=\"widget\" data-widget_type=\"text-editor.default\">\n\t\t\t\t<div class=\"elementor-widget-container\">\n\t\t\t\t\t\t\t\t\tButik \u00e7evrimi\u00e7i seyahat acentelerinden sekt\u00f6r\u00fcn uluslararas\u0131 dev oyuncular\u0131na, her \u00f6l\u00e7ekte seyahat acentesiyle i\u015fbirli\u011fi yaparak kanal y\u00f6netimi \u00e7\u00f6z\u00fcmleri sunuyoruz.\t\t\t\t\t\t\t\t<\/div>\n\t\t\t\t<\/div>\n\t\t\t\t<div class=\"elementor-element elementor-element-6c7db26 elementor-widget elementor-widget-hr_button\" data-id=\"6c7db26\" data-element_type=\"widget\" data-e-type=\"widget\" data-widget_type=\"hr_button.default\">\n\t\t\t\t<div class=\"elementor-widget-container\">\n\t\t\t\t\t        <div class=\"btn-wrapper\" >\n            <a href=\"https:\/\/hotelrunner.com\/tr\/is-ortakligi-programlari\/kanal-ortaklari\/\" target=\"_self\" \n               class=\"btn text has-no-icon\"\n               >\n                                <span class=\"btn-text\">Daha fazlas\u0131<\/span>\n                            <\/a>\n        <\/div>\n        \t\t\t\t<\/div>\n\t\t\t\t<\/div>\n\t\t\t\t<div class=\"elementor-element elementor-element-6ef42b6 elementor-widget elementor-widget-heading\" data-id=\"6ef42b6\" data-element_type=\"widget\" data-e-type=\"widget\" data-widget_type=\"heading.default\">\n\t\t\t\t<div class=\"elementor-widget-container\">\n\t\t\t\t\t<h5 class=\"elementor-heading-title elementor-size-default\">Serbest \u00e7al\u0131\u015fanlar ve ajans ortaklar\u0131<\/h5>\t\t\t\t<\/div>\n\t\t\t\t<\/div>\n\t\t\t\t<div class=\"elementor-element elementor-element-11172b5 elementor-widget elementor-widget-text-editor\" data-id=\"11172b5\" data-element_type=\"widget\" data-e-type=\"widget\" data-widget_type=\"text-editor.default\">\n\t\t\t\t<div class=\"elementor-widget-container\">\n\t\t\t\t\t\t\t\t\tOtellere ve seyahat acentelerine \u00e7\u00f6z\u00fcmler sunuyorsan\u0131z, ortakl\u0131k program\u0131m\u0131za kat\u0131larak has\u0131lat pay\u0131 kazanabilir ve \u00f6zel kaynaklara eri\u015febilirsiniz.\t\t\t\t\t\t\t\t<\/div>\n\t\t\t\t<\/div>\n\t\t\t\t<div class=\"elementor-element elementor-element-16bbb74 elementor-widget elementor-widget-hr_button\" data-id=\"16bbb74\" data-element_type=\"widget\" data-e-type=\"widget\" data-widget_type=\"hr_button.default\">\n\t\t\t\t<div class=\"elementor-widget-container\">\n\t\t\t\t\t        <div class=\"btn-wrapper\" >\n            <a href=\"https:\/\/hotelrunner.com\/tr\/is-ortakligi-programlari\/serbest-calisanlar-ve-ajans-ortaklari\/\" target=\"_self\" \n               class=\"btn text has-no-icon\"\n               >\n                                <span class=\"btn-text\">Daha fazlas\u0131<\/span>\n                            <\/a>\n        <\/div>\n        \t\t\t\t<\/div>\n\t\t\t\t<\/div>\n\t\t\t\t<div class=\"elementor-element elementor-element-eee1e13 elementor-widget elementor-widget-heading\" data-id=\"eee1e13\" data-element_type=\"widget\" data-e-type=\"widget\" data-widget_type=\"heading.default\">\n\t\t\t\t<div class=\"elementor-widget-container\">\n\t\t\t\t\t<h5 class=\"elementor-heading-title elementor-size-default\">Otel dan\u0131\u015fmanl\u0131k ortaklar\u0131<\/h5>\t\t\t\t<\/div>\n\t\t\t\t<\/div>\n\t\t\t\t<div class=\"elementor-element elementor-element-86cd6fc elementor-widget elementor-widget-text-editor\" data-id=\"86cd6fc\" data-element_type=\"widget\" data-e-type=\"widget\" data-widget_type=\"text-editor.default\">\n\t\t\t\t<div class=\"elementor-widget-container\">\n\t\t\t\t\t\t\t\t\tOtellerinize daha iyi dan\u0131\u015fmanl\u0131k hizmetleri sunmak istemez misiniz? M\u00fc\u015fterileriniz i\u00e7in yenilik\u00e7i ara\u00e7lar ve stratejiler sunman\u0131za yard\u0131mc\u0131 olabiliriz.\t\t\t\t\t\t\t\t<\/div>\n\t\t\t\t<\/div>\n\t\t\t\t<div class=\"elementor-element elementor-element-49e12b5 elementor-widget elementor-widget-hr_button\" data-id=\"49e12b5\" data-element_type=\"widget\" data-e-type=\"widget\" data-widget_type=\"hr_button.default\">\n\t\t\t\t<div class=\"elementor-widget-container\">\n\t\t\t\t\t        <div class=\"btn-wrapper\" >\n            <a href=\"https:\/\/hotelrunner.com\/tr\/is-ortakligi-programlari\/otel-danismanlari\/\" target=\"_self\" \n               class=\"btn text has-no-icon\"\n               >\n                                <span class=\"btn-text\">Daha fazlas\u0131<\/span>\n                            <\/a>\n        <\/div>\n        \t\t\t\t<\/div>\n\t\t\t\t<\/div>\n\t\t\t\t\t<\/div>\n\t\t<\/div>\n\t\t\t\t\t<\/div>\n\t\t<\/section>\n\t\t\t\t<\/div>\n\t\t","protected":false},"excerpt":{"rendered":"<p>I\u0307\u015f ortakl\u0131\u011f\u0131 programlar\u0131 Bize kat\u0131l\u0131n Sekt\u00f6r\u00fcn en \u00e7ok kazand\u0131ran ortakl\u0131k program\u0131 kapsam\u0131nda gelir payla\u015f\u0131m\u0131 modellerimizden faydalan\u0131n. \u0130\u015f Ortakl\u0131\u011f\u0131 Programlar\u0131 \u0130\u015f ortaklar\u0131 Kanal ortaklar\u0131 Serbest \u00e7al\u0131\u015fanlar ve ajans ortaklar\u0131 Otel dan\u0131\u015fmanl\u0131k ortaklar\u0131 \u0130\u015f ortaklar\u0131 Seyahat sekt\u00f6r\u00fcndeki ba\u011flant\u0131lar\u0131n\u0131z\u0131 ya da online varl\u0131\u011f\u0131n\u0131z\u0131 gelire d\u00f6n\u00fc\u015ft\u00fcrmek ister misiniz? \u0130\u015f orta\u011f\u0131m\u0131z olmak i\u00e7in ba\u015fvurun ve nas\u0131l kazanabilece\u011finizi \u00f6\u011frenin. Daha fazlas\u0131 [&hellip;]<\/p>\n","protected":false},"author":7,"featured_media":0,"parent":0,"menu_order":0,"comment_status":"closed","ping_status":"closed","template":"","meta":{"_acf_changed":false,"footnotes":""},"page_category":[301],"page_type":[],"class_list":["post-70854","page","type-page","status-publish","hentry","page_category-is-ortakligi-programi"],"acf":[],"_links":{"self":[{"href":"https:\/\/hotelrunner.com\/tr\/wp-json\/wp\/v2\/pages\/70854","targetHints":{"allow":["GET"]}}],"collection":[{"href":"https:\/\/hotelrunner.com\/tr\/wp-json\/wp\/v2\/pages"}],"about":[{"href":"https:\/\/hotelrunner.com\/tr\/wp-json\/wp\/v2\/types\/page"}],"author":[{"embeddable":true,"href":"https:\/\/hotelrunner.com\/tr\/wp-json\/wp\/v2\/users\/7"}],"replies":[{"embeddable":true,"href":"https:\/\/hotelrunner.com\/tr\/wp-json\/wp\/v2\/comments?post=70854"}],"version-history":[{"count":3,"href":"https:\/\/hotelrunner.com\/tr\/wp-json\/wp\/v2\/pages\/70854\/revisions"}],"predecessor-version":[{"id":139911,"href":"https:\/\/hotelrunner.com\/tr\/wp-json\/wp\/v2\/pages\/70854\/revisions\/139911"}],"wp:attachment":[{"href":"https:\/\/hotelrunner.com\/tr\/wp-json\/wp\/v2\/media?parent=70854"}],"wp:term":[{"taxonomy":"page_category","embeddable":true,"href":"https:\/\/hotelrunner.com\/tr\/wp-json\/wp\/v2\/page_category?post=70854"},{"taxonomy":"page_type","embeddable":true,"href":"https:\/\/hotelrunner.com\/tr\/wp-json\/wp\/v2\/page_type?post=70854"}],"curies":[{"name":"wp","href":"https:\/\/api.w.org\/{rel}","templated":true}]}}