



{"id":70859,"date":"2024-09-30T17:38:57","date_gmt":"2024-09-30T17:38:57","guid":{"rendered":"https:\/\/hotelrunner.com\/?page_id=70859"},"modified":"2026-03-23T15:18:42","modified_gmt":"2026-03-23T12:18:42","slug":"is-ortaklari","status":"publish","type":"page","link":"https:\/\/hotelrunner.com\/tr\/is-ortakligi-programlari\/is-ortaklari\/","title":{"rendered":"\u0130\u015f Ortaklar\u0131"},"content":{"rendered":"\t\t<div data-elementor-type=\"wp-page\" data-elementor-id=\"70859\" class=\"elementor elementor-70859 elementor-70730\" data-elementor-post-type=\"page\">\n\t\t\t\t\t\t<section class=\"elementor-section elementor-top-section elementor-element elementor-element-acc1178 elementor-section-boxed elementor-section-height-default elementor-section-height-default\" data-id=\"acc1178\" data-element_type=\"section\" data-e-type=\"section\">\n\t\t\t\t\t\t<div class=\"elementor-container elementor-column-gap-default\">\n\t\t\t\t\t<div class=\"elementor-column elementor-col-100 elementor-top-column elementor-element elementor-element-24e8a1b\" data-id=\"24e8a1b\" data-element_type=\"column\" data-e-type=\"column\">\n\t\t\t<div class=\"elementor-widget-wrap elementor-element-populated\">\n\t\t\t\t\t\t<div class=\"elementor-element elementor-element-19c324b elementor-widget__width-auto elementor-widget elementor-widget-hr_label\" data-id=\"19c324b\" data-element_type=\"widget\" data-e-type=\"widget\" data-widget_type=\"hr_label.default\">\n\t\t\t\t<div class=\"elementor-widget-container\">\n\t\t\t\t\t            <a class=\"hr-label\"  href=\"https:\/\/hotelrunner.com\/tr\/haberler\/kurumsal\/hotelrunner-dunyanin-en-buyuk-turizm-fuarlarindan-emittte\/\">\u0130\u015f ortakl\u0131\u011f\u0131 programlar\u0131<\/a>\n            \t\t\t\t<\/div>\n\t\t\t\t<\/div>\n\t\t\t\t<div class=\"elementor-element elementor-element-73910c9 elementor-widget elementor-widget-heading\" data-id=\"73910c9\" data-element_type=\"widget\" data-e-type=\"widget\" data-widget_type=\"heading.default\">\n\t\t\t\t<div class=\"elementor-widget-container\">\n\t\t\t\t\t<h1 class=\"elementor-heading-title elementor-size-default\">\u0130\u015f ortaklar\u0131<\/h1>\t\t\t\t<\/div>\n\t\t\t\t<\/div>\n\t\t\t\t<div class=\"elementor-element elementor-element-c5cc561 elementor-widget__width-initial elementor-widget elementor-widget-text-editor\" data-id=\"c5cc561\" data-element_type=\"widget\" data-e-type=\"widget\" data-widget_type=\"text-editor.default\">\n\t\t\t\t<div class=\"elementor-widget-container\">\n\t\t\t\t\t\t\t\t\t<p>Sekt\u00f6rdeki en iyi gelir payla\u015f\u0131m plan\u0131!<\/p>\t\t\t\t\t\t\t\t<\/div>\n\t\t\t\t<\/div>\n\t\t\t\t\t<\/div>\n\t\t<\/div>\n\t\t\t\t\t<\/div>\n\t\t<\/section>\n\t\t\t\t<section class=\"elementor-section elementor-top-section elementor-element elementor-element-137dd68 elementor-section-boxed elementor-section-height-default elementor-section-height-default\" data-id=\"137dd68\" data-element_type=\"section\" data-e-type=\"section\" data-settings=\"{&quot;background_background&quot;:&quot;classic&quot;}\">\n\t\t\t\t\t\t<div class=\"elementor-container elementor-column-gap-default\">\n\t\t\t\t\t<div class=\"elementor-column elementor-col-50 elementor-top-column elementor-element elementor-element-5d7660d\" data-id=\"5d7660d\" data-element_type=\"column\" data-e-type=\"column\">\n\t\t\t<div class=\"elementor-widget-wrap elementor-element-populated\">\n\t\t\t\t\t\t<div class=\"elementor-element elementor-element-9fb0b9e elementor-widget elementor-widget-hr_sidebar\" data-id=\"9fb0b9e\" data-element_type=\"widget\" data-e-type=\"widget\" data-widget_type=\"hr_sidebar.default\">\n\t\t\t\t<div class=\"elementor-widget-container\">\n\t\t\t\t\t        <div class=\"sidebar\">\n            <span>\u0130\u015f Ortakl\u0131\u011f\u0131 Programlar\u0131<\/span>            \n                            <ul>\n                                            <li><a href=\"https:\/\/hotelrunner.com\/tr\/is-ortakligi-programlari\/is-ortaklari\/\">\u0130\u015f ortaklar\u0131<\/a><\/li>\n                                                <li><a href=\"https:\/\/hotelrunner.com\/tr\/is-ortakligi-programlari\/kanal-ortaklari\/\">Kanal ortaklar\u0131<\/a><\/li>\n                                                <li><a href=\"https:\/\/hotelrunner.com\/tr\/is-ortakligi-programlari\/serbest-calisanlar-ve-ajans-ortaklari\/\">Serbest \u00e7al\u0131\u015fanlar ve ajans ortaklar\u0131<\/a><\/li>\n                                                <li><a href=\"https:\/\/hotelrunner.com\/tr\/is-ortakligi-programlari\/otel-danismanlari\/\">Otel dan\u0131\u015fmanl\u0131k ortaklar\u0131<\/a><\/li>\n                                        <\/ul>\n                        <\/div>\n        \t\t\t\t<\/div>\n\t\t\t\t<\/div>\n\t\t\t\t\t<\/div>\n\t\t<\/div>\n\t\t\t\t<div class=\"elementor-column elementor-col-50 elementor-top-column elementor-element elementor-element-8f55211\" data-id=\"8f55211\" data-element_type=\"column\" data-e-type=\"column\">\n\t\t\t<div class=\"elementor-widget-wrap elementor-element-populated\">\n\t\t\t\t\t\t<div class=\"elementor-element elementor-element-e9ae7cf elementor-widget elementor-widget-text-editor\" data-id=\"e9ae7cf\" data-element_type=\"widget\" data-e-type=\"widget\" data-widget_type=\"text-editor.default\">\n\t\t\t\t<div class=\"elementor-widget-container\">\n\t\t\t\t\t\t\t\t\t<h5>Sekt\u00f6rdeki en iyi gelir payla\u015f\u0131m\u0131 plan\u0131!<\/h5><p>Orta\u011f\u0131m\u0131z oldu\u011funuzda, reklam, Facebook mesaj\u0131, blog, tweet gibi istedi\u011finiz \u015fekilde payla\u015fabilece\u011finiz \u00f6zel bir HotelRunner ba\u011flant\u0131s\u0131na sahip olacaks\u0131n\u0131z. Ba\u011flant\u0131n\u0131z arac\u0131l\u0131\u011f\u0131yla HotelRunner sat\u0131n alan her m\u00fc\u015fteriden gelir elde edebilirsiniz.<\/p><h5>Blog yazar\u0131 m\u0131s\u0131n\u0131z?<\/h5><p>G\u00f6nderilerinize HotelRunner i\u015f ortakl\u0131\u011f\u0131 ba\u011flant\u0131lar\u0131n\u0131 ekleyerek blog\u2019unuzdan gelir elde edin. Seyahat sekt\u00f6r\u00fcndeki en g\u00fc\u00e7l\u00fc markalardan birinin tan\u0131t\u0131m\u0131n\u0131 yaparak site trafi\u011finizden en iyi \u015fekilde faydalanmaya ne dersiniz?<\/p><h5>Yay\u0131nc\u0131 m\u0131s\u0131n\u0131z?<\/h5><p>M\u00fc\u015fterilere ula\u015fabilece\u011finiz t\u00fcm \u00e7evrimi\u00e7i pazarlama ortamlar\u0131n\u0131 kullan\u0131n: e-posta, medya sat\u0131\u015flar\u0131, PPC, Facebook ya da Twitter. S\u0131n\u0131rs\u0131z ortam!<\/p><h5>Her sat\u0131\u015f\u0131n\u0131zdan %40&#8217;a varan oranlarda gelir elde edin<\/h5><p>Sekt\u00f6r\u00fcn en y\u00fcksek d\u00f6n\u00fc\u015f\u00fcm oranlar\u0131ndan birini sunuyoruz. HotelRunner\u2019a getirdi\u011finiz her m\u00fc\u015fteri i\u00e7in HotelRunner gelirlerinden %40\u2019a varan oranlarda pay kazanabilirsiniz. \u00c7evrimi\u00e7i takip oran\u0131n\u0131z y\u00fcksekse, e\u015fsiz i\u00e7erikler olu\u015fturuyorsan\u0131z, site trafi\u011finiz y\u00fcksekse ve sitenizin kaliteli bir tasar\u0131m\u0131 varsa sizinle \u00e7al\u0131\u015fmay\u0131 \u00e7ok isteriz.<\/p>\t\t\t\t\t\t\t\t<\/div>\n\t\t\t\t<\/div>\n\t\t\t\t<section class=\"elementor-section elementor-inner-section elementor-element elementor-element-e800a77 elementor-reverse-mobile elementor-section-content-middle elementor-section-boxed elementor-section-height-default elementor-section-height-default\" data-id=\"e800a77\" data-element_type=\"section\" data-e-type=\"section\" data-settings=\"{&quot;animation&quot;:&quot;none&quot;,&quot;background_background&quot;:&quot;classic&quot;}\">\n\t\t\t\t\t\t<div class=\"elementor-container elementor-column-gap-default\">\n\t\t\t\t\t<div class=\"elementor-column elementor-col-100 elementor-inner-column elementor-element elementor-element-76cef64\" data-id=\"76cef64\" data-element_type=\"column\" data-e-type=\"column\">\n\t\t\t<div class=\"elementor-widget-wrap elementor-element-populated\">\n\t\t\t\t\t\t<div class=\"elementor-element elementor-element-5c6f894 elementor-widget elementor-widget-heading\" data-id=\"5c6f894\" data-element_type=\"widget\" data-e-type=\"widget\" data-widget_type=\"heading.default\">\n\t\t\t\t<div class=\"elementor-widget-container\">\n\t\t\t\t\t<h3 class=\"elementor-heading-title elementor-size-default\">HotelRunner i\u015f orta\u011f\u0131 olarak sat\u0131\u015flardan pay kazanmak ister misiniz?<\/h3>\t\t\t\t<\/div>\n\t\t\t\t<\/div>\n\t\t\t\t<div class=\"elementor-element elementor-element-4c9eb3d elementor-widget elementor-widget-text-editor\" data-id=\"4c9eb3d\" data-element_type=\"widget\" data-e-type=\"widget\" data-widget_type=\"text-editor.default\">\n\t\t\t\t<div class=\"elementor-widget-container\">\n\t\t\t\t\t\t\t\t\t\u0130\u015f orta\u011f\u0131 olmak i\u00e7in ba\u015fvurun ve kazan\u0131n.\t\t\t\t\t\t\t\t<\/div>\n\t\t\t\t<\/div>\n\t\t\t\t<div class=\"elementor-element elementor-element-3de7490 elementor-widget elementor-widget-hr_button\" data-id=\"3de7490\" data-element_type=\"widget\" data-e-type=\"widget\" data-widget_type=\"hr_button.default\">\n\t\t\t\t<div class=\"elementor-widget-container\">\n\t\t\t\t\t        <div class=\"btn-wrapper\" >\n            <a href=\"https:\/\/hotelrunner.com\/tr\/bize-ulasin\/\" target=\"_self\" \n               class=\"btn normal has-no-icon\"\n               >\n                                <span class=\"btn-text\">Hemen ba\u015fvur<\/span>\n                            <\/a>\n        <\/div>\n        \t\t\t\t<\/div>\n\t\t\t\t<\/div>\n\t\t\t\t\t<\/div>\n\t\t<\/div>\n\t\t\t\t\t<\/div>\n\t\t<\/section>\n\t\t\t\t\t<\/div>\n\t\t<\/div>\n\t\t\t\t\t<\/div>\n\t\t<\/section>\n\t\t\t\t<\/div>\n\t\t","protected":false},"excerpt":{"rendered":"<p>\u0130\u015f ortakl\u0131\u011f\u0131 programlar\u0131 \u0130\u015f ortaklar\u0131 Sekt\u00f6rdeki en iyi gelir payla\u015f\u0131m plan\u0131! \u0130\u015f Ortakl\u0131\u011f\u0131 Programlar\u0131 \u0130\u015f ortaklar\u0131 Kanal ortaklar\u0131 Serbest \u00e7al\u0131\u015fanlar ve ajans ortaklar\u0131 Otel dan\u0131\u015fmanl\u0131k ortaklar\u0131 Sekt\u00f6rdeki en iyi gelir payla\u015f\u0131m\u0131 plan\u0131! Orta\u011f\u0131m\u0131z oldu\u011funuzda, reklam, Facebook mesaj\u0131, blog, tweet gibi istedi\u011finiz \u015fekilde payla\u015fabilece\u011finiz \u00f6zel bir HotelRunner ba\u011flant\u0131s\u0131na sahip olacaks\u0131n\u0131z. Ba\u011flant\u0131n\u0131z arac\u0131l\u0131\u011f\u0131yla HotelRunner sat\u0131n alan her [&hellip;]<\/p>\n","protected":false},"author":7,"featured_media":0,"parent":70854,"menu_order":0,"comment_status":"closed","ping_status":"closed","template":"","meta":{"_acf_changed":false,"footnotes":""},"page_category":[],"page_type":[],"class_list":["post-70859","page","type-page","status-publish","hentry"],"acf":[],"_links":{"self":[{"href":"https:\/\/hotelrunner.com\/tr\/wp-json\/wp\/v2\/pages\/70859","targetHints":{"allow":["GET"]}}],"collection":[{"href":"https:\/\/hotelrunner.com\/tr\/wp-json\/wp\/v2\/pages"}],"about":[{"href":"https:\/\/hotelrunner.com\/tr\/wp-json\/wp\/v2\/types\/page"}],"author":[{"embeddable":true,"href":"https:\/\/hotelrunner.com\/tr\/wp-json\/wp\/v2\/users\/7"}],"replies":[{"embeddable":true,"href":"https:\/\/hotelrunner.com\/tr\/wp-json\/wp\/v2\/comments?post=70859"}],"version-history":[{"count":9,"href":"https:\/\/hotelrunner.com\/tr\/wp-json\/wp\/v2\/pages\/70859\/revisions"}],"predecessor-version":[{"id":139618,"href":"https:\/\/hotelrunner.com\/tr\/wp-json\/wp\/v2\/pages\/70859\/revisions\/139618"}],"up":[{"embeddable":true,"href":"https:\/\/hotelrunner.com\/tr\/wp-json\/wp\/v2\/pages\/70854"}],"wp:attachment":[{"href":"https:\/\/hotelrunner.com\/tr\/wp-json\/wp\/v2\/media?parent=70859"}],"wp:term":[{"taxonomy":"page_category","embeddable":true,"href":"https:\/\/hotelrunner.com\/tr\/wp-json\/wp\/v2\/page_category?post=70859"},{"taxonomy":"page_type","embeddable":true,"href":"https:\/\/hotelrunner.com\/tr\/wp-json\/wp\/v2\/page_type?post=70859"}],"curies":[{"name":"wp","href":"https:\/\/api.w.org\/{rel}","templated":true}]}}