



{"id":71641,"date":"2024-09-30T17:45:44","date_gmt":"2024-09-30T17:45:44","guid":{"rendered":"https:\/\/hotelrunner.com\/?page_id=71641"},"modified":"2026-03-23T14:11:19","modified_gmt":"2026-03-23T11:11:19","slug":"kanal-ortaklari","status":"publish","type":"page","link":"https:\/\/hotelrunner.com\/tr\/is-ortakligi-programlari\/kanal-ortaklari\/","title":{"rendered":"Kanal Ortaklar\u0131"},"content":{"rendered":"\t\t<div data-elementor-type=\"wp-page\" data-elementor-id=\"71641\" class=\"elementor elementor-71641 elementor-70741\" data-elementor-post-type=\"page\">\n\t\t\t\t\t\t<section class=\"elementor-section elementor-top-section elementor-element elementor-element-acc1178 elementor-section-boxed elementor-section-height-default elementor-section-height-default\" data-id=\"acc1178\" data-element_type=\"section\" data-e-type=\"section\">\n\t\t\t\t\t\t<div class=\"elementor-container elementor-column-gap-default\">\n\t\t\t\t\t<div class=\"elementor-column elementor-col-100 elementor-top-column elementor-element elementor-element-24e8a1b\" data-id=\"24e8a1b\" data-element_type=\"column\" data-e-type=\"column\">\n\t\t\t<div class=\"elementor-widget-wrap elementor-element-populated\">\n\t\t\t\t\t\t<div class=\"elementor-element elementor-element-19c324b elementor-widget__width-auto elementor-widget elementor-widget-hr_label\" data-id=\"19c324b\" data-element_type=\"widget\" data-e-type=\"widget\" data-widget_type=\"hr_label.default\">\n\t\t\t\t<div class=\"elementor-widget-container\">\n\t\t\t\t\t            <a class=\"hr-label\"  href=\"https:\/\/hotelrunner.com\/tr\/haberler\/kurumsal\/hotelrunner-dunyanin-en-buyuk-turizm-fuarlarindan-emittte\/\">\u0130\u015f ortakl\u0131\u011f\u0131 programlar\u0131<\/a>\n            \t\t\t\t<\/div>\n\t\t\t\t<\/div>\n\t\t\t\t<div class=\"elementor-element elementor-element-73910c9 elementor-widget elementor-widget-heading\" data-id=\"73910c9\" data-element_type=\"widget\" data-e-type=\"widget\" data-widget_type=\"heading.default\">\n\t\t\t\t<div class=\"elementor-widget-container\">\n\t\t\t\t\t<h1 class=\"elementor-heading-title elementor-size-default\">Kanal ortaklar\u0131<\/h1>\t\t\t\t<\/div>\n\t\t\t\t<\/div>\n\t\t\t\t<div class=\"elementor-element elementor-element-c5cc561 elementor-widget__width-initial elementor-widget elementor-widget-text-editor\" data-id=\"c5cc561\" data-element_type=\"widget\" data-e-type=\"widget\" data-widget_type=\"text-editor.default\">\n\t\t\t\t<div class=\"elementor-widget-container\">\n\t\t\t\t\t\t\t\t\tButik \u00e7evrimi\u00e7i seyahat acentelerinden sekt\u00f6r\u00fcn uluslararas\u0131 dev oyuncular\u0131na, her \u00f6l\u00e7ekte seyahat acentesiyle i\u015fbirli\u011fi yaparak kanal y\u00f6netimi \u00e7\u00f6z\u00fcmleri sunuyoruz.\t\t\t\t\t\t\t\t<\/div>\n\t\t\t\t<\/div>\n\t\t\t\t\t<\/div>\n\t\t<\/div>\n\t\t\t\t\t<\/div>\n\t\t<\/section>\n\t\t\t\t<section class=\"elementor-section elementor-top-section elementor-element elementor-element-137dd68 elementor-section-boxed elementor-section-height-default elementor-section-height-default\" data-id=\"137dd68\" data-element_type=\"section\" data-e-type=\"section\">\n\t\t\t\t\t\t<div class=\"elementor-container elementor-column-gap-default\">\n\t\t\t\t\t<div class=\"elementor-column elementor-col-50 elementor-top-column elementor-element elementor-element-5d7660d\" data-id=\"5d7660d\" data-element_type=\"column\" data-e-type=\"column\">\n\t\t\t<div class=\"elementor-widget-wrap elementor-element-populated\">\n\t\t\t\t\t\t<div class=\"elementor-element elementor-element-5739c0c elementor-widget elementor-widget-hr_sidebar\" data-id=\"5739c0c\" data-element_type=\"widget\" data-e-type=\"widget\" data-widget_type=\"hr_sidebar.default\">\n\t\t\t\t<div class=\"elementor-widget-container\">\n\t\t\t\t\t        <div class=\"sidebar\">\n            <span>\u0130\u015f Ortakl\u0131\u011f\u0131 Programlar\u0131<\/span>            \n                            <ul>\n                                            <li><a href=\"https:\/\/hotelrunner.com\/tr\/is-ortakligi-programlari\/is-ortaklari\/\">\u0130\u015f ortaklar\u0131<\/a><\/li>\n                                                <li><a href=\"https:\/\/hotelrunner.com\/tr\/is-ortakligi-programlari\/kanal-ortaklari\/\">Kanal ortaklar\u0131<\/a><\/li>\n                                                <li><a href=\"https:\/\/hotelrunner.com\/tr\/is-ortakligi-programlari\/serbest-calisanlar-ve-ajans-ortaklari\/\">Serbest \u00e7al\u0131\u015fanlar ve ajans ortaklar\u0131<\/a><\/li>\n                                                <li><a href=\"https:\/\/hotelrunner.com\/tr\/is-ortakligi-programlari\/otel-danismanlari\/\">Otel dan\u0131\u015fmanl\u0131k ortaklar\u0131<\/a><\/li>\n                                        <\/ul>\n                        <\/div>\n        \t\t\t\t<\/div>\n\t\t\t\t<\/div>\n\t\t\t\t\t<\/div>\n\t\t<\/div>\n\t\t\t\t<div class=\"elementor-column elementor-col-50 elementor-top-column elementor-element elementor-element-8f55211\" data-id=\"8f55211\" data-element_type=\"column\" data-e-type=\"column\">\n\t\t\t<div class=\"elementor-widget-wrap elementor-element-populated\">\n\t\t\t\t\t\t<div class=\"elementor-element elementor-element-e9ae7cf elementor-widget elementor-widget-text-editor\" data-id=\"e9ae7cf\" data-element_type=\"widget\" data-e-type=\"widget\" data-widget_type=\"text-editor.default\">\n\t\t\t\t<div class=\"elementor-widget-container\">\n\t\t\t\t\t\t\t\t\t<strong>Bizimle ba\u011flan\u0131n<\/strong><\/br>\nBa\u011flant\u0131 ve entegrasyon ekonomisi art\u0131k seyahat sekt\u00f6r\u00fc i\u00e7in hi\u00e7 olmad\u0131\u011f\u0131 kadar \u00f6nem ta\u015f\u0131yor ve bu yaln\u0131zca bir ba\u015flang\u0131\u00e7. Kanal orta\u011f\u0131m\u0131z olun ve giderek b\u00fcy\u00fcyen envanterimize eri\u015fim f\u0131rsat\u0131n\u0131 yakalay\u0131n.\n<\/br><\/br>\n<strong>Entegre ve ba\u011fl\u0131 ticaret<\/strong><\/br>\nB\u00f6lgenin lider online pazarlama ve sat\u0131\u015f y\u00f6netim platformu olarak otellerimizin entegre organizasyonlara d\u00f6n\u00fc\u015fmelerine yard\u0131mc\u0131 oluyoruz. Kanal orta\u011f\u0131m\u0131z olarak ba\u011flant\u0131l\u0131 ve entegre ekonomide \u00f6n planda yer alabilir ve rakiplerinizle fark\u0131n\u0131z\u0131 ortaya koyabilirsiniz.\n<\/br><\/br>\n<strong>Entegre pazarlama<\/strong><\/br>\nHotelRunner \u0130\u015f Orta\u011f\u0131 oldu\u011funuzda kanal\u0131n\u0131z\u0131 hem \u00e7evrimi\u00e7i hem de \u00e7evrimd\u0131\u015f\u0131 yollarla tan\u0131t\u0131yoruz. Etkili pazarlama kampanyalar\u0131m\u0131zla sizin i\u00e7in \u00f6zel f\u0131rsatlar sa\u011flayacak bir ileti\u015fim hatt\u0131 kuruyoruz.\n<\/br><\/br>\n<strong>\u00dcst\u00fcn \u00e7\u00f6z\u00fcmler<\/strong><\/br>\n\u00dcye otellerinizde tek bir envanter, sosyal pazarlama, birle\u015fik m\u00fc\u015fteri hizmetleri ve daha bir\u00e7ok i\u015f s\u00fcrecini y\u00f6netmeniz gerekir. HotelRunner ile \u00fcye otellerinizin bu zorluklar\u0131 tek bir g\u00fc\u00e7l\u00fc y\u00f6netim panelinden \u00e7\u00f6zmesine yard\u0131mc\u0131 olabilirsiniz.\n<\/br><\/br>\n<strong>\u0130\u015finize canl\u0131l\u0131k getirin<\/strong><\/br>\nSeyahat acentesi hizmetlerinizde tamamlay\u0131c\u0131 g\u00f6revi biz \u00fcstleniyoruz. HotelRunner esnek bir platformdur; PMS, IDS, GDS ve m\u00fc\u015fterilerinizin tan\u0131d\u0131\u011f\u0131 hizmet sa\u011flay\u0131c\u0131lar ile entegre veya uyumlu \u00e7al\u0131\u015fabilir.\n<\/br><\/br>\n<strong>Gelir ak\u0131\u015flar\u0131<\/strong><\/br>\nHer iki taraf\u0131n kazand\u0131\u011f\u0131 senaryolar\u0131 seviyoruz ve i\u015f ortaklar\u0131m\u0131z \u00f6nemli kazan\u00e7lar elde ediyor. Gelirlerden %40\u2019a kadar komisyon kazanabilir ve \u00f6demelerinizi her zaman zaman\u0131nda al\u0131rs\u0131n\u0131z.\t\t\t\t\t\t\t\t<\/div>\n\t\t\t\t<\/div>\n\t\t\t\t<section class=\"elementor-section elementor-inner-section elementor-element elementor-element-e800a77 elementor-reverse-mobile elementor-section-content-middle elementor-section-boxed elementor-section-height-default elementor-section-height-default\" data-id=\"e800a77\" data-element_type=\"section\" data-e-type=\"section\" data-settings=\"{&quot;animation&quot;:&quot;none&quot;,&quot;background_background&quot;:&quot;classic&quot;}\">\n\t\t\t\t\t\t<div class=\"elementor-container elementor-column-gap-default\">\n\t\t\t\t\t<div class=\"elementor-column elementor-col-100 elementor-inner-column elementor-element elementor-element-76cef64\" data-id=\"76cef64\" data-element_type=\"column\" data-e-type=\"column\">\n\t\t\t<div class=\"elementor-widget-wrap elementor-element-populated\">\n\t\t\t\t\t\t<div class=\"elementor-element elementor-element-5c6f894 elementor-widget elementor-widget-heading\" data-id=\"5c6f894\" data-element_type=\"widget\" data-e-type=\"widget\" data-widget_type=\"heading.default\">\n\t\t\t\t<div class=\"elementor-widget-container\">\n\t\t\t\t\t<h3 class=\"elementor-heading-title elementor-size-default\">En \u00f6nemli kanal ortaklar\u0131m\u0131zdan olmak ister misiniz?<\/h3>\t\t\t\t<\/div>\n\t\t\t\t<\/div>\n\t\t\t\t<div class=\"elementor-element elementor-element-4c9eb3d elementor-widget elementor-widget-text-editor\" data-id=\"4c9eb3d\" data-element_type=\"widget\" data-e-type=\"widget\" data-widget_type=\"text-editor.default\">\n\t\t\t\t<div class=\"elementor-widget-container\">\n\t\t\t\t\t\t\t\t\tHemen ba\u015fvurun ve birlikte \u00e7al\u0131\u015fmaya ba\u015flayal\u0131m.\t\t\t\t\t\t\t\t<\/div>\n\t\t\t\t<\/div>\n\t\t\t\t<div class=\"elementor-element elementor-element-3de7490 elementor-widget elementor-widget-hr_button\" data-id=\"3de7490\" data-element_type=\"widget\" data-e-type=\"widget\" data-widget_type=\"hr_button.default\">\n\t\t\t\t<div class=\"elementor-widget-container\">\n\t\t\t\t\t        <div class=\"btn-wrapper\" >\n            <a href=\"https:\/\/hotelrunner.com\/tr\/bize-ulasin\/\" target=\"_self\" \n               class=\"btn normal has-no-icon\"\n               >\n                                <span class=\"btn-text\">\u015eimdi ba\u015fvurun<\/span>\n                            <\/a>\n        <\/div>\n        \t\t\t\t<\/div>\n\t\t\t\t<\/div>\n\t\t\t\t\t<\/div>\n\t\t<\/div>\n\t\t\t\t\t<\/div>\n\t\t<\/section>\n\t\t\t\t\t<\/div>\n\t\t<\/div>\n\t\t\t\t\t<\/div>\n\t\t<\/section>\n\t\t\t\t<\/div>\n\t\t","protected":false},"excerpt":{"rendered":"<p>\u0130\u015f ortakl\u0131\u011f\u0131 programlar\u0131 Kanal ortaklar\u0131 Butik \u00e7evrimi\u00e7i seyahat acentelerinden sekt\u00f6r\u00fcn uluslararas\u0131 dev oyuncular\u0131na, her \u00f6l\u00e7ekte seyahat acentesiyle i\u015fbirli\u011fi yaparak kanal y\u00f6netimi \u00e7\u00f6z\u00fcmleri sunuyoruz. \u0130\u015f Ortakl\u0131\u011f\u0131 Programlar\u0131 \u0130\u015f ortaklar\u0131 Kanal ortaklar\u0131 Serbest \u00e7al\u0131\u015fanlar ve ajans ortaklar\u0131 Otel dan\u0131\u015fmanl\u0131k ortaklar\u0131 Bizimle ba\u011flan\u0131n Ba\u011flant\u0131 ve entegrasyon ekonomisi art\u0131k seyahat sekt\u00f6r\u00fc i\u00e7in hi\u00e7 olmad\u0131\u011f\u0131 kadar \u00f6nem ta\u015f\u0131yor ve bu [&hellip;]<\/p>\n","protected":false},"author":7,"featured_media":0,"parent":70854,"menu_order":0,"comment_status":"closed","ping_status":"closed","template":"","meta":{"_acf_changed":false,"footnotes":""},"page_category":[301],"page_type":[],"class_list":["post-71641","page","type-page","status-publish","hentry","page_category-is-ortakligi-programi"],"acf":[],"_links":{"self":[{"href":"https:\/\/hotelrunner.com\/tr\/wp-json\/wp\/v2\/pages\/71641","targetHints":{"allow":["GET"]}}],"collection":[{"href":"https:\/\/hotelrunner.com\/tr\/wp-json\/wp\/v2\/pages"}],"about":[{"href":"https:\/\/hotelrunner.com\/tr\/wp-json\/wp\/v2\/types\/page"}],"author":[{"embeddable":true,"href":"https:\/\/hotelrunner.com\/tr\/wp-json\/wp\/v2\/users\/7"}],"replies":[{"embeddable":true,"href":"https:\/\/hotelrunner.com\/tr\/wp-json\/wp\/v2\/comments?post=71641"}],"version-history":[{"count":3,"href":"https:\/\/hotelrunner.com\/tr\/wp-json\/wp\/v2\/pages\/71641\/revisions"}],"predecessor-version":[{"id":139552,"href":"https:\/\/hotelrunner.com\/tr\/wp-json\/wp\/v2\/pages\/71641\/revisions\/139552"}],"up":[{"embeddable":true,"href":"https:\/\/hotelrunner.com\/tr\/wp-json\/wp\/v2\/pages\/70854"}],"wp:attachment":[{"href":"https:\/\/hotelrunner.com\/tr\/wp-json\/wp\/v2\/media?parent=71641"}],"wp:term":[{"taxonomy":"page_category","embeddable":true,"href":"https:\/\/hotelrunner.com\/tr\/wp-json\/wp\/v2\/page_category?post=71641"},{"taxonomy":"page_type","embeddable":true,"href":"https:\/\/hotelrunner.com\/tr\/wp-json\/wp\/v2\/page_type?post=71641"}],"curies":[{"name":"wp","href":"https:\/\/api.w.org\/{rel}","templated":true}]}}