




{"id":71649,"date":"2024-09-30T17:46:43","date_gmt":"2024-09-30T17:46:43","guid":{"rendered":"https:\/\/hotelrunner.com\/?page_id=71649"},"modified":"2026-04-10T10:36:18","modified_gmt":"2026-04-10T07:36:18","slug":"serbest-calisanlar-ve-ajans-ortaklari","status":"publish","type":"page","link":"https:\/\/hotelrunner.com\/tr\/is-ortakligi-programlari\/serbest-calisanlar-ve-ajans-ortaklari\/","title":{"rendered":"Serbest \u00c7al\u0131\u015fanlar ve Ajans Ortaklar\u0131"},"content":{"rendered":"\t\t<div data-elementor-type=\"wp-page\" data-elementor-id=\"71649\" class=\"elementor elementor-71649 elementor-70746\" data-elementor-post-type=\"page\">\n\t\t\t\t\t\t<section class=\"elementor-section elementor-top-section elementor-element elementor-element-acc1178 elementor-section-boxed elementor-section-height-default elementor-section-height-default\" data-id=\"acc1178\" data-element_type=\"section\" data-e-type=\"section\">\n\t\t\t\t\t\t<div class=\"elementor-container elementor-column-gap-default\">\n\t\t\t\t\t<div class=\"elementor-column elementor-col-100 elementor-top-column elementor-element elementor-element-24e8a1b\" data-id=\"24e8a1b\" data-element_type=\"column\" data-e-type=\"column\">\n\t\t\t<div class=\"elementor-widget-wrap elementor-element-populated\">\n\t\t\t\t\t\t<div class=\"elementor-element elementor-element-19c324b elementor-widget__width-auto elementor-widget elementor-widget-hr_label\" data-id=\"19c324b\" data-element_type=\"widget\" data-e-type=\"widget\" data-widget_type=\"hr_label.default\">\n\t\t\t\t<div class=\"elementor-widget-container\">\n\t\t\t\t\t            <a class=\"hr-label\"  href=\"https:\/\/hotelrunner.com\/tr\/haberler\/kurumsal\/hotelrunner-dunyanin-en-buyuk-turizm-fuarlarindan-emittte\/\">\u0130\u015f ortakl\u0131\u011f\u0131 programlar\u0131<\/a>\n            \t\t\t\t<\/div>\n\t\t\t\t<\/div>\n\t\t\t\t<div class=\"elementor-element elementor-element-73910c9 elementor-widget elementor-widget-heading\" data-id=\"73910c9\" data-element_type=\"widget\" data-e-type=\"widget\" data-widget_type=\"heading.default\">\n\t\t\t\t<div class=\"elementor-widget-container\">\n\t\t\t\t\t<h1 class=\"elementor-heading-title elementor-size-default\">Serbest \u00e7al\u0131\u015fanlar ve ajans ortaklar\u0131<\/h1>\t\t\t\t<\/div>\n\t\t\t\t<\/div>\n\t\t\t\t<div class=\"elementor-element elementor-element-c5cc561 elementor-widget__width-initial elementor-widget elementor-widget-text-editor\" data-id=\"c5cc561\" data-element_type=\"widget\" data-e-type=\"widget\" data-widget_type=\"text-editor.default\">\n\t\t\t\t<div class=\"elementor-widget-container\">\n\t\t\t\t\t\t\t\t\tOtellere ve seyahat acentelerine \u00e7\u00f6z\u00fcmler sunuyorsan\u0131z, ortakl\u0131k program\u0131m\u0131za kat\u0131larak has\u0131lat pay\u0131 kazanabilir ve \u00f6zel kaynaklara eri\u015febilirsiniz.\t\t\t\t\t\t\t\t<\/div>\n\t\t\t\t<\/div>\n\t\t\t\t\t<\/div>\n\t\t<\/div>\n\t\t\t\t\t<\/div>\n\t\t<\/section>\n\t\t\t\t<section class=\"elementor-section elementor-top-section elementor-element elementor-element-137dd68 elementor-section-boxed elementor-section-height-default elementor-section-height-default\" data-id=\"137dd68\" data-element_type=\"section\" data-e-type=\"section\">\n\t\t\t\t\t\t<div class=\"elementor-container elementor-column-gap-default\">\n\t\t\t\t\t<div class=\"elementor-column elementor-col-50 elementor-top-column elementor-element elementor-element-5d7660d\" data-id=\"5d7660d\" data-element_type=\"column\" data-e-type=\"column\">\n\t\t\t<div class=\"elementor-widget-wrap elementor-element-populated\">\n\t\t\t\t\t\t<div class=\"elementor-element elementor-element-5772004 elementor-widget elementor-widget-hr_sidebar\" data-id=\"5772004\" data-element_type=\"widget\" data-e-type=\"widget\" data-widget_type=\"hr_sidebar.default\">\n\t\t\t\t<div class=\"elementor-widget-container\">\n\t\t\t\t\t        <div class=\"sidebar\">\n            <span>\u0130\u015f Ortakl\u0131\u011f\u0131 Programlar\u0131<\/span>            \n                            <ul>\n                                            <li><a href=\"https:\/\/hotelrunner.com\/tr\/is-ortakligi-programlari\/is-ortaklari\/\">\u0130\u015f ortaklar\u0131<\/a><\/li>\n                                                <li><a href=\"https:\/\/hotelrunner.com\/tr\/is-ortakligi-programlari\/kanal-ortaklari\/\">Kanal ortaklar\u0131<\/a><\/li>\n                                                <li><a href=\"https:\/\/hotelrunner.com\/tr\/is-ortakligi-programlari\/serbest-calisanlar-ve-ajans-ortaklari\/\">Serbest \u00e7al\u0131\u015fanlar ve ajans ortaklar\u0131<\/a><\/li>\n                                                <li><a href=\"https:\/\/hotelrunner.com\/tr\/is-ortakligi-programlari\/otel-danismanlari\/\">Otel dan\u0131\u015fmanl\u0131k ortaklar\u0131<\/a><\/li>\n                                        <\/ul>\n                        <\/div>\n        \t\t\t\t<\/div>\n\t\t\t\t<\/div>\n\t\t\t\t\t<\/div>\n\t\t<\/div>\n\t\t\t\t<div class=\"elementor-column elementor-col-50 elementor-top-column elementor-element elementor-element-8f55211\" data-id=\"8f55211\" data-element_type=\"column\" data-e-type=\"column\">\n\t\t\t<div class=\"elementor-widget-wrap elementor-element-populated\">\n\t\t\t\t\t\t<div class=\"elementor-element elementor-element-e9ae7cf elementor-widget elementor-widget-text-editor\" data-id=\"e9ae7cf\" data-element_type=\"widget\" data-e-type=\"widget\" data-widget_type=\"text-editor.default\">\n\t\t\t\t<div class=\"elementor-widget-container\">\n\t\t\t\t\t\t\t\t\t<strong>HotelRunner kullan\u0131n, ajans\u0131n\u0131za g\u00fc\u00e7 kat\u0131n<\/strong><\/br>\nSeyahat sekt\u00f6r\u00fcnde ba\u015far\u0131l\u0131 olman\u0131n ne kadar zor oldu\u011funu biliyoruz. Serbest \u00c7al\u0131\u015fanlar ve Ajans Ortakl\u0131k program\u0131m\u0131z, markan\u0131z\u0131 g\u00fc\u00e7lendirmeniz i\u00e7in ihtiyac\u0131n\u0131z olan altyap\u0131, entegrasyon, destek ve f\u0131rsatlar\u0131 sunuyor.\n<\/br><\/br>\n<strong>Eksiksiz otel ve online seyahat acentesi altyap\u0131s\u0131<\/strong><\/br>\nHotelRunner, seyahat acentelerinin ve otellerin \u00e7evrimi\u00e7i sat\u0131\u015f i\u00e7in ihtiyac\u0131 olan t\u00fcm \u00f6zellikleri sunuyor. G\u00fc\u00e7l\u00fc Website Builder \u00fcr\u00fcn\u00fcm\u00fcz ve API\u2019lerimiz, geli\u015ftiricilerin HotelRunner platformunu kullanmalar\u0131n\u0131, di\u011fer servisleri entegre etmelerini ve yeni \u00f6zellikler eklemelerini sa\u011fl\u0131yor. G\u00fc\u00e7l\u00fc \u00fcr\u00fcnlerimizle markan\u0131z\u0131n tan\u0131t\u0131m\u0131n\u0131 yapman\u0131za, yeni m\u00fc\u015fterilerin ilgisini \u00e7ekmenize ve projelerinizi kolayl\u0131kla tamamlaman\u0131za yard\u0131mc\u0131 oluyoruz.\n<\/br><\/br>\n<strong>\u00d6zel destek<\/strong><\/br>\nPlatforma ge\u00e7i\u015ften, devreye almaya, sorun gidermeye ve yeniden sat\u0131\u015fa kadar her a\u015famada HotelRunner\u2019dan en iyi \u015fekilde yararlanman\u0131za yard\u0131mc\u0131 oluyoruz. Size \u00f6zel bir i\u015f orta\u011fi y\u00f6neticisi at\u0131yor; geni\u015f kaynak kitapl\u0131\u011f\u0131m\u0131za ve materyallerimize eri\u015fmenize olanak tan\u0131yor, otelleriniz i\u00e7in gerekli her \u015feyi \u00f6\u011frenmenize yard\u0131mc\u0131 oluyoruz.\n<\/br><\/br>\n<strong>Daha fazla g\u00f6r\u00fcn\u00fcrl\u00fck<\/strong><\/br>\nD\u00fcnya genelinde binlerce otele hizmet veriyoruz. \u0130\u015f orta\u011f\u0131m\u0131z oldu\u011funuzda, en pop\u00fcler dijital pazarlama ve y\u00f6netim platformuna uyumlu \u00e7al\u0131\u015fmaya ba\u015flam\u0131\u015f olur; Serbest \u00c7al\u0131\u015fan ve Ajans Ortakl\u0131klar\u0131 program\u0131m\u0131zla i\u015finizi b\u00fcy\u00fctebilirsiniz.\n<\/br><\/br>\n<strong>Vip eri\u015fimi<\/strong><\/br>\nOrta\u011f\u0131m\u0131z olarak, art\u0131k ekibimizin bir par\u00e7as\u0131s\u0131n\u0131z. Yeni \u00fcr\u00fcnler ve hizmetler geli\u015ftirdi\u011fimizde bundan ilk sizin haberiniz olur ve deneyimleriniz ileride HotelRunner platformunun \u015fekillendirilmesine yard\u0131m eder.\n<\/br><\/br>\n<strong>Yeniden sat\u0131\u015f f\u0131rsatlar\u0131<\/strong><\/br>\nHotelRunner\u2019\u0131 m\u00fc\u015fterilerinize bir \u00e7\u00f6z\u00fcm olarak sunman\u0131z i\u00e7in size pazarlama ve sat\u0131\u015f materyalleri sa\u011fl\u0131yoruz. HotelRunner platformunu satt\u0131\u011f\u0131n\u0131zda, gelirin %40\u2019\u0131 oran\u0131nda pay alabilirsiniz.\t\t\t\t\t\t\t\t<\/div>\n\t\t\t\t<\/div>\n\t\t\t\t<section class=\"elementor-section elementor-inner-section elementor-element elementor-element-e800a77 elementor-reverse-mobile elementor-section-content-middle elementor-section-boxed elementor-section-height-default elementor-section-height-default\" data-id=\"e800a77\" data-element_type=\"section\" data-e-type=\"section\" data-settings=\"{&quot;animation&quot;:&quot;none&quot;,&quot;background_background&quot;:&quot;classic&quot;}\">\n\t\t\t\t\t\t<div class=\"elementor-container elementor-column-gap-default\">\n\t\t\t\t\t<div class=\"elementor-column elementor-col-100 elementor-inner-column elementor-element elementor-element-76cef64\" data-id=\"76cef64\" data-element_type=\"column\" data-e-type=\"column\">\n\t\t\t<div class=\"elementor-widget-wrap elementor-element-populated\">\n\t\t\t\t\t\t<div class=\"elementor-element elementor-element-5c6f894 elementor-widget elementor-widget-heading\" data-id=\"5c6f894\" data-element_type=\"widget\" data-e-type=\"widget\" data-widget_type=\"heading.default\">\n\t\t\t\t<div class=\"elementor-widget-container\">\n\t\t\t\t\t<h3 class=\"elementor-heading-title elementor-size-default\">Ajans orta\u011f\u0131 olmaya haz\u0131r m\u0131s\u0131n\u0131z?<\/h3>\t\t\t\t<\/div>\n\t\t\t\t<\/div>\n\t\t\t\t<div class=\"elementor-element elementor-element-4c9eb3d elementor-widget elementor-widget-text-editor\" data-id=\"4c9eb3d\" data-element_type=\"widget\" data-e-type=\"widget\" data-widget_type=\"text-editor.default\">\n\t\t\t\t<div class=\"elementor-widget-container\">\n\t\t\t\t\t\t\t\t\tHemen ba\u015fvurun ve birlikte i\u015fe koyulal\u0131m.\t\t\t\t\t\t\t\t<\/div>\n\t\t\t\t<\/div>\n\t\t\t\t<div class=\"elementor-element elementor-element-3de7490 elementor-widget elementor-widget-hr_button\" data-id=\"3de7490\" data-element_type=\"widget\" data-e-type=\"widget\" data-widget_type=\"hr_button.default\">\n\t\t\t\t<div class=\"elementor-widget-container\">\n\t\t\t\t\t        <div class=\"btn-wrapper\" >\n            <a href=\"https:\/\/hotelrunner.com\/tr\/bize-ulasin\" target=\"_self\" \n               class=\"btn normal has-no-icon\"\n               >\n                                <span class=\"btn-text\">Hemen ba\u015fvur<\/span>\n                            <\/a>\n        <\/div>\n        \t\t\t\t<\/div>\n\t\t\t\t<\/div>\n\t\t\t\t\t<\/div>\n\t\t<\/div>\n\t\t\t\t\t<\/div>\n\t\t<\/section>\n\t\t\t\t\t<\/div>\n\t\t<\/div>\n\t\t\t\t\t<\/div>\n\t\t<\/section>\n\t\t\t\t<\/div>\n\t\t","protected":false},"excerpt":{"rendered":"<p>\u0130\u015f ortakl\u0131\u011f\u0131 programlar\u0131 Serbest \u00e7al\u0131\u015fanlar ve ajans ortaklar\u0131 Otellere ve seyahat acentelerine \u00e7\u00f6z\u00fcmler sunuyorsan\u0131z, ortakl\u0131k program\u0131m\u0131za kat\u0131larak has\u0131lat pay\u0131 kazanabilir ve \u00f6zel kaynaklara eri\u015febilirsiniz. \u0130\u015f Ortakl\u0131\u011f\u0131 Programlar\u0131 \u0130\u015f ortaklar\u0131 Kanal ortaklar\u0131 Serbest \u00e7al\u0131\u015fanlar ve ajans ortaklar\u0131 Otel dan\u0131\u015fmanl\u0131k ortaklar\u0131 HotelRunner kullan\u0131n, ajans\u0131n\u0131za g\u00fc\u00e7 kat\u0131n Seyahat sekt\u00f6r\u00fcnde ba\u015far\u0131l\u0131 olman\u0131n ne kadar zor oldu\u011funu biliyoruz. Serbest \u00c7al\u0131\u015fanlar [&hellip;]<\/p>\n","protected":false},"author":7,"featured_media":0,"parent":70854,"menu_order":0,"comment_status":"closed","ping_status":"closed","template":"","meta":{"_acf_changed":false,"footnotes":""},"page_category":[301],"page_type":[],"class_list":["post-71649","page","type-page","status-publish","hentry","page_category-is-ortakligi-programi"],"acf":[],"_links":{"self":[{"href":"https:\/\/hotelrunner.com\/tr\/wp-json\/wp\/v2\/pages\/71649","targetHints":{"allow":["GET"]}}],"collection":[{"href":"https:\/\/hotelrunner.com\/tr\/wp-json\/wp\/v2\/pages"}],"about":[{"href":"https:\/\/hotelrunner.com\/tr\/wp-json\/wp\/v2\/types\/page"}],"author":[{"embeddable":true,"href":"https:\/\/hotelrunner.com\/tr\/wp-json\/wp\/v2\/users\/7"}],"replies":[{"embeddable":true,"href":"https:\/\/hotelrunner.com\/tr\/wp-json\/wp\/v2\/comments?post=71649"}],"version-history":[{"count":3,"href":"https:\/\/hotelrunner.com\/tr\/wp-json\/wp\/v2\/pages\/71649\/revisions"}],"predecessor-version":[{"id":139917,"href":"https:\/\/hotelrunner.com\/tr\/wp-json\/wp\/v2\/pages\/71649\/revisions\/139917"}],"up":[{"embeddable":true,"href":"https:\/\/hotelrunner.com\/tr\/wp-json\/wp\/v2\/pages\/70854"}],"wp:attachment":[{"href":"https:\/\/hotelrunner.com\/tr\/wp-json\/wp\/v2\/media?parent=71649"}],"wp:term":[{"taxonomy":"page_category","embeddable":true,"href":"https:\/\/hotelrunner.com\/tr\/wp-json\/wp\/v2\/page_category?post=71649"},{"taxonomy":"page_type","embeddable":true,"href":"https:\/\/hotelrunner.com\/tr\/wp-json\/wp\/v2\/page_type?post=71649"}],"curies":[{"name":"wp","href":"https:\/\/api.w.org\/{rel}","templated":true}]}}