



{"id":71657,"date":"2024-09-30T17:47:39","date_gmt":"2024-09-30T17:47:39","guid":{"rendered":"https:\/\/hotelrunner.com\/?page_id=71657"},"modified":"2026-03-23T14:07:53","modified_gmt":"2026-03-23T11:07:53","slug":"otel-danismanlari","status":"publish","type":"page","link":"https:\/\/hotelrunner.com\/tr\/is-ortakligi-programlari\/otel-danismanlari\/","title":{"rendered":"Otel Dan\u0131\u015fmanl\u0131k Ortaklar\u0131"},"content":{"rendered":"\t\t<div data-elementor-type=\"wp-page\" data-elementor-id=\"71657\" class=\"elementor elementor-71657 elementor-70752\" data-elementor-post-type=\"page\">\n\t\t\t\t\t\t<section class=\"elementor-section elementor-top-section elementor-element elementor-element-acc1178 elementor-section-boxed elementor-section-height-default elementor-section-height-default\" data-id=\"acc1178\" data-element_type=\"section\" data-e-type=\"section\">\n\t\t\t\t\t\t<div class=\"elementor-container elementor-column-gap-default\">\n\t\t\t\t\t<div class=\"elementor-column elementor-col-100 elementor-top-column elementor-element elementor-element-24e8a1b\" data-id=\"24e8a1b\" data-element_type=\"column\" data-e-type=\"column\">\n\t\t\t<div class=\"elementor-widget-wrap elementor-element-populated\">\n\t\t\t\t\t\t<div class=\"elementor-element elementor-element-19c324b elementor-widget__width-auto elementor-widget elementor-widget-hr_label\" data-id=\"19c324b\" data-element_type=\"widget\" data-e-type=\"widget\" data-widget_type=\"hr_label.default\">\n\t\t\t\t<div class=\"elementor-widget-container\">\n\t\t\t\t\t            <a class=\"hr-label\"  href=\"https:\/\/hotelrunner.com\/tr\/haberler\/kurumsal\/hotelrunner-dunyanin-en-buyuk-turizm-fuarlarindan-emittte\/\">\u0130\u015f ortakl\u0131\u011f\u0131 programlar\u0131<\/a>\n            \t\t\t\t<\/div>\n\t\t\t\t<\/div>\n\t\t\t\t<div class=\"elementor-element elementor-element-73910c9 elementor-widget elementor-widget-heading\" data-id=\"73910c9\" data-element_type=\"widget\" data-e-type=\"widget\" data-widget_type=\"heading.default\">\n\t\t\t\t<div class=\"elementor-widget-container\">\n\t\t\t\t\t<h1 class=\"elementor-heading-title elementor-size-default\">Otel dan\u0131\u015fmanl\u0131k ortaklar\u0131<\/h1>\t\t\t\t<\/div>\n\t\t\t\t<\/div>\n\t\t\t\t<div class=\"elementor-element elementor-element-c5cc561 elementor-widget__width-initial elementor-widget elementor-widget-text-editor\" data-id=\"c5cc561\" data-element_type=\"widget\" data-e-type=\"widget\" data-widget_type=\"text-editor.default\">\n\t\t\t\t<div class=\"elementor-widget-container\">\n\t\t\t\t\t\t\t\t\tOtellerinize daha iyi dan\u0131\u015fmanl\u0131k hizmetleri sunmak istemez misiniz? M\u00fc\u015fterileriniz i\u00e7in yenilik\u00e7i ara\u00e7lar ve stratejiler sunman\u0131za yard\u0131mc\u0131 olabiliriz.\t\t\t\t\t\t\t\t<\/div>\n\t\t\t\t<\/div>\n\t\t\t\t\t<\/div>\n\t\t<\/div>\n\t\t\t\t\t<\/div>\n\t\t<\/section>\n\t\t\t\t<section class=\"elementor-section elementor-top-section elementor-element elementor-element-137dd68 elementor-section-boxed elementor-section-height-default elementor-section-height-default\" data-id=\"137dd68\" data-element_type=\"section\" data-e-type=\"section\">\n\t\t\t\t\t\t<div class=\"elementor-container elementor-column-gap-default\">\n\t\t\t\t\t<div class=\"elementor-column elementor-col-50 elementor-top-column elementor-element elementor-element-5d7660d\" data-id=\"5d7660d\" data-element_type=\"column\" data-e-type=\"column\">\n\t\t\t<div class=\"elementor-widget-wrap elementor-element-populated\">\n\t\t\t\t\t\t<div class=\"elementor-element elementor-element-bf7348e elementor-widget elementor-widget-hr_sidebar\" data-id=\"bf7348e\" data-element_type=\"widget\" data-e-type=\"widget\" data-widget_type=\"hr_sidebar.default\">\n\t\t\t\t<div class=\"elementor-widget-container\">\n\t\t\t\t\t        <div class=\"sidebar\">\n            <span>\u0130\u015f Ortakl\u0131\u011f\u0131 Programlar\u0131<\/span>            \n                            <ul>\n                                            <li><a href=\"https:\/\/hotelrunner.com\/tr\/is-ortakligi-programlari\/is-ortaklari\/\">\u0130\u015f ortaklar\u0131<\/a><\/li>\n                                                <li><a href=\"https:\/\/hotelrunner.com\/tr\/is-ortakligi-programlari\/kanal-ortaklari\/\">Kanal ortaklar\u0131<\/a><\/li>\n                                                <li><a href=\"https:\/\/hotelrunner.com\/tr\/is-ortakligi-programlari\/serbest-calisanlar-ve-ajans-ortaklari\/\">Serbest \u00e7al\u0131\u015fanlar ve ajans ortaklar\u0131<\/a><\/li>\n                                                <li><a href=\"https:\/\/hotelrunner.com\/tr\/is-ortakligi-programlari\/otel-danismanlari\/\">Otel dan\u0131\u015fmanl\u0131k ortaklar\u0131<\/a><\/li>\n                                        <\/ul>\n                        <\/div>\n        \t\t\t\t<\/div>\n\t\t\t\t<\/div>\n\t\t\t\t\t<\/div>\n\t\t<\/div>\n\t\t\t\t<div class=\"elementor-column elementor-col-50 elementor-top-column elementor-element elementor-element-8f55211\" data-id=\"8f55211\" data-element_type=\"column\" data-e-type=\"column\">\n\t\t\t<div class=\"elementor-widget-wrap elementor-element-populated\">\n\t\t\t\t\t\t<div class=\"elementor-element elementor-element-e9ae7cf elementor-widget elementor-widget-text-editor\" data-id=\"e9ae7cf\" data-element_type=\"widget\" data-e-type=\"widget\" data-widget_type=\"text-editor.default\">\n\t\t\t\t<div class=\"elementor-widget-container\">\n\t\t\t\t\t\t\t\t\t<strong>Dan\u0131\u015fmanl\u0131k hizmetlerinizi birlikte geli\u015ftirelim<\/strong><\/br>\nButik dan\u0131\u015fmanl\u0131k \u015firketleri ve gelir y\u00f6neticileriyle \u00e7al\u0131\u015farak onlara yenilik\u00e7i hizmet teklifleri sunmaktan gurur duyuyoruz. Siz de bu i\u015fi yap\u0131yorsan\u0131z, \u015fimdi i\u015f orta\u011f\u0131m\u0131z olmak i\u00e7in ba\u015fvurun ve \u015firketinizin gelece\u011fini birlikte \u015fekillendirelim.\n<\/br><\/br>\n<strong>Daha iyi tan\u0131n\u0131n<\/strong><\/br>\nBinlerce otele hizmet veriyoruz ve otel a\u011f\u0131m\u0131z giderek geni\u015fliyor. Otellerimiz aktif olarak sistemimizde ya\u015f\u0131yorlar ve dan\u0131\u015fmanl\u0131k hizmetlerinizin ba\u015far\u0131l\u0131 olmas\u0131 ve tan\u0131nman\u0131z i\u00e7in gerekli altyap\u0131ya sahipler.\n<\/br><\/br>\n<strong><strong>Eksiksiz e\u011fitim<\/strong><\/strong><\/br>\n\u0130\u015flerinize ivme kazand\u0131rmak i\u00e7in ihtiyac\u0131n\u0131z olan ara\u00e7lara ve kaynaklara eksiksiz eri\u015fim imkan\u0131 sunuyoruz. \u00d6zel i\u015f orta\u011f\u0131 y\u00f6neticiniz, platforma ge\u00e7i\u015ften e\u011fitime, pazarlamaya ve birlikte sat\u0131\u015fa kadar her a\u015famada yan\u0131n\u0131zda.\n<\/br><\/br>\n<strong>Tekliflerinizi paraya d\u00f6n\u00fc\u015ft\u00fcr\u00fcn<\/strong><\/br>\nGelir payla\u015f\u0131m\u0131 program\u0131yla hizmet tekliflerinizi nakde d\u00f6n\u00fc\u015ft\u00fcr\u00fcn. HotelRunner\u2019\u0131 m\u00fc\u015fterilerinize bir \u00e7\u00f6z\u00fcm olarak sunmak i\u00e7in ihtiyac\u0131n\u0131z olan pazarlama ve sat\u0131\u015f materyallerinizi sa\u011fl\u0131yoruz. HotelRunner platformunu satt\u0131\u011f\u0131n\u0131zda, siz de gelirden pay al\u0131rs\u0131n\u0131z.\n<\/br><\/br>\n<strong>REVPAR ve GOPPAR&#8217;\u0131 art\u0131r\u0131n<\/strong><\/br>\nM\u00fc\u015fteri Ba\u015far\u0131 Ekibimizin bir par\u00e7as\u0131 olarak dan\u0131\u015fmanl\u0131k teklifinizi sunman\u0131za yard\u0131mc\u0131 oluyoruz. B\u00f6ylece has\u0131lat, gelir ve da\u011f\u0131t\u0131m stratejilerinizi daha iyi g\u00f6zlemleyebilirsiniz.\n\nOtellerimizin talepleri hakk\u0131nda bilgi edinebilir, faydal\u0131 geribildirimler alabilir ve daha iyi dan\u0131\u015fmanl\u0131k teklifleri geli\u015ftirebilirsiniz.\t\t\t\t\t\t\t\t<\/div>\n\t\t\t\t<\/div>\n\t\t\t\t<section class=\"elementor-section elementor-inner-section elementor-element elementor-element-e800a77 elementor-reverse-mobile elementor-section-content-middle elementor-section-boxed elementor-section-height-default elementor-section-height-default\" data-id=\"e800a77\" data-element_type=\"section\" data-e-type=\"section\" data-settings=\"{&quot;animation&quot;:&quot;none&quot;,&quot;background_background&quot;:&quot;classic&quot;}\">\n\t\t\t\t\t\t<div class=\"elementor-container elementor-column-gap-default\">\n\t\t\t\t\t<div class=\"elementor-column elementor-col-100 elementor-inner-column elementor-element elementor-element-76cef64\" data-id=\"76cef64\" data-element_type=\"column\" data-e-type=\"column\">\n\t\t\t<div class=\"elementor-widget-wrap elementor-element-populated\">\n\t\t\t\t\t\t<div class=\"elementor-element elementor-element-5c6f894 elementor-widget elementor-widget-heading\" data-id=\"5c6f894\" data-element_type=\"widget\" data-e-type=\"widget\" data-widget_type=\"heading.default\">\n\t\t\t\t<div class=\"elementor-widget-container\">\n\t\t\t\t\t<h3 class=\"elementor-heading-title elementor-size-default\">HotelRunner'dan destek almak istiyor musunuz?<\/h3>\t\t\t\t<\/div>\n\t\t\t\t<\/div>\n\t\t\t\t<div class=\"elementor-element elementor-element-4c9eb3d elementor-widget elementor-widget-text-editor\" data-id=\"4c9eb3d\" data-element_type=\"widget\" data-e-type=\"widget\" data-widget_type=\"text-editor.default\">\n\t\t\t\t<div class=\"elementor-widget-container\">\n\t\t\t\t\t\t\t\t\t<p>Otel Dan\u0131\u015fmanl\u0131k Orta\u011f\u0131m\u0131z olmak i\u00e7in ba\u015fvurun ve i\u015finizi birlikte b\u00fcy\u00fctelim.<\/p>\t\t\t\t\t\t\t\t<\/div>\n\t\t\t\t<\/div>\n\t\t\t\t<div class=\"elementor-element elementor-element-3de7490 elementor-widget elementor-widget-hr_button\" data-id=\"3de7490\" data-element_type=\"widget\" data-e-type=\"widget\" data-widget_type=\"hr_button.default\">\n\t\t\t\t<div class=\"elementor-widget-container\">\n\t\t\t\t\t        <div class=\"btn-wrapper\" >\n            <a href=\"https:\/\/hotelrunner.com\/contact\/\" target=\"_self\" \n               class=\"btn normal has-no-icon\"\n               >\n                                <span class=\"btn-text\">Hemen ba\u015fvur<\/span>\n                            <\/a>\n        <\/div>\n        \t\t\t\t<\/div>\n\t\t\t\t<\/div>\n\t\t\t\t\t<\/div>\n\t\t<\/div>\n\t\t\t\t\t<\/div>\n\t\t<\/section>\n\t\t\t\t\t<\/div>\n\t\t<\/div>\n\t\t\t\t\t<\/div>\n\t\t<\/section>\n\t\t\t\t<\/div>\n\t\t","protected":false},"excerpt":{"rendered":"<p>\u0130\u015f ortakl\u0131\u011f\u0131 programlar\u0131 Otel dan\u0131\u015fmanl\u0131k ortaklar\u0131 Otellerinize daha iyi dan\u0131\u015fmanl\u0131k hizmetleri sunmak istemez misiniz? M\u00fc\u015fterileriniz i\u00e7in yenilik\u00e7i ara\u00e7lar ve stratejiler sunman\u0131za yard\u0131mc\u0131 olabiliriz. \u0130\u015f Ortakl\u0131\u011f\u0131 Programlar\u0131 \u0130\u015f ortaklar\u0131 Kanal ortaklar\u0131 Serbest \u00e7al\u0131\u015fanlar ve ajans ortaklar\u0131 Otel dan\u0131\u015fmanl\u0131k ortaklar\u0131 Dan\u0131\u015fmanl\u0131k hizmetlerinizi birlikte geli\u015ftirelim Butik dan\u0131\u015fmanl\u0131k \u015firketleri ve gelir y\u00f6neticileriyle \u00e7al\u0131\u015farak onlara yenilik\u00e7i hizmet teklifleri sunmaktan gurur [&hellip;]<\/p>\n","protected":false},"author":7,"featured_media":0,"parent":70854,"menu_order":0,"comment_status":"closed","ping_status":"closed","template":"","meta":{"_acf_changed":false,"footnotes":""},"page_category":[301],"page_type":[],"class_list":["post-71657","page","type-page","status-publish","hentry","page_category-is-ortakligi-programi"],"acf":[],"_links":{"self":[{"href":"https:\/\/hotelrunner.com\/tr\/wp-json\/wp\/v2\/pages\/71657","targetHints":{"allow":["GET"]}}],"collection":[{"href":"https:\/\/hotelrunner.com\/tr\/wp-json\/wp\/v2\/pages"}],"about":[{"href":"https:\/\/hotelrunner.com\/tr\/wp-json\/wp\/v2\/types\/page"}],"author":[{"embeddable":true,"href":"https:\/\/hotelrunner.com\/tr\/wp-json\/wp\/v2\/users\/7"}],"replies":[{"embeddable":true,"href":"https:\/\/hotelrunner.com\/tr\/wp-json\/wp\/v2\/comments?post=71657"}],"version-history":[{"count":3,"href":"https:\/\/hotelrunner.com\/tr\/wp-json\/wp\/v2\/pages\/71657\/revisions"}],"predecessor-version":[{"id":139534,"href":"https:\/\/hotelrunner.com\/tr\/wp-json\/wp\/v2\/pages\/71657\/revisions\/139534"}],"up":[{"embeddable":true,"href":"https:\/\/hotelrunner.com\/tr\/wp-json\/wp\/v2\/pages\/70854"}],"wp:attachment":[{"href":"https:\/\/hotelrunner.com\/tr\/wp-json\/wp\/v2\/media?parent=71657"}],"wp:term":[{"taxonomy":"page_category","embeddable":true,"href":"https:\/\/hotelrunner.com\/tr\/wp-json\/wp\/v2\/page_category?post=71657"},{"taxonomy":"page_type","embeddable":true,"href":"https:\/\/hotelrunner.com\/tr\/wp-json\/wp\/v2\/page_type?post=71657"}],"curies":[{"name":"wp","href":"https:\/\/api.w.org\/{rel}","templated":true}]}}