




{"id":77900,"date":"2024-10-22T18:11:51","date_gmt":"2024-10-22T18:11:51","guid":{"rendered":"https:\/\/hotelrunner.com\/?page_id=77900"},"modified":"2026-04-10T10:37:53","modified_gmt":"2026-04-10T07:37:53","slug":"hakkimizda","status":"publish","type":"page","link":"https:\/\/hotelrunner.com\/tr\/hakkimizda\/","title":{"rendered":"Hakk\u0131m\u0131zda"},"content":{"rendered":"\t\t<div data-elementor-type=\"wp-page\" data-elementor-id=\"77900\" class=\"elementor elementor-77900 elementor-77859\" data-elementor-post-type=\"page\">\n\t\t\t\t\t\t<section class=\"elementor-section elementor-top-section elementor-element elementor-element-744b9f3 elementor-section-content-middle elementor-section-boxed elementor-section-height-default elementor-section-height-default\" data-id=\"744b9f3\" data-element_type=\"section\" data-e-type=\"section\">\n\t\t\t\t\t\t<div class=\"elementor-container elementor-column-gap-default\">\n\t\t\t\t\t<div class=\"elementor-column elementor-col-50 elementor-top-column elementor-element elementor-element-3dcfd67\" data-id=\"3dcfd67\" data-element_type=\"column\" data-e-type=\"column\">\n\t\t\t<div class=\"elementor-widget-wrap elementor-element-populated\">\n\t\t\t\t\t\t<div class=\"elementor-element elementor-element-432f288 elementor-widget elementor-widget-heading\" data-id=\"432f288\" data-element_type=\"widget\" data-e-type=\"widget\" data-widget_type=\"heading.default\">\n\t\t\t\t<div class=\"elementor-widget-container\">\n\t\t\t\t\t<h1 class=\"elementor-heading-title elementor-size-default\">Hikayemiz<\/h1>\t\t\t\t<\/div>\n\t\t\t\t<\/div>\n\t\t\t\t<div class=\"elementor-element elementor-element-a2c7821 elementor-widget elementor-widget-text-editor\" data-id=\"a2c7821\" data-element_type=\"widget\" data-e-type=\"widget\" data-widget_type=\"text-editor.default\">\n\t\t\t\t<div class=\"elementor-widget-container\">\n\t\t\t\t\t\t\t\t\t<p>HotelRunner, daha \u00f6nce IBM\u2019de y\u00f6netici olarak \u00e7al\u0131\u015fan iki i\u015f arkada\u015f\u0131 ve y\u00f6netici taraf\u0131ndan 2011 y\u0131l\u0131nda kuruldu. Bitmek bilmeyen i\u015f seyahatleri ve kurumsal projeler s\u0131ras\u0131nda, sekt\u00f6rdeki belirli bir ihtiyac\u0131 ve bo\u015flu\u011fu fark ettiler. D\u00fcnyadaki konaklama tesislerinin \u00e7o\u011fu \u00e7evrimd\u0131\u015f\u0131yd\u0131 ve seyahat teknolojisi pazar\u0131 inan\u0131lmaz derecede da\u011f\u0131n\u0131k bir yap\u0131dayd\u0131. B\u00f6ylece, HotelRunner\u2019\u0131n kurulu\u015f temellerini olu\u015fturan ve g\u00fcn\u00fcm\u00fcze kadar etki eden vizyonu \u015fekillendi: seyahat sekt\u00f6r\u00fcn\u00fc bir araya getirmek ve daha b\u00fcy\u00fck bir seyahat ekonomisi yaratmak.<\/p><p>K\u00fc\u00e7\u00fck bir apartman dairesinde \u00e7ekirdek bir ekiple ba\u015flayan yolculuk, \u015fimdi 5 \u015fehir ve 3 \u00fclkede 100\u2019den fazla ekip \u00fcyesiyle d\u00fcnya \u00e7ap\u0131nda tescillenmi\u015f bir ba\u015far\u0131 hikayesine d\u00f6n\u00fc\u015ft\u00fc. Booking.com Premier Ba\u011flant\u0131 \u0130\u015f Orta\u011f\u0131, Expedia Tercih Edilen Ba\u011flant\u0131 \u0130\u015f Orta\u011f\u0131, Airbnb Tercih Edilen Yaz\u0131l\u0131m \u0130\u015f Orta\u011f\u0131, Agoda Stratejik \u0130\u015f Orta\u011f\u0131, Oracle, Hotelbeds, trivago ve Google Hotel Ads stratejik i\u015f orta\u011f\u0131 olarak se\u00e7ildik. Bug\u00fcn, 100+ \u00fclkeden her t\u00fcrden 64.000\u2019den fazla konaklama i\u015f orta\u011f\u0131 ve 150\u2019den fazla seyahat acentesi ve konaklama sekt\u00f6r\u00fc i\u015f orta\u011f\u0131yla \u00e7al\u0131\u015f\u0131yor ve seyahat teknolojilerinde devrim yarat\u0131yoruz.<\/p>\t\t\t\t\t\t\t\t<\/div>\n\t\t\t\t<\/div>\n\t\t\t\t\t<\/div>\n\t\t<\/div>\n\t\t\t\t<div class=\"elementor-column elementor-col-50 elementor-top-column elementor-element elementor-element-6bd1215\" data-id=\"6bd1215\" data-element_type=\"column\" data-e-type=\"column\">\n\t\t\t<div class=\"elementor-widget-wrap elementor-element-populated\">\n\t\t\t\t\t\t<div class=\"elementor-element elementor-element-d585dbb elementor-widget elementor-widget-image\" data-id=\"d585dbb\" data-element_type=\"widget\" data-e-type=\"widget\" data-widget_type=\"image.default\">\n\t\t\t\t<div class=\"elementor-widget-container\">\n\t\t\t\t\t\t\t\t\t\t\t\t\t\t\t<img fetchpriority=\"high\" decoding=\"async\" width=\"1880\" height=\"1256\" src=\"https:\/\/hotelrunner.com\/wp-content\/uploads\/2024\/10\/1-3-1.webp\" class=\"attachment-full size-full wp-image-76885\" alt=\"\" srcset=\"https:\/\/hotelrunner.com\/wp-content\/uploads\/2024\/10\/1-3-1.webp 1880w, https:\/\/hotelrunner.com\/wp-content\/uploads\/2024\/10\/1-3-1-545x364.webp 545w\" sizes=\"(max-width: 1880px) 100vw, 1880px\">\t\t\t\t\t\t\t\t\t\t\t\t\t\t\t<\/div>\n\t\t\t\t<\/div>\n\t\t\t\t\t<\/div>\n\t\t<\/div>\n\t\t\t\t\t<\/div>\n\t\t<\/section>\n\t\t\t\t<section class=\"elementor-section elementor-top-section elementor-element elementor-element-365ef43 elementor-section-content-middle elementor-reverse-mobile elementor-section-boxed elementor-section-height-default elementor-section-height-default\" data-id=\"365ef43\" data-element_type=\"section\" data-e-type=\"section\">\n\t\t\t\t\t\t<div class=\"elementor-container elementor-column-gap-default\">\n\t\t\t\t\t<div class=\"elementor-column elementor-col-50 elementor-top-column elementor-element elementor-element-177c8fa\" data-id=\"177c8fa\" data-element_type=\"column\" data-e-type=\"column\">\n\t\t\t<div class=\"elementor-widget-wrap elementor-element-populated\">\n\t\t\t\t\t\t<div class=\"elementor-element elementor-element-1ab5074 elementor-widget elementor-widget-image\" data-id=\"1ab5074\" data-element_type=\"widget\" data-e-type=\"widget\" data-widget_type=\"image.default\">\n\t\t\t\t<div class=\"elementor-widget-container\">\n\t\t\t\t\t\t\t\t\t\t\t\t\t\t\t<img decoding=\"async\" width=\"2534\" height=\"1736\" src=\"https:\/\/hotelrunner.com\/wp-content\/uploads\/2024\/10\/about_us.webp\" class=\"attachment-full size-full wp-image-77999\" alt=\"\" srcset=\"https:\/\/hotelrunner.com\/wp-content\/uploads\/2024\/10\/about_us.webp 2534w, https:\/\/hotelrunner.com\/wp-content\/uploads\/2024\/10\/about_us-531x364.webp 531w\" sizes=\"(max-width: 2534px) 100vw, 2534px\">\t\t\t\t\t\t\t\t\t\t\t\t\t\t\t<\/div>\n\t\t\t\t<\/div>\n\t\t\t\t\t<\/div>\n\t\t<\/div>\n\t\t\t\t<div class=\"elementor-column elementor-col-50 elementor-top-column elementor-element elementor-element-b50071b\" data-id=\"b50071b\" data-element_type=\"column\" data-e-type=\"column\">\n\t\t\t<div class=\"elementor-widget-wrap elementor-element-populated\">\n\t\t\t\t\t\t<div class=\"elementor-element elementor-element-6b89950 elementor-widget elementor-widget-heading\" data-id=\"6b89950\" data-element_type=\"widget\" data-e-type=\"widget\" data-widget_type=\"heading.default\">\n\t\t\t\t<div class=\"elementor-widget-container\">\n\t\t\t\t\t<h2 class=\"elementor-heading-title elementor-size-default\">Ne yap\u0131yoruz?<\/h2>\t\t\t\t<\/div>\n\t\t\t\t<\/div>\n\t\t\t\t<div class=\"elementor-element elementor-element-a99f735 elementor-widget elementor-widget-text-editor\" data-id=\"a99f735\" data-element_type=\"widget\" data-e-type=\"widget\" data-widget_type=\"text-editor.default\">\n\t\t\t\t<div class=\"elementor-widget-container\">\n\t\t\t\t\t\t\t\t\tHotelRunner, SaaS destekli, u\u00e7tan uca sat\u0131\u015f, operasyon ve da\u011f\u0131t\u0131m y\u00f6netimi platformu, yapay zeka odakl\u0131 \u00e7\u00f6z\u00fcmleri ve d\u00fcnya \u00e7ap\u0131ndaki pazar a\u011f\u0131yla d\u00fcnya \u00e7ap\u0131nda konaklama sekt\u00f6r\u00fcn\u00fc destekliyor.\n<\/br><\/br>\nResort otellerden ba\u011f\u0131ms\u0131z otellere ve g\u00fcnl\u00fck kiral\u0131k tesislere kadar her t\u00fcrden konaklama tesisine geni\u015f bir \u00fcr\u00fcn ve hizmet yelpazesi sunuyoruz. \u0130\u015f ortaklar\u0131m\u0131z\u0131n tam \u00f6l\u00e7ekli dijital operasyonlar y\u00fcr\u00fctmelerine ve doluluk oranlar\u0131n\u0131 ve karl\u0131l\u0131klar\u0131n\u0131 art\u0131rmalar\u0131na yard\u0131mc\u0131 olurken, manuel i\u015fi en aza indirerek i\u015fletmeleriyle ve misafirleriyle ilgilenmek i\u00e7in ihtiya\u00e7lar\u0131 olan zaman\u0131 kazand\u0131r\u0131yoruz.\n<\/br><\/br>\nG\u00fcnde 35 milyondan fazla i\u015fleme ev sahipli\u011fi yapan B2B a\u011f\u0131m\u0131z, tesisler, seyahat acenteleri, misafirler ve \u00f6deme y\u00f6ntemlerinin birbirlerini \u00e7evrimi\u00e7i olarak bulmalar\u0131na, ba\u011flanmalar\u0131na ve i\u015f yapmalar\u0131na olanak tan\u0131r. Teknolojimiz, otelcilere ve seyahat acentelerine, dijital d\u00f6n\u00fc\u015f\u00fcmlerini tamamlamalar\u0131 i\u00e7in u\u00e7tan uca bir platform sa\u011fl\u0131yor ve i\u015flerini daha verimli, daha g\u00f6r\u00fcn\u00fcr ve daha k\u00e2rl\u0131 hale getiriyor.\t\t\t\t\t\t\t\t<\/div>\n\t\t\t\t<\/div>\n\t\t\t\t\t<\/div>\n\t\t<\/div>\n\t\t\t\t\t<\/div>\n\t\t<\/section>\n\t\t\t\t<section class=\"elementor-section elementor-top-section elementor-element elementor-element-950b003 elementor-section-content-middle elementor-section-boxed elementor-section-height-default elementor-section-height-default\" data-id=\"950b003\" data-element_type=\"section\" data-e-type=\"section\">\n\t\t\t\t\t\t<div class=\"elementor-container elementor-column-gap-default\">\n\t\t\t\t\t<div class=\"elementor-column elementor-col-33 elementor-top-column elementor-element elementor-element-4e83ca9\" data-id=\"4e83ca9\" data-element_type=\"column\" data-e-type=\"column\">\n\t\t\t<div class=\"elementor-widget-wrap elementor-element-populated\">\n\t\t\t\t\t\t<div class=\"elementor-element elementor-element-7a1df54 elementor-widget elementor-widget-heading\" data-id=\"7a1df54\" data-element_type=\"widget\" data-e-type=\"widget\" data-widget_type=\"heading.default\">\n\t\t\t\t<div class=\"elementor-widget-container\">\n\t\t\t\t\t<h2 class=\"elementor-heading-title elementor-size-default\">Kurucular\u0131m\u0131zla tan\u0131\u015f\u0131n<\/h2>\t\t\t\t<\/div>\n\t\t\t\t<\/div>\n\t\t\t\t<div class=\"elementor-element elementor-element-2f753c3 elementor-widget elementor-widget-text-editor\" data-id=\"2f753c3\" data-element_type=\"widget\" data-e-type=\"widget\" data-widget_type=\"text-editor.default\">\n\t\t\t\t<div class=\"elementor-widget-container\">\n\t\t\t\t\t\t\t\t\tHotelRunner, deneyimli y\u00f6neticiler, sekt\u00f6r profesyonelleri ve startup giri\u015fimcilerden olu\u015fan bir ekip taraf\u0131ndan y\u00f6netilmektedir.\t\t\t\t\t\t\t\t<\/div>\n\t\t\t\t<\/div>\n\t\t\t\t\t<\/div>\n\t\t<\/div>\n\t\t\t\t<div class=\"elementor-column elementor-col-33 elementor-top-column elementor-element elementor-element-78ff237\" data-id=\"78ff237\" data-element_type=\"column\" data-e-type=\"column\" data-settings=\"{&quot;background_background&quot;:&quot;classic&quot;}\">\n\t\t\t<div class=\"elementor-widget-wrap elementor-element-populated\">\n\t\t\t\t\t<div class=\"elementor-background-overlay\"><\/div>\n\t\t\t\t\t\t<div class=\"elementor-element elementor-element-9921365 elementor-widget elementor-widget-heading\" data-id=\"9921365\" data-element_type=\"widget\" data-e-type=\"widget\" data-widget_type=\"heading.default\">\n\t\t\t\t<div class=\"elementor-widget-container\">\n\t\t\t\t\t<h4 class=\"elementor-heading-title elementor-size-default\"><a href=\"https:\/\/uk.linkedin.com\/in\/ardenagopyan\" rel=\"nofollow noopener\" target=\"_blank\">Arden Agopyan<\/a><\/h4>\t\t\t\t<\/div>\n\t\t\t\t<\/div>\n\t\t\t\t<div class=\"elementor-element elementor-element-fe0179d elementor-shape-square e-grid-align-left elementor-grid-0 elementor-widget elementor-widget-social-icons\" data-id=\"fe0179d\" data-element_type=\"widget\" data-e-type=\"widget\" data-widget_type=\"social-icons.default\">\n\t\t\t\t<div class=\"elementor-widget-container\">\n\t\t\t\t\t\t\t<div class=\"elementor-social-icons-wrapper elementor-grid\">\n\t\t\t\t\t\t\t<span class=\"elementor-grid-item\">\n\t\t\t\t\t<a class=\"elementor-icon elementor-social-icon elementor-social-icon-linkedin elementor-repeater-item-40b13e9\" href=\"https:\/\/uk.linkedin.com\/in\/ardenagopyan\" target=\"_blank\" rel=\"nofollow noopener\">\n\t\t\t\t\t\t<span class=\"elementor-screen-only\">Linkedin<\/span>\n\t\t\t\t\t\t<svg aria-hidden=\"true\" class=\"e-font-icon-svg e-fab-linkedin\" viewBox=\"0 0 448 512\" xmlns=\"http:\/\/www.w3.org\/2000\/svg\"><path d=\"M416 32H31.9C14.3 32 0 46.5 0 64.3v383.4C0 465.5 14.3 480 31.9 480H416c17.6 0 32-14.5 32-32.3V64.3c0-17.8-14.4-32.3-32-32.3zM135.4 416H69V202.2h66.5V416zm-33.2-243c-21.3 0-38.5-17.3-38.5-38.5S80.9 96 102.2 96c21.2 0 38.5 17.3 38.5 38.5 0 21.3-17.2 38.5-38.5 38.5zm282.1 243h-66.4V312c0-24.8-.5-56.7-34.5-56.7-34.6 0-39.9 27-39.9 54.9V416h-66.4V202.2h63.7v29.2h.9c8.9-16.8 30.6-34.5 62.9-34.5 67.2 0 79.7 44.3 79.7 101.9V416z\"><\/path><\/svg>\t\t\t\t\t<\/a>\n\t\t\t\t<\/span>\n\t\t\t\t\t<\/div>\n\t\t\t\t\t\t<\/div>\n\t\t\t\t<\/div>\n\t\t\t\t\t<\/div>\n\t\t<\/div>\n\t\t\t\t<div class=\"elementor-column elementor-col-33 elementor-top-column elementor-element elementor-element-14fd0b6\" data-id=\"14fd0b6\" data-element_type=\"column\" data-e-type=\"column\" data-settings=\"{&quot;background_background&quot;:&quot;classic&quot;}\">\n\t\t\t<div class=\"elementor-widget-wrap elementor-element-populated\">\n\t\t\t\t\t<div class=\"elementor-background-overlay\"><\/div>\n\t\t\t\t\t\t<div class=\"elementor-element elementor-element-71c6d94 elementor-widget elementor-widget-heading\" data-id=\"71c6d94\" data-element_type=\"widget\" data-e-type=\"widget\" data-widget_type=\"heading.default\">\n\t\t\t\t<div class=\"elementor-widget-container\">\n\t\t\t\t\t<h4 class=\"elementor-heading-title elementor-size-default\"><a href=\"https:\/\/www.linkedin.com\/in\/alibeklen\" rel=\"nofollow noopener\" target=\"_blank\">Ali Beklen<\/a><\/h4>\t\t\t\t<\/div>\n\t\t\t\t<\/div>\n\t\t\t\t<div class=\"elementor-element elementor-element-bc1639b elementor-shape-square e-grid-align-left elementor-grid-0 elementor-widget elementor-widget-social-icons\" data-id=\"bc1639b\" data-element_type=\"widget\" data-e-type=\"widget\" data-widget_type=\"social-icons.default\">\n\t\t\t\t<div class=\"elementor-widget-container\">\n\t\t\t\t\t\t\t<div class=\"elementor-social-icons-wrapper elementor-grid\">\n\t\t\t\t\t\t\t<span class=\"elementor-grid-item\">\n\t\t\t\t\t<a class=\"elementor-icon elementor-social-icon elementor-social-icon-linkedin elementor-repeater-item-40b13e9\" href=\"https:\/\/www.linkedin.com\/in\/alibeklen\" target=\"_blank\" rel=\"nofollow noopener\">\n\t\t\t\t\t\t<span class=\"elementor-screen-only\">Linkedin<\/span>\n\t\t\t\t\t\t<svg aria-hidden=\"true\" class=\"e-font-icon-svg e-fab-linkedin\" viewBox=\"0 0 448 512\" xmlns=\"http:\/\/www.w3.org\/2000\/svg\"><path d=\"M416 32H31.9C14.3 32 0 46.5 0 64.3v383.4C0 465.5 14.3 480 31.9 480H416c17.6 0 32-14.5 32-32.3V64.3c0-17.8-14.4-32.3-32-32.3zM135.4 416H69V202.2h66.5V416zm-33.2-243c-21.3 0-38.5-17.3-38.5-38.5S80.9 96 102.2 96c21.2 0 38.5 17.3 38.5 38.5 0 21.3-17.2 38.5-38.5 38.5zm282.1 243h-66.4V312c0-24.8-.5-56.7-34.5-56.7-34.6 0-39.9 27-39.9 54.9V416h-66.4V202.2h63.7v29.2h.9c8.9-16.8 30.6-34.5 62.9-34.5 67.2 0 79.7 44.3 79.7 101.9V416z\"><\/path><\/svg>\t\t\t\t\t<\/a>\n\t\t\t\t<\/span>\n\t\t\t\t\t<\/div>\n\t\t\t\t\t\t<\/div>\n\t\t\t\t<\/div>\n\t\t\t\t\t<\/div>\n\t\t<\/div>\n\t\t\t\t\t<\/div>\n\t\t<\/section>\n\t\t\t\t<section class=\"elementor-section elementor-top-section elementor-element elementor-element-52f7eb5 elementor-section-boxed elementor-section-height-default elementor-section-height-default\" data-id=\"52f7eb5\" data-element_type=\"section\" data-e-type=\"section\">\n\t\t\t\t\t\t<div class=\"elementor-container elementor-column-gap-default\">\n\t\t\t\t\t<div class=\"elementor-column elementor-col-100 elementor-top-column elementor-element elementor-element-662ed30\" data-id=\"662ed30\" data-element_type=\"column\" data-e-type=\"column\">\n\t\t\t<div class=\"elementor-widget-wrap elementor-element-populated\">\n\t\t\t\t\t\t<div class=\"elementor-element elementor-element-181d371 elementor-widget elementor-widget-heading\" data-id=\"181d371\" data-element_type=\"widget\" data-e-type=\"widget\" data-widget_type=\"heading.default\">\n\t\t\t\t<div class=\"elementor-widget-container\">\n\t\t\t\t\t<h3 class=\"elementor-heading-title elementor-size-default\">Bizi takip edin<\/h3>\t\t\t\t<\/div>\n\t\t\t\t<\/div>\n\t\t\t\t\t<\/div>\n\t\t<\/div>\n\t\t\t\t\t<\/div>\n\t\t<\/section>\n\t\t\t\t<section class=\"elementor-section elementor-top-section elementor-element elementor-element-12dd5a1 elementor-section-boxed elementor-section-height-default elementor-section-height-default\" data-id=\"12dd5a1\" data-element_type=\"section\" data-e-type=\"section\">\n\t\t\t\t\t\t<div class=\"elementor-container elementor-column-gap-default\">\n\t\t\t\t\t<div class=\"elementor-column elementor-col-33 elementor-top-column elementor-element elementor-element-ef47d50\" data-id=\"ef47d50\" data-element_type=\"column\" data-e-type=\"column\">\n\t\t\t<div class=\"elementor-widget-wrap elementor-element-populated\">\n\t\t\t\t\t\t<div class=\"elementor-element elementor-element-5cc54a4 elementor-widget elementor-widget-image\" data-id=\"5cc54a4\" data-element_type=\"widget\" data-e-type=\"widget\" data-widget_type=\"image.default\">\n\t\t\t\t<div class=\"elementor-widget-container\">\n\t\t\t\t\t\t\t\t\t\t\t\t\t\t\t\t<a href=\"https:\/\/www.linkedin.com\/company\/hotelrunner\/\" rel=\"nofollow noopener\" target=\"_blank\">\n\t\t\t\t\t\t\t<img decoding=\"async\" width=\"1000\" height=\"500\" src=\"https:\/\/hotelrunner.com\/wp-content\/uploads\/2024\/10\/LinkedIn-logo-about-us.webp\" class=\"attachment-full size-full wp-image-78104\" alt=\"\" srcset=\"https:\/\/hotelrunner.com\/wp-content\/uploads\/2024\/10\/LinkedIn-logo-about-us.webp 1000w, https:\/\/hotelrunner.com\/wp-content\/uploads\/2024\/10\/LinkedIn-logo-about-us-728x364.webp 728w\" sizes=\"(max-width: 1000px) 100vw, 1000px\">\t\t\t\t\t\t\t\t<\/a>\n\t\t\t\t\t\t\t\t\t\t\t\t\t\t\t<\/div>\n\t\t\t\t<\/div>\n\t\t\t\t\t<\/div>\n\t\t<\/div>\n\t\t\t\t<div class=\"elementor-column elementor-col-33 elementor-top-column elementor-element elementor-element-03e4a0f\" data-id=\"03e4a0f\" data-element_type=\"column\" data-e-type=\"column\">\n\t\t\t<div class=\"elementor-widget-wrap elementor-element-populated\">\n\t\t\t\t\t\t<div class=\"elementor-element elementor-element-3adc6f9 elementor-widget elementor-widget-image\" data-id=\"3adc6f9\" data-element_type=\"widget\" data-e-type=\"widget\" data-widget_type=\"image.default\">\n\t\t\t\t<div class=\"elementor-widget-container\">\n\t\t\t\t\t\t\t\t\t\t\t\t\t\t\t\t<a href=\"https:\/\/angel.co\/company\/hotelrunner\" rel=\"nofollow noopener\" target=\"_blank\">\n\t\t\t\t\t\t\t<img loading=\"lazy\" decoding=\"async\" width=\"1000\" height=\"500\" src=\"https:\/\/hotelrunner.com\/wp-content\/uploads\/2024\/10\/Wellfound-logo-about-us.webp\" class=\"attachment-full size-full wp-image-78100\" alt=\"\" srcset=\"https:\/\/hotelrunner.com\/wp-content\/uploads\/2024\/10\/Wellfound-logo-about-us.webp 1000w, https:\/\/hotelrunner.com\/wp-content\/uploads\/2024\/10\/Wellfound-logo-about-us-728x364.webp 728w\" sizes=\"(max-width: 1000px) 100vw, 1000px\">\t\t\t\t\t\t\t\t<\/a>\n\t\t\t\t\t\t\t\t\t\t\t\t\t\t\t<\/div>\n\t\t\t\t<\/div>\n\t\t\t\t\t<\/div>\n\t\t<\/div>\n\t\t\t\t<div class=\"elementor-column elementor-col-33 elementor-top-column elementor-element elementor-element-baf8f46\" data-id=\"baf8f46\" data-element_type=\"column\" data-e-type=\"column\">\n\t\t\t<div class=\"elementor-widget-wrap elementor-element-populated\">\n\t\t\t\t\t\t<div class=\"elementor-element elementor-element-0835b40 elementor-widget elementor-widget-image\" data-id=\"0835b40\" data-element_type=\"widget\" data-e-type=\"widget\" data-widget_type=\"image.default\">\n\t\t\t\t<div class=\"elementor-widget-container\">\n\t\t\t\t\t\t\t\t\t\t\t\t\t\t\t\t<a href=\"https:\/\/www.crunchbase.com\/organization\/hotelrunner\" rel=\"nofollow noopener\" target=\"_blank\">\n\t\t\t\t\t\t\t<img loading=\"lazy\" decoding=\"async\" width=\"1000\" height=\"500\" src=\"https:\/\/hotelrunner.com\/wp-content\/uploads\/2024\/10\/crunchbase-logo-about-us.webp\" class=\"attachment-full size-full wp-image-78108\" alt=\"\" srcset=\"https:\/\/hotelrunner.com\/wp-content\/uploads\/2024\/10\/crunchbase-logo-about-us.webp 1000w, https:\/\/hotelrunner.com\/wp-content\/uploads\/2024\/10\/crunchbase-logo-about-us-728x364.webp 728w\" sizes=\"(max-width: 1000px) 100vw, 1000px\">\t\t\t\t\t\t\t\t<\/a>\n\t\t\t\t\t\t\t\t\t\t\t\t\t\t\t<\/div>\n\t\t\t\t<\/div>\n\t\t\t\t\t<\/div>\n\t\t<\/div>\n\t\t\t\t\t<\/div>\n\t\t<\/section>\n\t\t\t\t<\/div>\n\t\t","protected":false},"excerpt":{"rendered":"<p>Hikayemiz HotelRunner, daha \u00f6nce IBM\u2019de y\u00f6netici olarak \u00e7al\u0131\u015fan iki i\u015f arkada\u015f\u0131 ve y\u00f6netici taraf\u0131ndan 2011 y\u0131l\u0131nda kuruldu. Bitmek bilmeyen i\u015f seyahatleri ve kurumsal projeler s\u0131ras\u0131nda, sekt\u00f6rdeki belirli bir ihtiyac\u0131 ve bo\u015flu\u011fu fark ettiler. D\u00fcnyadaki konaklama tesislerinin \u00e7o\u011fu \u00e7evrimd\u0131\u015f\u0131yd\u0131 ve seyahat teknolojisi pazar\u0131 inan\u0131lmaz derecede da\u011f\u0131n\u0131k bir yap\u0131dayd\u0131. B\u00f6ylece, HotelRunner\u2019\u0131n kurulu\u015f temellerini olu\u015fturan ve g\u00fcn\u00fcm\u00fcze kadar [&hellip;]<\/p>\n","protected":false},"author":7,"featured_media":0,"parent":0,"menu_order":0,"comment_status":"closed","ping_status":"closed","template":"","meta":{"_acf_changed":false,"footnotes":""},"page_category":[],"page_type":[],"class_list":["post-77900","page","type-page","status-publish","hentry"],"acf":[],"_links":{"self":[{"href":"https:\/\/hotelrunner.com\/tr\/wp-json\/wp\/v2\/pages\/77900","targetHints":{"allow":["GET"]}}],"collection":[{"href":"https:\/\/hotelrunner.com\/tr\/wp-json\/wp\/v2\/pages"}],"about":[{"href":"https:\/\/hotelrunner.com\/tr\/wp-json\/wp\/v2\/types\/page"}],"author":[{"embeddable":true,"href":"https:\/\/hotelrunner.com\/tr\/wp-json\/wp\/v2\/users\/7"}],"replies":[{"embeddable":true,"href":"https:\/\/hotelrunner.com\/tr\/wp-json\/wp\/v2\/comments?post=77900"}],"version-history":[{"count":3,"href":"https:\/\/hotelrunner.com\/tr\/wp-json\/wp\/v2\/pages\/77900\/revisions"}],"predecessor-version":[{"id":139923,"href":"https:\/\/hotelrunner.com\/tr\/wp-json\/wp\/v2\/pages\/77900\/revisions\/139923"}],"wp:attachment":[{"href":"https:\/\/hotelrunner.com\/tr\/wp-json\/wp\/v2\/media?parent=77900"}],"wp:term":[{"taxonomy":"page_category","embeddable":true,"href":"https:\/\/hotelrunner.com\/tr\/wp-json\/wp\/v2\/page_category?post=77900"},{"taxonomy":"page_type","embeddable":true,"href":"https:\/\/hotelrunner.com\/tr\/wp-json\/wp\/v2\/page_type?post=77900"}],"curies":[{"name":"wp","href":"https:\/\/api.w.org\/{rel}","templated":true}]}}