




{"id":92716,"date":"2025-02-06T09:18:28","date_gmt":"2025-02-06T09:18:28","guid":{"rendered":"https:\/\/hotelrunner.com\/?page_id=92716"},"modified":"2025-02-06T09:23:55","modified_gmt":"2025-02-06T09:23:55","slug":"cagri-merkezi-sureclerine-iliskin-aydinlatma-metni","status":"publish","type":"page","link":"https:\/\/hotelrunner.com\/tr\/cagri-merkezi-sureclerine-iliskin-aydinlatma-metni\/","title":{"rendered":"\u00c7a\u011fr\u0131 Merkezi S\u00fcre\u00e7lerine \u0130li\u015fkin Ayd\u0131nlatma Metni"},"content":{"rendered":"\n<ol class=\"wp-block-list\">\n<li><strong>Veri Sorumlusu<\/strong><\/li>\n<\/ol>\n\n\n\n<p><a><\/a><a><\/a> Ki\u015fisel verileriniz, veri sorumlusu s\u0131fat\u0131yla\u015eirketimiz taraf\u0131ndan 6698 say\u0131l\u0131 Ki\u015fisel Verilerin Korunmas\u0131 Kanunu (\u201c<strong>KVKK<\/strong>\u201d) h\u00fck\u00fcmleri kapsam\u0131nda ve i\u015fbu \u00c7a\u011fr\u0131 Merkezi S\u00fcre\u00e7lerine \u0130li\u015fkin Ayd\u0131nlatma Metni (\u201c<strong>Ayd\u0131nlatma Metni<\/strong>\u201d) \u00e7er\u00e7evesinde i\u015flenmektedir.<\/p>\n\n\n\n<p><a><\/a> \u015eirketimiz, gizlili\u011finize ve ki\u015fisel verilerinizin korunmas\u0131na ili\u015fkin haklar\u0131n\u0131za sayg\u0131 duymakta ve sizinle g\u00fcvene dayal\u0131 bir ili\u015fki kurmak ve s\u00fcrd\u00fcrmek i\u00e7in \u00e7al\u0131\u015fmaktad\u0131r. Bu kapsamda \u015eirketimiz, ki\u015fisel verilerinizi KVKK ba\u015fta olmak \u00fczere ki\u015fisel verilerin korunmas\u0131na ili\u015fkin t\u00fcm mevzuat h\u00fck\u00fcmlerine uygun \u015fekilde i\u015flemekte ve verilerinizin g\u00fcvenli\u011fini sa\u011flamak ad\u0131na gerekli t\u00fcm g\u00fcvenlik tedbirlerini almaktad\u0131r. \u0130\u015fbu Ayd\u0131nlatma Metni ile \u015eirketimiz ile \u00e7a\u011fr\u0131 merkezi vas\u0131tas\u0131yla iletece\u011finiz talep \/ \u015fikayet \/ \u00f6neri ba\u015fvurusu \u00e7er\u00e7evesinde toplanan ki\u015fisel verilerinizin hangi kapsamda i\u015flendi\u011fi a\u00e7\u0131klanmaktad\u0131r.<\/p>\n\n\n\n<ol start=\"2\" class=\"wp-block-list\">\n<li><strong>Ki\u015fisel Verilerinizin Toplanma Y\u00f6ntemleri<\/strong><\/li>\n<\/ol>\n\n\n\n<p>Ki\u015fisel verileriniz, \u015eirketimiz taraf\u0131ndan elektronik ortamdan \u00e7a\u011fr\u0131 merkezi (telefon) kanal\u0131yla toplanmaktad\u0131r.<\/p>\n\n\n\n<ol start=\"3\" class=\"wp-block-list\">\n<li><strong>\u0130\u015flenen Ki\u015fisel Veri Kategorileriniz ve Ki\u015fisel Verilerinizin \u0130\u015flenmesinin Ama\u00e7lar\u0131 ve Hukuki Sebepleri<\/strong><\/li>\n<\/ol>\n\n\n\n<p><a><\/a><a><\/a><a><\/a><a><\/a><a><\/a><a><\/a><a><\/a> \u00c7a\u011fr\u0131 merkezi gelen \/ giden arama y\u00f6netimi; \u00e7a\u011fr\u0131 merkezi vas\u0131tas\u0131yla taleplerin \/ \u015fikayetlerin \/ \u00f6nerilerin toplanmas\u0131, de\u011ferlendirilmesi ve \u00e7\u00f6z\u00fcme kavu\u015fturulmas\u0131 y\u00f6netimi; talep \/ \u015fikayet \/ \u00f6neri sahibi ili\u015fkileri ve memnuniyet y\u00f6netimi; talep \/ \u015fikayet \/ \u00f6neri sahibi deneyiminin iyile\u015ftirilmesi ve \u00fcr\u00fcn \/ hizmet \/ s\u00fcre\u00e7 iyile\u015ftirme de dahil kalite standartlar\u0131 y\u00f6netimi; bilgi g\u00fcvenli\u011fi y\u00f6netimi; denetim ve i\u00e7 denetim y\u00f6netimi; operasyon y\u00f6netimi; yasal y\u00fck\u00fcml\u00fcl\u00fcklerin yerine getirilmesi ile \u015eirket\u2019in taraf oldu\u011fu ve\/veya ili\u015fkili oldu\u011fu uyu\u015fmazl\u0131k i\u015flemlerinin (\u00f6rn. dava, icra, arabuluculuk) y\u00fcr\u00fct\u00fclmesi de dahil hukuk ve dan\u0131\u015fmanl\u0131k y\u00f6netimi ve saklama ve ar\u015fiv y\u00f6netimi s\u00fcre\u00e7leri kapsam\u0131nda i\u015flenen ki\u015fisel veri kategorileriniz ile s\u00f6z konusu ki\u015fisel verilerinizin i\u015flenme ama\u00e7lar\u0131 ve hukuki sebepleri a\u015fa\u011f\u0131da detayl\u0131 \u015fekilde a\u00e7\u0131klanmaktad\u0131r.<\/p>\n\n\n\n<figure class=\"wp-block-table\"><table class=\"has-fixed-layout\"><tbody><tr><td><strong>Ki\u015fisel Veri Kategorisi<\/strong><\/td><td><strong>Ki\u015fisel Verilerin \u0130\u015flenme Ama\u00e7lar\u0131 ve \u0130\u015flemenin Hukuki Sebepleri<\/strong><br><\/td><\/tr><tr><td><strong>Kimlik Verisi<\/strong><br><\/td><td><a><\/a> Bu kategorideki ki\u015fisel verileriniz, KVKK\u2019n\u0131n 5\u2019inci maddesinin 2\u2019nci f\u0131kras\u0131n\u0131n (c) bendi uyar\u0131nca bir s\u00f6zle\u015fmenin kurulmas\u0131 veya ifas\u0131yla do\u011frudan do\u011fruya ilgili olmas\u0131 kayd\u0131yla, s\u00f6zle\u015fmenin taraflar\u0131na ait ki\u015fisel verilerin i\u015flenmesinin gerekli olmas\u0131, (\u00e7) bendi uyar\u0131nca veri sorumlusunun hukuki y\u00fck\u00fcml\u00fcl\u00fc\u011f\u00fcn\u00fc yerine getirebilmesi i\u00e7in zorunlu olmas\u0131, (e) bendi uyar\u0131nca bir hakk\u0131n tesisi, kullan\u0131lmas\u0131 veya korunmas\u0131 i\u00e7in veri i\u015flemenin zorunlu olmas\u0131 ve (f) bendi uyar\u0131nca ilgili ki\u015finin temel hak ve \u00f6zg\u00fcrl\u00fcklerine zarar vermemek kayd\u0131yla, veri sorumlusunun me\u015fru menfaatleri i\u00e7in veri i\u015flenmesinin zorunlu olmas\u0131 ki\u015fisel veri i\u015fleme \u015fartlar\u0131 (hukuki sebepleri) kapsam\u0131nda ve a\u015fa\u011f\u0131daki ama\u00e7larla i\u015flenmektedir:<br>Bilgi G\u00fcvenli\u011fi S\u00fcre\u00e7lerinin Y\u00fcr\u00fct\u00fclmesi Denetim \/ Etik Faaliyetlerinin Y\u00fcr\u00fct\u00fclmesi Faaliyetlerin Mevzuata Uygun Y\u00fcr\u00fct\u00fclmesi Hukuk \u0130\u015flerinin Takibi ve Y\u00fcr\u00fct\u00fclmesi \u0130\u00e7 Denetim\/ Soru\u015fturma \/ \u0130stihbarat Faaliyetlerinin Y\u00fcr\u00fct\u00fclmesi \u0130leti\u015fim Faaliyetlerinin Y\u00fcr\u00fct\u00fclmesi \u0130\u015f Faaliyetlerinin Y\u00fcr\u00fct\u00fclmesi \/ Denetimi \u0130\u015f S\u00fcre\u00e7lerinin \u0130yile\u015ftirilmesine Y\u00f6nelik \u00d6nerilerin Al\u0131nmas\u0131 ve De\u011ferlendirilmesi \u0130\u015f S\u00fcreklili\u011finin Sa\u011flanmas\u0131 Faaliyetlerinin Y\u00fcr\u00fct\u00fclmesi Mal \/ Hizmet Sat\u0131\u015f Sonras\u0131 Destek Hizmetlerinin Y\u00fcr\u00fct\u00fclmesi Mal \/ Hizmet \u00dcretim ve Operasyon S\u00fcre\u00e7lerinin Y\u00fcr\u00fct\u00fclmesi M\u00fc\u015fteri \u0130li\u015fkileri Y\u00f6netimi S\u00fcre\u00e7lerinin Y\u00fcr\u00fct\u00fclmesi M\u00fc\u015fteri Memnuniyetine Y\u00f6nelik Aktivitelerin Y\u00fcr\u00fct\u00fclmesi Saklama ve Ar\u015fiv Faaliyetlerinin Y\u00fcr\u00fct\u00fclmesi S\u00f6zle\u015fme S\u00fcre\u00e7lerinin Y\u00fcr\u00fct\u00fclmesi Talep \/ \u015eikayetlerin Takibi Yetkili Ki\u015fi, Kurum ve Kurulu\u015flara Bilgi Verilmesi<br><\/td><\/tr><tr><td><strong>\u0130leti\u015fim Verisi<\/strong><br><\/td><td><a><\/a> Bu kategorideki ki\u015fisel verileriniz, KVKK\u2019n\u0131n 5\u2019inci maddesinin 2\u2019nci f\u0131kras\u0131n\u0131n (c) bendi uyar\u0131nca bir s\u00f6zle\u015fmenin kurulmas\u0131 veya ifas\u0131yla do\u011frudan do\u011fruya ilgili olmas\u0131 kayd\u0131yla, s\u00f6zle\u015fmenin taraflar\u0131na ait ki\u015fisel verilerin i\u015flenmesinin gerekli olmas\u0131, (\u00e7) bendi uyar\u0131nca veri sorumlusunun hukuki y\u00fck\u00fcml\u00fcl\u00fc\u011f\u00fcn\u00fc yerine getirebilmesi i\u00e7in zorunlu olmas\u0131, (e) bendi uyar\u0131nca bir hakk\u0131n tesisi, kullan\u0131lmas\u0131 veya korunmas\u0131 i\u00e7in veri i\u015flemenin zorunlu olmas\u0131 ve (f) bendi uyar\u0131nca ilgili ki\u015finin temel hak ve \u00f6zg\u00fcrl\u00fcklerine zarar vermemek kayd\u0131yla, veri sorumlusunun me\u015fru menfaatleri i\u00e7in veri i\u015flenmesinin zorunlu olmas\u0131 ki\u015fisel veri i\u015fleme \u015fartlar\u0131 (hukuki sebepleri) kapsam\u0131nda ve a\u015fa\u011f\u0131daki ama\u00e7larla i\u015flenmektedir:<br>Denetim \/ Etik Faaliyetlerinin Y\u00fcr\u00fct\u00fclmesi Hukuk \u0130\u015flerinin Takibi ve Y\u00fcr\u00fct\u00fclmesi \u0130\u00e7 Denetim\/ Soru\u015fturma \/ \u0130stihbarat Faaliyetlerinin Y\u00fcr\u00fct\u00fclmesi \u0130leti\u015fim Faaliyetlerinin Y\u00fcr\u00fct\u00fclmesi \u0130\u015f Faaliyetlerinin Y\u00fcr\u00fct\u00fclmesi \/ Denetimi \u0130\u015f S\u00fcre\u00e7lerinin \u0130yile\u015ftirilmesine Y\u00f6nelik \u00d6nerilerin Al\u0131nmas\u0131 ve De\u011ferlendirilmesi \u0130\u015f S\u00fcreklili\u011finin Sa\u011flanmas\u0131 Faaliyetlerinin Y\u00fcr\u00fct\u00fclmesi Mal \/ Hizmet Sat\u0131\u015f Sonras\u0131 Destek Hizmetlerinin Y\u00fcr\u00fct\u00fclmesi Mal \/ Hizmet \u00dcretim ve Operasyon S\u00fcre\u00e7lerinin Y\u00fcr\u00fct\u00fclmesi M\u00fc\u015fteri \u0130li\u015fkileri Y\u00f6netimi S\u00fcre\u00e7lerinin Y\u00fcr\u00fct\u00fclmesi M\u00fc\u015fteri Memnuniyetine Y\u00f6nelik Aktivitelerin Y\u00fcr\u00fct\u00fclmesi Saklama ve Ar\u015fiv Faaliyetlerinin Y\u00fcr\u00fct\u00fclmesi S\u00f6zle\u015fme S\u00fcre\u00e7lerinin Y\u00fcr\u00fct\u00fclmesi Talep \/ \u015eikayetlerin Takibi Yetkili Ki\u015fi, Kurum ve Kurulu\u015flara Bilgi Verilmesi<br><\/td><\/tr><tr><td><strong>M\u00fc\u015fteri \u0130\u015flem Verisi<\/strong> (<em>Yaln\u0131zca m\u00fc\u015fterimiz olman\u0131z halinde i\u015flenmektedir.<\/em>)<\/td><td>Bu kategorideki verileriniz, KVKK\u2019n\u0131n 5\u2019inci maddesinin 2\u2019nci f\u0131kras\u0131n\u0131n (c) bendi uyar\u0131nca bir s\u00f6zle\u015fmenin kurulmas\u0131 veya ifas\u0131yla do\u011frudan do\u011fruya ilgili olmas\u0131 kayd\u0131yla, s\u00f6zle\u015fmenin taraflar\u0131na ait ki\u015fisel verilerin i\u015flenmesinin gerekli olmas\u0131, (\u00e7) bendi uyar\u0131nca veri sorumlusunun hukuki y\u00fck\u00fcml\u00fcl\u00fc\u011f\u00fcn\u00fc yerine getirebilmesi i\u00e7in zorunlu olmas\u0131, (e) bendi uyar\u0131nca bir hakk\u0131n tesisi, kullan\u0131lmas\u0131 veya korunmas\u0131 i\u00e7in veri i\u015flemenin zorunlu olmas\u0131 ve (f) bendi uyar\u0131nca ilgili ki\u015finin temel hak ve \u00f6zg\u00fcrl\u00fcklerine zarar vermemek kayd\u0131yla, veri sorumlusunun me\u015fru menfaatleri i\u00e7in veri i\u015flenmesinin zorunlu olmas\u0131 ki\u015fisel veri i\u015fleme \u015fartlar\u0131 (hukuki sebepleri) kapsam\u0131nda ve a\u015fa\u011f\u0131daki ama\u00e7larla i\u015flenmektedir:<br>Denetim \/ Etik Faaliyetlerinin Y\u00fcr\u00fct\u00fclmesi Hukuk \u0130\u015flerinin Takibi ve Y\u00fcr\u00fct\u00fclmesi \u0130\u00e7 Denetim\/ Soru\u015fturma \/ \u0130stihbarat Faaliyetlerinin Y\u00fcr\u00fct\u00fclmesi \u0130\u015f Faaliyetlerinin Y\u00fcr\u00fct\u00fclmesi \/ Denetimi \u0130\u015f S\u00fcre\u00e7lerinin \u0130yile\u015ftirilmesine Y\u00f6nelik \u00d6nerilerin Al\u0131nmas\u0131 ve De\u011ferlendirilmesi \u0130\u015f S\u00fcreklili\u011finin Sa\u011flanmas\u0131 Faaliyetlerinin Y\u00fcr\u00fct\u00fclmesi Mal \/ Hizmet Sat\u0131\u015f Sonras\u0131 Destek Hizmetlerinin Y\u00fcr\u00fct\u00fclmesi Mal \/ Hizmet \u00dcretim ve Operasyon S\u00fcre\u00e7lerinin Y\u00fcr\u00fct\u00fclmesi M\u00fc\u015fteri \u0130li\u015fkileri Y\u00f6netimi S\u00fcre\u00e7lerinin Y\u00fcr\u00fct\u00fclmesi M\u00fc\u015fteri Memnuniyetine Y\u00f6nelik Aktivitelerin Y\u00fcr\u00fct\u00fclmesi Saklama ve Ar\u015fiv Faaliyetlerinin Y\u00fcr\u00fct\u00fclmesi S\u00f6zle\u015fme S\u00fcre\u00e7lerinin Y\u00fcr\u00fct\u00fclmesi Talep \/ \u015eikayetlerin Takibi Yetkili Ki\u015fi, Kurum ve Kurulu\u015flara Bilgi Verilmesi<br><\/td><\/tr><tr><td><strong>\u0130\u015flem G\u00fcvenli\u011fi Verisi<\/strong><\/td><td>Bu kategorideki ki\u015fisel verileriniz, KVKK\u2019n\u0131n 5\u2019inci maddesinin 2\u2019nci f\u0131kras\u0131n\u0131n (\u00e7) bendi uyar\u0131nca veri sorumlusunun hukuki y\u00fck\u00fcml\u00fcl\u00fc\u011f\u00fcn\u00fc yerine getirebilmesi i\u00e7in zorunlu olmas\u0131, (e) bendi uyar\u0131nca bir hakk\u0131n tesisi, kullan\u0131lmas\u0131 veya korunmas\u0131 i\u00e7in veri i\u015flemenin zorunlu olmas\u0131 ve (f) bendi uyar\u0131nca ilgili ki\u015finin temel hak ve \u00f6zg\u00fcrl\u00fcklerine zarar vermemek kayd\u0131yla, veri sorumlusunun me\u015fru menfaatleri i\u00e7in veri i\u015flenmesinin zorunlu olmas\u0131 ki\u015fisel veri i\u015fleme \u015fartlar\u0131 (hukuki sebepleri) kapsam\u0131nda ve a\u015fa\u011f\u0131daki ama\u00e7larla i\u015flenmektedir:<br>Bilgi G\u00fcvenli\u011fi S\u00fcre\u00e7lerinin Y\u00fcr\u00fct\u00fclmesi Denetim \/ Etik Faaliyetlerinin Y\u00fcr\u00fct\u00fclmesi Faaliyetlerin Mevzuata Uygun Y\u00fcr\u00fct\u00fclmesi Hukuk \u0130\u015flerinin Takibi ve Y\u00fcr\u00fct\u00fclmesi \u0130\u00e7 Denetim\/ Soru\u015fturma \/ \u0130stihbarat Faaliyetlerinin Y\u00fcr\u00fct\u00fclmesi \u0130\u015f Faaliyetlerinin Y\u00fcr\u00fct\u00fclmesi \/ Denetimi Saklama ve Ar\u015fiv Faaliyetlerinin Y\u00fcr\u00fct\u00fclmesi Talep \/ \u015eikayetlerin Takibi Yetkili Ki\u015fi, Kurum ve Kurulu\u015flara Bilgi Verilmesi<br><\/td><\/tr><tr><td><strong>Talep \/ \u015eikayet \/ \u00d6neri Verisi<\/strong><\/td><td>Bu kategorideki ki\u015fisel verileriniz, KVKK\u2019n\u0131n 5\u2019inci maddesinin 2\u2019nci f\u0131kras\u0131n\u0131n (c) bendi uyar\u0131nca bir s\u00f6zle\u015fmenin kurulmas\u0131 veya ifas\u0131yla do\u011frudan do\u011fruya ilgili olmas\u0131 kayd\u0131yla, s\u00f6zle\u015fmenin taraflar\u0131na ait ki\u015fisel verilerin i\u015flenmesinin gerekli olmas\u0131, (\u00e7) bendi uyar\u0131nca veri sorumlusunun hukuki y\u00fck\u00fcml\u00fcl\u00fc\u011f\u00fcn\u00fc yerine getirebilmesi i\u00e7in zorunlu olmas\u0131, (e) bendi uyar\u0131nca bir hakk\u0131n tesisi, kullan\u0131lmas\u0131 veya korunmas\u0131 i\u00e7in veri i\u015flemenin zorunlu olmas\u0131 ve (f) bendi uyar\u0131nca ilgili ki\u015finin temel hak ve \u00f6zg\u00fcrl\u00fcklerine zarar vermemek kayd\u0131yla, veri sorumlusunun me\u015fru menfaatleri i\u00e7in veri i\u015flenmesinin zorunlu olmas\u0131 ki\u015fisel veri i\u015fleme \u015fartlar\u0131 (hukuki sebepleri) kapsam\u0131nda ve a\u015fa\u011f\u0131daki ama\u00e7larla i\u015flenmektedir:<br>Bilgi G\u00fcvenli\u011fi S\u00fcre\u00e7lerinin Y\u00fcr\u00fct\u00fclmesi Denetim \/ Etik Faaliyetlerinin Y\u00fcr\u00fct\u00fclmesi Hukuk \u0130\u015flerinin Takibi ve Y\u00fcr\u00fct\u00fclmesi \u0130\u00e7 Denetim\/ Soru\u015fturma \/ \u0130stihbarat Faaliyetlerinin Y\u00fcr\u00fct\u00fclmesi \u0130\u015f Faaliyetlerinin Y\u00fcr\u00fct\u00fclmesi \/ Denetimi \u0130\u015f S\u00fcre\u00e7lerinin \u0130yile\u015ftirilmesine Y\u00f6nelik \u00d6nerilerin Al\u0131nmas\u0131 ve De\u011ferlendirilmesi \u0130\u015f S\u00fcreklili\u011finin Sa\u011flanmas\u0131 Faaliyetlerinin Y\u00fcr\u00fct\u00fclmesi Mal \/ Hizmet Sat\u0131\u015f Sonras\u0131 Destek Hizmetlerinin Y\u00fcr\u00fct\u00fclmesi Mal \/ Hizmet \u00dcretim ve Operasyon S\u00fcre\u00e7lerinin Y\u00fcr\u00fct\u00fclmesi M\u00fc\u015fteri \u0130li\u015fkileri Y\u00f6netimi S\u00fcre\u00e7lerinin Y\u00fcr\u00fct\u00fclmesi M\u00fc\u015fteri Memnuniyetine Y\u00f6nelik Aktivitelerin Y\u00fcr\u00fct\u00fclmesi Saklama ve Ar\u015fiv Faaliyetlerinin Y\u00fcr\u00fct\u00fclmesi S\u00f6zle\u015fme S\u00fcre\u00e7lerinin Y\u00fcr\u00fct\u00fclmesi Talep \/ \u015eikayetlerin Takibi Yetkili Ki\u015fi, Kurum ve Kurulu\u015flara Bilgi Verilmesi<br><\/td><\/tr><\/tbody><\/table><\/figure>\n\n\n\n<ol start=\"4\" class=\"wp-block-list\">\n<li><strong>Ki\u015fisel Verilerinizin Yurt \u0130\u00e7inde ve\/veya Yurt D\u0131\u015f\u0131nda Yerle\u015fik \u00dc\u00e7\u00fcnc\u00fc Ki\u015filere Aktar\u0131lmas\u0131<\/strong><\/li>\n<\/ol>\n\n\n\n<p><a><\/a> \u015eirketimiz b\u00fcnyesinde ki\u015fisel verilerinize, yaln\u0131zca yukar\u0131da detaylar\u0131na yer verilen ama\u00e7lar bak\u0131m\u0131ndan s\u0131n\u0131rl\u0131 yetki eri\u015fimine sahip \u00e7al\u0131\u015fanlar\u0131m\u0131z taraf\u0131ndan kendi g\u00f6revlerini yerine getirmek amac\u0131yla gerekli \u00f6l\u00e7\u00fcde eri\u015filebilmekte ve ki\u015fisel verileriniz KVKK\u2019n\u0131n 8\u2019inci ve\/veya 9\u2019uncu maddelerinde d\u00fczenlenen aktar\u0131ma y\u00f6nelik \u015fartlar\u0131n bulunmad\u0131\u011f\u0131 hallerde yurt i\u00e7inde ve\/veya yurt d\u0131\u015f\u0131nda yerle\u015fik \u00fc\u00e7\u00fcnc\u00fc ki\u015filere aktar\u0131lmamaktad\u0131r. Bununla birlikte, yukar\u0131da belirtilen her bir ki\u015fisel veri kategorisi kapsam\u0131nda i\u015flenen ki\u015fisel verileriniz, KVKK\u2019n\u0131n 8\u2019inci ve\/veya 9\u2019uncu maddelerine uygun \u015fekilde ve ilgili veri kategorisi i\u00e7in yukar\u0131da belirtilen ki\u015fisel veri i\u015fleme \u015fartlar\u0131n\u0131n(hukuki sebeplerinin) aktar\u0131m ama\u00e7lar\u0131 bak\u0131m\u0131ndan da ayr\u0131ca mevcut olmas\u0131 halinde a\u015fa\u011f\u0131daki al\u0131c\u0131 gruplar\u0131na aktar\u0131labilecektir:<\/p>\n\n\n\n<ul class=\"wp-block-list\">\n<li> \u015eirket faaliyetlerinin y\u00fcr\u00fct\u00fclmesi bak\u0131m\u0131ndan \u00fcr\u00fcn \/ hizmet temin edilmesi ama\u00e7lar\u0131 ba\u015fta olmak \u00fczere kimlik, ileti\u015fim, m\u00fc\u015fteri i\u015flem, i\u015flem g\u00fcvenli\u011fi ve talep \/ \u015fikayet \/ \u00f6neri ki\u015fisel veri kategorileri ile s\u0131n\u0131rl\u0131 ki\u015fisel verileriniz yukar\u0131da her bir veri kategorisi i\u00e7in belirlenen ama\u00e7larlayurt i\u00e7inde ve\/veya yurt d\u0131\u015f\u0131nda yerle\u015fik <em><strong>tedarik\u00e7ilerimiz <\/strong><\/em>(<em>\u00f6rn.<\/em> <em>\u00e7a\u011fr\u0131 merkezi hizmeti sunan firmalar ile bili\u015fim teknolojileri ve veri bar\u0131nd\u0131rma hizmet sa\u011flay\u0131c\u0131lar\u0131<\/em>),<\/li>\n\n\n\n<li> \u015eirketimizin hukuki y\u00fck\u00fcml\u00fcklerinin yerine getirilmesi ile hukuk i\u015flerinin takibi ama\u00e7lar\u0131 ba\u015fta olmak \u00fczere kimlik, ileti\u015fim, m\u00fc\u015fteri i\u015flem, i\u015flem g\u00fcvenli\u011fi ve talep \/ \u015fikayet \/ \u00f6neri ki\u015fisel veri kategorileri ile s\u0131n\u0131rl\u0131 ki\u015fisel verileriniz yukar\u0131da her bir veri kategorisi i\u00e7in belirlenen ama\u00e7larla yurt i\u00e7inde yerle\u015fik <em><strong>yetkili kamu kurum ve<\/strong><\/em><em><strong>kurulu\u015flar\u0131na <\/strong><\/em><em>(\u00f6rn. mahkemeler, noterler, vergi daireleri).<\/em><\/li>\n<\/ul>\n\n\n\n<ol start=\"5\" class=\"wp-block-list\">\n<li><strong>Ki\u015fisel Verilerinizin \u0130\u015flenme S\u00fcresi<\/strong><\/li>\n<\/ol>\n\n\n\n<p>\u015eirket faaliyetlerimiz s\u0131ras\u0131nda elde edilen ki\u015fisel verileriniz, ba\u015fta Anayasa olmak \u00fczere KVKK, Ki\u015fisel Verilerin Silinmesi, Yok Edilmesi veya Anonim Hale Getirilmesi Hakk\u0131nda Y\u00f6netmelik ve di\u011fer ilgili mevzuat h\u00fck\u00fcmlerine uygun \u015fekilde haz\u0131rlanan \u015eirketimizin saklama ve imhaya ili\u015fkin politika ve prosed\u00fcrlerinde belirtilen genel prensipler ve d\u00fczenlemelere uygun \u015fekilde saklamakta ve imha etmektedir.<\/p>\n\n\n\n<p>Bu kapsamda ki\u015fisel verileriniz, yukar\u0131da yer alan ki\u015fisel veri i\u015fleme \u015fartlar\u0131n\u0131n tamam\u0131n\u0131n ortadan kalkmas\u0131 halinde imha edilecektir. Ki\u015fisel verileriniz bu do\u011frultuda, talebinizin \/ \u015fikayetinizin \/ \u00f6nerinizin sonu\u00e7land\u0131r\u0131lmas\u0131n\u0131 takiben yasal zaman a\u015f\u0131m s\u00fcreleri boyunca i\u015flenmeye devam edecektir. Ki\u015fisel verilerinizin imha edilmesine ili\u015fkin talepleriniz bak\u0131m\u0131ndan, i\u015fbu Ayd\u0131nlatma Metni\u2019nin 6\u2019nc\u0131 b\u00f6l\u00fcm\u00fcn\u00fc incelemenizi rica ederiz.<\/p>\n\n\n\n<ol start=\"6\" class=\"wp-block-list\">\n<li><strong>KVKK Kapsam\u0131nda Haklar\u0131n\u0131z<\/strong><\/li>\n<\/ol>\n\n\n\n<p>\u0130lgili ki\u015fi olarak KVKK\u2019n\u0131n 11\u2019inci maddesi uyar\u0131nca a\u015fa\u011f\u0131daki haklara sahip oldu\u011funuzu bildiririz:<\/p>\n\n\n\n<ul class=\"wp-block-list\">\n<li>ki\u015fisel verilerinizin i\u015flenip i\u015flenmedi\u011fini \u00f6\u011frenme,<\/li>\n\n\n\n<li>ki\u015fisel verileriniz i\u015flenmi\u015fse buna ili\u015fkin bilgi talep etme,<\/li>\n\n\n\n<li>ki\u015fisel verilerinizin i\u015flenme amac\u0131n\u0131 ve bunlar\u0131n amac\u0131na uygun kullan\u0131l\u0131p kullan\u0131lmad\u0131\u011f\u0131n\u0131 \u00f6\u011frenme,<\/li>\n\n\n\n<li>yurt i\u00e7inde veya yurt d\u0131\u015f\u0131nda ki\u015fisel verilerinizin aktar\u0131ld\u0131\u011f\u0131 \u00fc\u00e7\u00fcnc\u00fc ki\u015fileri bilme,<\/li>\n\n\n\n<li>ki\u015fisel verilerinizin eksik veya yanl\u0131\u015f i\u015flenmi\u015f olmas\u0131 halinde bunlar\u0131n d\u00fczeltilmesini isteme ve bu kapsamda yap\u0131lan i\u015flemin ki\u015fisel verilerinizin aktar\u0131ld\u0131\u011f\u0131 \u00fc\u00e7\u00fcnc\u00fc ki\u015filere bildirilmesini isteme,<\/li>\n\n\n\n<li>KVKK ve ilgili di\u011fer kanun h\u00fck\u00fcmlerine uygun olarak i\u015flenmi\u015f olmas\u0131na ra\u011fmen, i\u015flenmesini gerektiren sebeplerin ortadan kalkmas\u0131 halinde ki\u015fisel verilerinizin silinmesini veya yok edilmesini isteme ve bu kapsamda ve ki\u015fisel verilerinizin eksik veya yanl\u0131\u015f i\u015flenmi\u015f olmas\u0131 halinde yap\u0131lan i\u015flemlerin ki\u015fisel verilerinizin aktar\u0131ld\u0131\u011f\u0131 \u00fc\u00e7\u00fcnc\u00fc ki\u015filere bildirilmesini isteme,<\/li>\n\n\n\n<li>i\u015flenen verilerinizin m\u00fcnhas\u0131ran otomatik sistemler vas\u0131tas\u0131yla analiz edilmesi suretiyle ki\u015finin kendisi aleyhine bir sonucun ortaya \u00e7\u0131kmas\u0131na itiraz etme ve<\/li>\n\n\n\n<li>ki\u015fisel verilerinizin kanuna ayk\u0131r\u0131 olarak i\u015flenmesi sebebiyle zarara u\u011framas\u0131 halinde zarar\u0131n giderilmesini talep etme.<\/li>\n<\/ul>\n\n\n\n<p>Yukar\u0131da belirtilen haklar\u0131n\u0131za y\u00f6nelik ba\u015fvurular\u0131n\u0131z\u0131, Veri Sorumlusuna Ba\u015fvuru Usul ve Esaslar\u0131 Hakk\u0131nda Tebli\u011fh\u00fck\u00fcmlerine uygun \u015fekilde [yaz\u0131l\u0131 olarak veya kay\u0131tl\u0131 elektronik posta (KEP) adresi, g\u00fcvenli elektronik imza, mobil imza veya \u015eirketimize daha \u00f6nce bildirmi\u015f oldu\u011funuz ve sistemlerimizde kay\u0131tl\u0131 olan e-posta adresiniz \u00fczerinden elektronik olarak \u015eirketimizin ger\u00e7ek hak sahibi oldu\u011funuzun tespitini ger\u00e7ekle\u015ftirebilmesi amac\u0131yla kimli\u011finizi do\u011frulayan bilgilerle \/ belgelerle* (\u00f6rn. T.C. kimlik numaras\u0131 veya di\u011fer \u00fclke vatanda\u015flar\u0131 i\u00e7in pasaport numaras\u0131, tebligata esas yerle\u015fim yeri adresi \/ i\u015f yeri adresi, cep telefonu \/ telefon \/ faks numaras\u0131, e-posta adresi) birlikte)] \u015eirketimize iletebilirsiniz. Talebinizin niteli\u011fine g\u00f6re en k\u0131sa s\u00fcrede ve en ge\u00e7 30 (<em>otuz<\/em>) g\u00fcn i\u00e7inde ba\u015fvurular\u0131n\u0131z \u00fccretsiz olarak sonu\u00e7land\u0131r\u0131lacakt\u0131r; ancak i\u015flemin ayr\u0131ca bir maliyet gerektirmesi halinde Ki\u015fisel Verileri Koruma Kurulu taraf\u0131ndan belirlenecek tarifeye g\u00f6re taraf\u0131n\u0131zdan \u00fccret talep edilebilecektir.<\/p>\n\n\n\n<p>* S\u00f6z konusu belgeler kapsam\u0131nda herhangi bir \u00f6zel nitelikli ki\u015fisel veriye (\u00f6rn. \u0131rk, etnik k\u00f6ken, siyasi d\u00fc\u015f\u00fcnce, felsefi inan\u00e7, din, mezhep veya di\u011fer inan\u00e7lar, k\u0131l\u0131k ve k\u0131yafet, dernek, vak\u0131f ya da sendika \u00fcyeli\u011fi, sa\u011fl\u0131k, cinsel hayat, ceza mahk\u00fbmiyeti ve g\u00fcvenlik tedbirleri, biyometrik ve genetik veriler) yer verilmemesi gerekti\u011fini hat\u0131rlatmak isteriz.<\/p>\n","protected":false},"excerpt":{"rendered":"<p>Ki\u015fisel verileriniz, veri sorumlusu s\u0131fat\u0131yla\u015eirketimiz taraf\u0131ndan 6698 say\u0131l\u0131 Ki\u015fisel Verilerin Korunmas\u0131 Kanunu (\u201cKVKK\u201d) h\u00fck\u00fcmleri kapsam\u0131nda ve i\u015fbu \u00c7a\u011fr\u0131 Merkezi S\u00fcre\u00e7lerine \u0130li\u015fkin Ayd\u0131nlatma Metni (\u201cAyd\u0131nlatma Metni\u201d) \u00e7er\u00e7evesinde i\u015flenmektedir. \u015eirketimiz, gizlili\u011finize ve ki\u015fisel verilerinizin korunmas\u0131na ili\u015fkin haklar\u0131n\u0131za sayg\u0131 duymakta ve sizinle g\u00fcvene dayal\u0131 bir ili\u015fki kurmak ve s\u00fcrd\u00fcrmek i\u00e7in \u00e7al\u0131\u015fmaktad\u0131r. Bu kapsamda \u015eirketimiz, ki\u015fisel verilerinizi KVKK ba\u015fta [&hellip;]<\/p>\n","protected":false},"author":1,"featured_media":0,"parent":0,"menu_order":0,"comment_status":"closed","ping_status":"closed","template":"","meta":{"_acf_changed":false,"footnotes":""},"page_category":[479],"page_type":[],"class_list":["post-92716","page","type-page","status-publish","hentry","page_category-veri-koruma-ve-gizlilik"],"acf":[],"_links":{"self":[{"href":"https:\/\/hotelrunner.com\/tr\/wp-json\/wp\/v2\/pages\/92716","targetHints":{"allow":["GET"]}}],"collection":[{"href":"https:\/\/hotelrunner.com\/tr\/wp-json\/wp\/v2\/pages"}],"about":[{"href":"https:\/\/hotelrunner.com\/tr\/wp-json\/wp\/v2\/types\/page"}],"author":[{"embeddable":true,"href":"https:\/\/hotelrunner.com\/tr\/wp-json\/wp\/v2\/users\/1"}],"replies":[{"embeddable":true,"href":"https:\/\/hotelrunner.com\/tr\/wp-json\/wp\/v2\/comments?post=92716"}],"version-history":[{"count":0,"href":"https:\/\/hotelrunner.com\/tr\/wp-json\/wp\/v2\/pages\/92716\/revisions"}],"wp:attachment":[{"href":"https:\/\/hotelrunner.com\/tr\/wp-json\/wp\/v2\/media?parent=92716"}],"wp:term":[{"taxonomy":"page_category","embeddable":true,"href":"https:\/\/hotelrunner.com\/tr\/wp-json\/wp\/v2\/page_category?post=92716"},{"taxonomy":"page_type","embeddable":true,"href":"https:\/\/hotelrunner.com\/tr\/wp-json\/wp\/v2\/page_type?post=92716"}],"curies":[{"name":"wp","href":"https:\/\/api.w.org\/{rel}","templated":true}]}}