




{"id":93905,"date":"2025-02-19T10:53:46","date_gmt":"2025-02-19T10:53:46","guid":{"rendered":"https:\/\/hotelrunner.com\/?page_id=93905"},"modified":"2025-04-02T09:23:31","modified_gmt":"2025-04-02T09:23:31","slug":"talep-sikayet-oneri-aydinlatma-metni","status":"publish","type":"page","link":"https:\/\/hotelrunner.com\/tr\/talep-sikayet-oneri-aydinlatma-metni\/","title":{"rendered":"Talep \/ \u015eikayet \/ \u00d6neri S\u00fcre\u00e7lerine \u0130li\u015fkin Ayd\u0131nlatma Metni"},"content":{"rendered":"\n<h6 class=\"wp-block-heading\"><strong>1. <span style=\"text-decoration: underline;\">Veri Sorumlusu<\/span><\/strong><\/h6>\n\n\n\n<p>Ki\u015fisel verileriniz, veri sorumlusu hukuki stat\u00fcs\u00fc ile HotelRunner (\u201c<strong>\u015eirket<\/strong>\u201d) taraf\u0131ndan 6698 say\u0131l\u0131 Ki\u015fisel Verilerin Korunmas\u0131 Kanunu (\u201c<strong>KVKK<\/strong>\u201d) h\u00fck\u00fcmleri kapsam\u0131nda ve i\u015fbu Talep \/ \u015eikayet \/ \u00d6neri S\u00fcre\u00e7lerine \u0130li\u015fkin Ayd\u0131nlatma Metni (\u201c<strong>Ayd\u0131nlatma Metni<\/strong>\u201d) \u00e7er\u00e7evesinde i\u015flenmektedir. \u0130\u015fbu Ayd\u0131nlatma Metni ile \u015eirketimize iletece\u011finiz talepler, \u015fikayetler ve \u00f6neriler \u00e7er\u00e7evesinde toplanan ki\u015fisel verilerinizin hangi kapsamda i\u015flendi\u011fi a\u00e7\u0131klanmaktad\u0131r.<\/p>\n\n\n\n<h6 class=\"wp-block-heading\"><strong>2. <span style=\"text-decoration: underline;\">Ki\u015fisel Verilerinizin Toplanma Y\u00f6ntemleri<\/span><\/strong><\/h6>\n\n\n\n<p>Ki\u015fisel verileriniz, \u015eirketimiz taraf\u0131ndan tamamen veya k\u0131smen otomatik olan ya da herhangi bir veri kay\u0131t sisteminin par\u00e7as\u0131 olmak kayd\u0131yla otomatik olmayan yollarla, fiziki ve\/veya elektronik ortamlardan \u015eirketimizin internet siteleri, mobil uygulamalar\u0131, ve s\u00f6z konusu kanallarda yer alanlar dahil olmak \u00fczere dijital asistan (chatbot), matbu formlar, \u015eirketimizin genel merkez dan\u0131\u015fma bankolar\u0131, e-posta, SMS, telefon, faks, talep \/ \u015fikayet \/ \u00f6neri platformlar\u0131, kargo \/ posta, \u00e7evrim i\u00e7i g\u00f6r\u00fc\u015fme \/ ileti\u015fim platformlar\u0131, sosyal medya platformlar\u0131,<strong> <\/strong>\u015eirket bili\u015fim teknolojileri sistemleri, \u015eirket i\u00e7i entegre sistemler ve yetkili kamu kurum ve kurulu\u015flar\u0131 ve \u00f6zel kurulu\u015flar ile olan entegre sistemler ile bunlara ileride eklenebilecek sair y\u00f6ntemler (kanallar) vas\u0131tas\u0131yla toplanmaktad\u0131r.<\/p>\n\n\n\n<h6 class=\"wp-block-heading\"><strong>3. <span style=\"text-decoration: underline;\">\u0130\u015flenen Ki\u015fisel Veri Kategorileriniz, Ki\u015fisel Verilerinizin Toplanmas\u0131n\u0131n ve \u0130\u015flenmesinin Ama\u00e7lar\u0131 ile Hukuki Sebepleri<\/span><\/strong><\/h6>\n\n\n\n<p>Talep \/ \u015fikayet \/ \u00f6neri s\u00fcre\u00e7leri kapsam\u0131nda i\u015flenen ki\u015fisel veri kategorileriniz, ilgili ki\u015fisel verilerinizin toplanmas\u0131n\u0131n ve i\u015flenmesinin ama\u00e7lar\u0131 ile hukuki sebepleri a\u015fa\u011f\u0131daki tabloda detayl\u0131 \u015fekilde a\u00e7\u0131klanmaktad\u0131r.<\/p>\n\n\n\n<figure class=\"wp-block-table\"><table class=\"has-fixed-layout\"><tbody><tr><td><strong>Ki\u015fisel Veri Kategorileri<\/strong><\/td><td><strong>Veri \u0130\u015fleme Ama\u00e7lar\u0131<\/strong><\/td><td><strong>Veri \u0130\u015flemenin Hukuki Sebepleri<\/strong><\/td><\/tr><tr><td><ul><li><strong>Kimlik Verisi<\/strong> (<em>\u00f6rn. ad-soyad\u0131<\/em>)<\/li><li><strong>\u0130leti\u015fim Verisi<\/strong> (<em>\u00f6rn. e-posta adresi, cep telefonu numaras\u0131, adres<\/em>)<\/li><li><strong>Talep \/ \u015eikayet \/ \u00d6neri Verisi<\/strong> (<em>\u00f6rn. talep ve \u015fikayet bilgisi<\/em>)<\/li><li><strong>Hukuki \u0130\u015flem Verisi<\/strong> (<em>\u00f6rn. ayd\u0131nlatma metninin okundu\u011funa y\u00f6nelik kay\u0131tlar<\/em>)<\/li><\/ul><\/td><td>&#8211; Kanunlarda a\u00e7\u0131k\u00e7a \u00f6ng\u00f6r\u00fclen yasal y\u00fck\u00fcml\u00fcl\u00fcklerin yerine getirilmesi (\u00f6rn. ilgili ki\u015fi ba\u015fvurular\u0131n\u0131n al\u0131nmas\u0131 ve de\u011ferlendirilmesi) ve<br>&#8211; Saklama ve ar\u015fiv faaliyetlerinin y\u00fcr\u00fct\u00fclmesi.<\/td><td>&#8211; KVKK\u2019n\u0131n 5\/2(a) madde h\u00fckm\u00fc uyar\u0131nca kanunlarda a\u00e7\u0131k\u00e7a \u00f6ng\u00f6r\u00fclmesi<\/td><\/tr><tr><td><ul><li><strong>Kimlik Verisi<\/strong> (<em>\u00f6rn. ad-soyad\u0131<\/em>)<\/li><li><strong>\u0130leti\u015fim Verisi<\/strong> (<em>\u00f6rn. e-posta adresi, cep telefonu numaras\u0131, adres<\/em>)<\/li><li><strong>M\u00fc\u015fteri \u0130\u015flem Verisi<\/strong> (<em>yaln\u0131zca m\u00fc\u015fterimiz olman\u0131z halinde) (\u00f6rn. talep\/\u015fikayet\/\u00f6neriye konu \u00fcr\u00fcn \/ hizmete ili\u015fkin bilgiler<\/em>)<\/li><li><strong>Finans Verisi<\/strong> (<em>\u00f6rn. banka hesap bilgisi<\/em>)<\/li><li><strong>Talep \/ \u015eikayet \/ \u00d6neri Verisi<\/strong> (<em>\u00f6rn. talep ve \u015fikayet bilgisi<\/em>)<\/li><li><strong>Hukuki \u0130\u015flem Verisi<\/strong> (<em>\u00f6rn. ayd\u0131nlatma metninin okundu\u011funa y\u00f6nelik kay\u0131tlar<\/em>)<\/li><li><strong>\u0130\u015flem G\u00fcvenli\u011fi Verisi<\/strong> (<em>\u00f6rn. IP adresi, onay log kay\u0131tlar\u0131, WhatsApp kullan\u0131c\u0131 ad\u0131<\/em>)<\/li><\/ul><\/td><td>&#8211; Mal \/ hizmet sat\u0131\u015f sonras\u0131 destek hizmetlerinin y\u00fcr\u00fct\u00fclmesi kapsam\u0131nda talep, \u015fikayet ve\/veya \u00f6nerilerini ileten ilgili ki\u015filer ile gerekli ileti\u015fimlerin y\u00fcr\u00fct\u00fclmesi,<br>&#8211; Denetim ve i\u00e7 denetim ile raporlama faaliyetlerinin planlanmas\u0131 ve ger\u00e7ekle\u015ftirilmesi,<br>&#8211; Etik, ihbar ile inceleme ve suistimal s\u00fcre\u00e7lerinin y\u00fcr\u00fct\u00fclmesi,<br>&#8211; \u0130\u015f faaliyetlerinin y\u00fcr\u00fct\u00fclmesi ve s\u00fcreklili\u011finin sa\u011flanmas\u0131,<br>&#8211; Bilgi g\u00fcvenli\u011fi s\u00fcre\u00e7lerinin y\u00fcr\u00fct\u00fclmesi ve<br>&#8211; Saklama ve ar\u015fiv faaliyetlerinin y\u00fcr\u00fct\u00fclmesi.<\/td><td>&#8211; KVKK\u2019n\u0131n 5\/2(c) madde h\u00fckm\u00fc uyar\u0131nca bir s\u00f6zle\u015fmenin kurulmas\u0131 veya ifas\u0131yla do\u011frudan do\u011fruya ilgili olmas\u0131 kayd\u0131yla, s\u00f6zle\u015fmenin taraflar\u0131na ait ki\u015fisel verilerin i\u015flenmesinin gerekli olmas\u0131<\/td><\/tr><tr><td><ul><li><strong>Kimlik Verisi<\/strong> (<em>\u00f6rn. ad-soyad\u0131<\/em>)<\/li><li><strong>\u0130leti\u015fim Verisi<\/strong> (<em>\u00f6rn. e-posta adresi, cep telefonu numaras\u0131, adres<\/em>)<\/li><li><strong>Talep \/ \u015eikayet \/ \u00d6neri Verisi<\/strong> (<em>\u00f6rn. talep ve \u015fikayet bilgisi<\/em>)<\/li><li><strong>Hukuki \u0130\u015flem Verisi<\/strong> (<em>\u00f6rn. ayd\u0131nlatma metninin okundu\u011funa y\u00f6nelik kay\u0131tlar<\/em>)<\/li><li><strong>\u0130\u015flem G\u00fcvenli\u011fi Verisi<\/strong> (<em>\u00f6rn. IP adresi, onay log kay\u0131tlar\u0131<\/em>)<\/li><\/ul><\/td><td>&#8211; Yasal y\u00fck\u00fcml\u00fcl\u00fcklerin yerine getirilmesi ve<br>&#8211; Saklama ve ar\u015fiv faaliyetlerinin y\u00fcr\u00fct\u00fclmesi.<\/td><td>&#8211; KVKK\u2019n\u0131n 5\/2(\u00e7) madde h\u00fckm\u00fc uyar\u0131nca veri sorumlusunun hukuki y\u00fck\u00fcml\u00fcl\u00fc\u011f\u00fcn\u00fc yerine getirebilmesi i\u00e7in zorunlu olmas\u0131<\/td><\/tr><tr><td><ul><li><strong>Kimlik Verisi<\/strong> (<em>\u00f6rn. ad-soyad\u0131<\/em>)<\/li><li><strong>\u0130leti\u015fim Verisi<\/strong> (<em>\u00f6rn. e-posta adresi, cep telefonu numaras\u0131, adres<\/em>)<\/li><li><strong>M\u00fc\u015fteri \u0130\u015flem Verisi<\/strong> (<em>yaln\u0131zca m\u00fc\u015fterimiz olman\u0131z halinde) (\u00f6rn. talep\/\u015fikayet\/\u00f6neriye konu \u00fcr\u00fcn \/ hizmete ili\u015fkin bilgiler<\/em>)<\/li><li><strong>Finans Verisi<\/strong> (<em>\u00f6rn. banka hesap bilgisi<\/em>)<\/li><li><strong>Talep \/ \u015eikayet \/ \u00d6neri Verisi<\/strong> (<em>\u00f6rn. talep ve \u015fikayet bilgisi<\/em>)<\/li><li><strong>G\u00f6rsel ve \u0130\u015fitsel Veri<\/strong> (<em>\u00f6rn. ses kay\u0131tlar\u0131<\/em>)<\/li><li><strong>Hukuki \u0130\u015flem Verisi<\/strong> (<em>\u00f6rn. ayd\u0131nlatma metninin okundu\u011funa y\u00f6nelik kay\u0131tlar<\/em>)<\/li><li><strong>\u0130\u015flem G\u00fcvenli\u011fi Verisi<\/strong> (<em>\u00f6rn. IP adresi, onay log kay\u0131tlar\u0131, WhatsApp kullan\u0131c\u0131 ad\u0131<\/em>)<\/li><\/ul><\/td><td>&#8211; \u015eirketimizin taraf oldu\u011fu ve\/veya ili\u015fkili oldu\u011fu olas\u0131 uyu\u015fmazl\u0131k i\u015flemlerinde \u015eirketimiz haklar\u0131n\u0131n ve menfaatlerinin tesisi ve korunmas\u0131,<br>&#8211; \u015eirketimizin taraf oldu\u011fu ve\/veya ili\u015fkili oldu\u011fu uyu\u015fmazl\u0131k i\u015flemlerinin y\u00fcr\u00fct\u00fclmesi de dahil hukuk ve dan\u0131\u015fmanl\u0131k i\u015flerinin planlanmas\u0131 ve y\u00fcr\u00fct\u00fclmesi ve<br>&#8211; Saklama ve ar\u015fiv faaliyetlerinin y\u00fcr\u00fct\u00fclmesi.<\/td><td>&#8211; KVKK\u2019n\u0131n 5\/2(e) madde h\u00fckm\u00fc uyar\u0131nca bir hakk\u0131n tesisi, kullan\u0131lmas\u0131 veya korunmas\u0131 i\u00e7in veri i\u015flemenin zorunlu olmas\u0131<\/td><\/tr><tr><td><ul><li><strong>Kimlik Verisi<\/strong> (<em>\u00f6rn. ad-soyad\u0131<\/em>)<\/li><li><strong>\u0130leti\u015fim Verisi<\/strong> (<em>\u00f6rn. e-posta adresi, cep telefonu numaras\u0131, adres<\/em>)<\/li><li><strong>Talep \/ \u015eikayet \/ \u00d6neri Verisi<\/strong> (<em>\u00f6rn. talep ve \u015fikayet bilgisi<\/em>)<\/li><li><strong>G\u00f6rsel ve \u0130\u015fitsel Veri<\/strong> (<em>\u00f6rn. ses kay\u0131tlar\u0131<\/em>)<\/li><li><strong>Hukuki \u0130\u015flem Verisi<\/strong> (<em>\u00f6rn. ayd\u0131nlatma metninin okundu\u011funa y\u00f6nelik kay\u0131tlar<\/em>)<\/li><li><strong>M\u00fc\u015fteri \u0130\u015flem Verisi<\/strong> (<em>yaln\u0131zca m\u00fc\u015fterimiz olman\u0131z halinde) (\u00f6rn. talep\/\u015fikayet\/\u00f6neriye konu \u00fcr\u00fcn \/ hizmete ili\u015fkin bilgiler<\/em>)<\/li><li><strong>\u0130\u015flem G\u00fcvenli\u011fi Verisi<\/strong> (<em>\u00f6rn. IP adresi, onay log kay\u0131tlar\u0131, WhatsApp kullan\u0131c\u0131 ad\u0131<\/em>)<\/li><\/ul><\/td><td>&#8211; Talep, \u015fikayet ve\/veya \u00f6nerilerin al\u0131nmas\u0131, de\u011ferlendirilmesi ve sonu\u00e7land\u0131r\u0131lmas\u0131,<br>&#8211; Talep \/ \u015fikayet \/ \u00f6neri sahibi deneyiminin iyile\u015ftirilmesi,<br>&#8211; \u015eirketimize ait \u00fcr\u00fcn \/ hizmet \/ s\u00fcre\u00e7 iyile\u015ftirme ad\u0131na geri bildirimlerin al\u0131nmas\u0131 ve de\u011ferlendirilmesi de dahil kalite standartlar\u0131n\u0131n y\u00f6netilmesi,<br>&#8211; Denetim ve i\u00e7 denetim ile raporlama faaliyetlerinin planlanmas\u0131 ve ger\u00e7ekle\u015ftirilmesi,<br>&#8211; Etik, ihbar ile inceleme ve suistimal s\u00fcre\u00e7lerinin y\u00fcr\u00fct\u00fclmesi,<br>&#8211; \u0130\u015f faaliyetlerinin y\u00fcr\u00fct\u00fclmesi ve s\u00fcreklili\u011finin sa\u011flanmas\u0131,<br>&#8211; Bilgi g\u00fcvenli\u011fi s\u00fcre\u00e7lerinin y\u00fcr\u00fct\u00fclmesi ve<br>&#8211; Saklama ve ar\u015fiv faaliyetlerinin y\u00fcr\u00fct\u00fclmesi.<\/td><td>&#8211; KVKK\u2019n\u0131n 5\/2(f) madde h\u00fckm\u00fc uyar\u0131nca ilgili ki\u015finin temel hak ve \u00f6zg\u00fcrl\u00fcklerine zarar vermemek kayd\u0131yla, veri sorumlusunun me\u015fru menfaatleri i\u00e7in veri i\u015flenmesinin zorunlu olmas\u0131<\/td><\/tr><\/tbody><\/table><\/figure>\n\n\n\n<h6 class=\"wp-block-heading\"><strong>4. <span style=\"text-decoration: underline;\">Ki\u015fisel Verilerinizin Payla\u015f\u0131lmas\u0131 \/ Aktar\u0131lmas\u0131<\/span><\/strong><\/h6>\n\n\n\n<p>Yukar\u0131da belirtilen her bir ki\u015fisel veri kategorisi kapsam\u0131nda toplanan ve i\u015flenen ki\u015fisel verileriniz, a\u015fa\u011f\u0131daki tabloda belirtilen ama\u00e7larla ve KVKK\u2019n\u0131n 8\u2019inci ve 9\u2019uncu madde h\u00fck\u00fcmlerine istinaden ki\u015fisel veri i\u015fleme \u015fartlar\u0131na dayal\u0131 olarak a\u015fa\u011f\u0131daki al\u0131c\u0131 gruplar\u0131 ile payla\u015f\u0131labilecektir ve\/veya s\u00f6z konusu al\u0131c\u0131 gruplar\u0131na aktar\u0131labilecektir:<\/p>\n\n\n\n<figure class=\"wp-block-table\"><table class=\"has-fixed-layout\"><tbody><tr><td><strong>Al\u0131c\u0131 Grubu<\/strong><\/td><td><strong>Aktar\u0131m Ama\u00e7lar\u0131<\/strong><\/td><td><strong>Ki\u015fisel Veri Kategorisi<\/strong><\/td><td><strong>Aktar\u0131m\u0131n Hukuki Sebebi<\/strong><\/td><\/tr><tr><td>Hizmet sa\u011flay\u0131c\u0131 olarak hareket eden topluluk \u015firketlerimizin de dahil oldu\u011fu yurt i\u00e7inde ve\/veya yurt d\u0131\u015f\u0131nda yerle\u015fik <em><strong>tedarik\u00e7iler<\/strong><\/em> <em>(\u00f6rn. \u00e7evrim i\u00e7i g\u00f6r\u00fc\u015fme \/ ileti\u015fim, m\u00fc\u015fteri ili\u015fkileri y\u00f6netim, ihtiyari denetim, bili\u015fim teknolojileri ve veri bar\u0131nd\u0131rma hizmet sa\u011flay\u0131c\u0131lar\u0131)<\/em><\/td><td>\u0130\u015f faaliyetlerinin y\u00fcr\u00fct\u00fclmesi, denetlenmesi ve s\u00fcreklili\u011finin sa\u011flanmas\u0131 kapsam\u0131nda \u00fcr\u00fcn ve\/veya hizmet temin edilmesi<\/td><td>\n          <ul>\n            <li>Kimlik<\/li>\n            <li>\u0130leti\u015fim<\/li>\n            <li>G\u00f6rsel ve \u0130\u015fitsel<\/li>\n            <li>M\u00fc\u015fteri \u0130\u015flem<\/li>\n            <li>Talep \/ \u015eikayet \/ \u00d6neri<\/li>\n            <li>Finans<\/li>\n            <li>\u0130\u015flem G\u00fcvenli\u011fi<\/li>\n            <li>Hukuki \u0130\u015flem<\/li>\n          <\/ul>\n        <\/td><td rowspan=\"3\">&#8211; KVKK\u2019n\u0131n 5\u2019inci maddesinin 2\u2019nci f\u0131kras\u0131n\u0131n (f) bendi uyar\u0131nca ilgili ki\u015finin temel hak ve \u00f6zg\u00fcrl\u00fcklerine zarar vermemek kayd\u0131yla, veri sorumlusunun me\u015fru menfaatleri i\u00e7in veri i\u015flenmesinin zorunlu olmas\u0131<\/td><\/tr><tr><td>Yurt i\u00e7inde ve\/veya yurt d\u0131\u015f\u0131nda yerle\u015fik <em><strong>i\u015f ortaklar\u0131<\/strong><\/em><\/td><td>\u015eirket faaliyetlerinin y\u00fcr\u00fct\u00fclmesi, i\u015f s\u00fcreklili\u011finin sa\u011flanmas\u0131 ve i\u015f birliklerinin kurulmas\u0131 kapsam\u0131nda hizmet temin edilmesi<\/td><td>\n          <ul>\n            <li>Kimlik<\/li>\n            <li>\u0130leti\u015fim<\/li>\n            <li>M\u00fc\u015fteri \u0130\u015flem<\/li>\n            <li>Talep \/ \u015eikayet \/ \u00d6neri<\/li>\n            <li>G\u00f6rsel ve \u0130\u015fitsel<\/li>\n          <\/ul>\n        <\/td><\/tr><tr><td>Yurt i\u00e7inde ve\/veya yurt d\u0131\u015f\u0131nda yerle\u015fik <em><strong>talep \/ \u015fikayet \/ \u00f6neri platformlar\u0131<\/strong><\/em><\/td><td>Talep, \u015fikayet ve \u00f6nerilerinizin toplanmas\u0131, de\u011ferlendirilmesi ve sonu\u00e7land\u0131r\u0131lmas\u0131 kapsam\u0131nda hizmet temin edilmesi<\/td><td>\n          <ul>\n            <li>Kimlik<\/li>\n            <li>\u0130leti\u015fim<\/li>\n            <li>M\u00fc\u015fteri i\u015flem<\/li>\n            <li>Talep \/ \u015eikayet \/ \u00d6neri<\/li>\n          <\/ul>\n        <\/td><\/tr><tr><td rowspan=\"2\">Yurt i\u00e7inde yerle\u015fik <em><strong>avukatlar ve avukatl\u0131k ortakl\u0131klar\u0131<\/strong><\/em><\/td><td rowspan=\"2\">\u015eirketimizin taraf oldu\u011fu ve\/veya ili\u015fkili oldu\u011fu olas\u0131 uyu\u015fmazl\u0131k i\u015flemlerinde \u015eirketimiz haklar\u0131n\u0131n ve menfaatlerinin tesisi ve korunmas\u0131 dahil hukuk ve dan\u0131\u015fmanl\u0131k i\u015flerinin y\u00fcr\u00fct\u00fclmesi kapsam\u0131nda hizmet temin edilmesi<\/td><td rowspan=\"2\">\n          <ul>\n            <li>Kimlik<\/li>\n            <li>\u0130leti\u015fim<\/li>\n            <li>G\u00f6rsel ve \u0130\u015fitsel<\/li>\n            <li>M\u00fc\u015fteri \u0130\u015flem<\/li>\n            <li>Finans<\/li>\n            <li>Talep \/ \u015eikayet \/ \u00d6neri<\/li>\n            <li>\u0130\u015flem G\u00fcvenli\u011fi<\/li>\n            <li>Hukuki \u0130\u015flem<\/li>\n          <\/ul>\n        <\/td><td>&#8211; KVKK\u2019n\u0131n 5\u2019inci maddesinin 2\u2019nci f\u0131kras\u0131n\u0131n (e) bendi uyar\u0131nca bir hakk\u0131n tesisi, kullan\u0131lmas\u0131 veya korunmas\u0131 i\u00e7in veri i\u015flemenin zorunlu olmas\u0131 ile<\/td><\/tr><tr><td>&#8211; KVKK\u2019n\u0131n 5\u2019inci maddesinin 2\u2019nci f\u0131kras\u0131n\u0131n (f) bendi uyar\u0131nca ilgili ki\u015finin temel hak ve \u00f6zg\u00fcrl\u00fcklerine zarar vermemek kayd\u0131yla, veri sorumlusunun me\u015fru menfaatleri i\u00e7in veri i\u015flenmesinin zorunlu olmas\u0131<\/td><\/tr><tr><td>Yurt i\u00e7inde yerle\u015fik <em><strong>yetkili kamu kurum ve kurulu\u015flar\u0131<\/strong><\/em> <em>(\u00f6rn. mahkemeler)<\/em><\/td><td>\u015eirketimizin hukuki y\u00fck\u00fcml\u00fcklerinin yerine getirilmesi ile hukuk i\u015flerinin takibi kapsam\u0131nda bilgi \/ belge payla\u015f\u0131mlar\u0131n\u0131n yap\u0131lmas\u0131<\/td><td>\n          <ul>\n            <li>Kimlik<\/li>\n            <li>\u0130leti\u015fim<\/li>\n            <li>G\u00f6rsel ve \u0130\u015fitsel<\/li>\n            <li>M\u00fc\u015fteri \u0130\u015flem<\/li>\n            <li>Finans<\/li>\n            <li>Talep \/ \u015eikayet \/ \u00d6neri<\/li>\n            <li>\u0130\u015flem G\u00fcvenli\u011fi<\/li>\n            <li>Hukuki \u0130\u015flem<\/li>\n          <\/ul>\n        <\/td><td>\n          &#8211; KVKK\u2019n\u0131n 5\u2019inci maddesinin 2\u2019nci f\u0131kras\u0131n\u0131n (\u00e7) bendi uyar\u0131nca veri sorumlusunun hukuki y\u00fck\u00fcml\u00fcl\u00fc\u011f\u00fcn\u00fc yerine getirebilmesi i\u00e7in zorunlu olmas\u0131 ile<br>\n          &#8211; KVKK\u2019n\u0131n 5\u2019inci maddesinin 2\u2019nci f\u0131kras\u0131n\u0131n (e) bendi uyar\u0131nca bir hakk\u0131n tesisi, kullan\u0131lmas\u0131 veya korunmas\u0131 i\u00e7in veri i\u015flemenin zorunlu olmas\u0131\n        <\/td><\/tr><\/tbody><\/table><\/figure>\n\n\n\n<h6 class=\"wp-block-heading\"><strong>5. <span style=\"text-decoration: underline;\">KVKK Kapsam\u0131nda Haklar\u0131n\u0131z<\/span><\/strong><\/h6>\n\n\n\n<p>\u0130lgili ki\u015fi olarak KVKK\u2019n\u0131n 11\u2019inci maddesi kapsam\u0131ndaki haklara sahip oldu\u011funuzu bildiririz. S\u00f6z konusu haklar\u0131n\u0131za y\u00f6nelik ba\u015fvurular\u0131n\u0131z\u0131, <a href=\"https:\/\/www.resmigazete.gov.tr\/eskiler\/2018\/03\/20180310-6.htm\" rel=\"nofollow noopener\" target=\"_blank\">Veri Sorumlusuna Ba\u015fvuru Usul ve Esaslar\u0131 Hakk\u0131nda Tebli\u011f<\/a> h\u00fck\u00fcmlerine uygun \u015fekilde [yaz\u0131l\u0131 olarak veya kay\u0131tl\u0131 elektronik posta (KEP) adresi, g\u00fcvenli elektronik imza, mobil imza veya \u015eirketimize daha \u00f6nce bildirmi\u015f oldu\u011funuz ve sistemlerimizde kay\u0131tl\u0131 olan e-posta adresiniz \u00fczerinden elektronik olarak \u015eirketimizin ger\u00e7ek hak sahibi oldu\u011funuzun tespitini ger\u00e7ekle\u015ftirebilmesi amac\u0131yla kimli\u011finizi do\u011frulayan bilgilerle \/ belgelerle* (\u00f6rn. T.C. kimlik numaras\u0131 veya di\u011fer \u00fclke vatanda\u015flar\u0131 i\u00e7in pasaport numaras\u0131, tebligata esas yerle\u015fim yeri adresi \/ i\u015f yeri adresi, cep telefonu \/ telefon \/ faks numaras\u0131, e-posta adresi) birlikte)] \u015eirketimize iletebilirsiniz. Talebinizin niteli\u011fine g\u00f6re en k\u0131sa s\u00fcrede ve en ge\u00e7 30 (<em>otuz<\/em>) g\u00fcn i\u00e7inde ba\u015fvurular\u0131n\u0131z \u00fccretsiz olarak sonu\u00e7land\u0131r\u0131lacakt\u0131r; ancak i\u015flemin ayr\u0131ca bir maliyet gerektirmesi halinde Ki\u015fisel Verileri Koruma Kurulu taraf\u0131ndan belirlenecek tarifeye g\u00f6re taraf\u0131n\u0131zdan \u00fccret talep edilebilecektir.<\/p>\n\n\n\n<figure class=\"wp-block-table is-style-regular\"><table><tbody><tr><td><strong>Posta Adresi<\/strong><\/td><td>:<\/td><td>hotelrunner@hs01.kep.tr<\/td><\/tr><tr><td><strong>E-Posta Adresi<\/strong><\/td><td>:<\/td><td><a href=\"mailto:dataprivacy@hotelrunner.com\">dataprivacy@hotelrunner.com<\/a> &nbsp;<\/td><\/tr><\/tbody><\/table><\/figure>\n\n\n\n<p>* S\u00f6z konusu belgeler kapsam\u0131nda ve \u015eirketimiz\u2019e iletece\u011finiz talepleriniz, \u015fikayetleriniz veya \u00f6nerileriniz kapsam\u0131nda herhangi bir \u00f6zel nitelikli ki\u015fisel veriye (\u00f6rn. \u0131rk, etnik k\u00f6ken, siyasi d\u00fc\u015f\u00fcnce, felsefi inan\u00e7, din, mezhep veya di\u011fer inan\u00e7lar, k\u0131l\u0131k ve k\u0131yafet, dernek, vak\u0131f ya da sendika \u00fcyeli\u011fi, sa\u011fl\u0131k, cinsel hayata ili\u015fkin veriler, ceza mahkumiyeti ve g\u00fcvenlik tedbirleriyle ilgili veriler, biyometrik ve genetik veriler.) yer verilmemesi gerekti\u011fini \u00f6nemle hat\u0131rlatmak isteriz.<\/p>\n\n\n\n<p><\/p>\n","protected":false},"excerpt":{"rendered":"<p>1. Veri Sorumlusu Ki\u015fisel verileriniz, veri sorumlusu hukuki stat\u00fcs\u00fc ile HotelRunner (\u201c\u015eirket\u201d) taraf\u0131ndan 6698 say\u0131l\u0131 Ki\u015fisel Verilerin Korunmas\u0131 Kanunu (\u201cKVKK\u201d) h\u00fck\u00fcmleri kapsam\u0131nda ve i\u015fbu Talep \/ \u015eikayet \/ \u00d6neri S\u00fcre\u00e7lerine \u0130li\u015fkin Ayd\u0131nlatma Metni (\u201cAyd\u0131nlatma Metni\u201d) \u00e7er\u00e7evesinde i\u015flenmektedir. \u0130\u015fbu Ayd\u0131nlatma Metni ile \u015eirketimize iletece\u011finiz talepler, \u015fikayetler ve \u00f6neriler \u00e7er\u00e7evesinde toplanan ki\u015fisel verilerinizin hangi kapsamda i\u015flendi\u011fi a\u00e7\u0131klanmaktad\u0131r. [&hellip;]<\/p>\n","protected":false},"author":7,"featured_media":0,"parent":0,"menu_order":0,"comment_status":"closed","ping_status":"closed","template":"","meta":{"_acf_changed":false,"footnotes":"[]"},"page_category":[479],"page_type":[],"class_list":["post-93905","page","type-page","status-publish","hentry","page_category-veri-koruma-ve-gizlilik"],"acf":[],"_links":{"self":[{"href":"https:\/\/hotelrunner.com\/tr\/wp-json\/wp\/v2\/pages\/93905","targetHints":{"allow":["GET"]}}],"collection":[{"href":"https:\/\/hotelrunner.com\/tr\/wp-json\/wp\/v2\/pages"}],"about":[{"href":"https:\/\/hotelrunner.com\/tr\/wp-json\/wp\/v2\/types\/page"}],"author":[{"embeddable":true,"href":"https:\/\/hotelrunner.com\/tr\/wp-json\/wp\/v2\/users\/7"}],"replies":[{"embeddable":true,"href":"https:\/\/hotelrunner.com\/tr\/wp-json\/wp\/v2\/comments?post=93905"}],"version-history":[{"count":0,"href":"https:\/\/hotelrunner.com\/tr\/wp-json\/wp\/v2\/pages\/93905\/revisions"}],"wp:attachment":[{"href":"https:\/\/hotelrunner.com\/tr\/wp-json\/wp\/v2\/media?parent=93905"}],"wp:term":[{"taxonomy":"page_category","embeddable":true,"href":"https:\/\/hotelrunner.com\/tr\/wp-json\/wp\/v2\/page_category?post=93905"},{"taxonomy":"page_type","embeddable":true,"href":"https:\/\/hotelrunner.com\/tr\/wp-json\/wp\/v2\/page_type?post=93905"}],"curies":[{"name":"wp","href":"https:\/\/api.w.org\/{rel}","templated":true}]}}